{"id":10753,"date":"2022-12-12T09:58:38","date_gmt":"2022-12-12T08:58:38","guid":{"rendered":"https:\/\/atlanticwatches.ch\/shop\/non class\u00e9\/seabase-chronograph-nm-noir-acier\/"},"modified":"2022-12-12T09:58:38","modified_gmt":"2022-12-12T08:58:38","slug":"seabase-chronograph-nm-noir-acier","status":"publish","type":"product","link":"https:\/\/atlanticwatches.ch\/fr\/shop\/montres-pour-hommes\/seabase-fr\/chronographe-seabase\/seabase-chronograph-nm-noir-acier\/","title":{"rendered":"Seabase Chronograph NM | Noir\/Acier"},"content":{"rendered":"","protected":false},"excerpt":{"rendered":"<p>Atlantic Seabase Chronograph NM est une collection tr\u00e8s populaire qui comprend des mod\u00e8les intemporels avec une touche sportive, combinant les fonctionnalit\u00e9s d&rsquo;un chronographe, des mat\u00e9riaux de qualit\u00e9 et la pr\u00e9cision.<\/p>\n","protected":false},"featured_media":10754,"template":"","meta":[],"product_brand":[],"product_cat":[1138,1275,1280,1150],"product_tag":[],"class_list":{"0":"post-10753","1":"product","2":"type-product","3":"status-publish","4":"has-post-thumbnail","6":"product_cat-montres-pour-hommes","7":"product_cat-seabase-fr","8":"product_cat-chronographe-seabase","9":"product_cat-montres-a-quartz","11":"first","12":"instock","13":"shipping-taxable","14":"purchasable","15":"product-type-simple"},"_links":{"self":[{"href":"https:\/\/atlanticwatches.ch\/fr\/wp-json\/wp\/v2\/product\/10753","targetHints":{"allow":["GET"]}}],"collection":[{"href":"https:\/\/atlanticwatches.ch\/fr\/wp-json\/wp\/v2\/product"}],"about":[{"href":"https:\/\/atlanticwatches.ch\/fr\/wp-json\/wp\/v2\/types\/product"}],"wp:featuredmedia":[{"embeddable":true,"href":"https:\/\/atlanticwatches.ch\/fr\/wp-json\/wp\/v2\/media\/10754"}],"wp:attachment":[{"href":"https:\/\/atlanticwatches.ch\/fr\/wp-json\/wp\/v2\/media?parent=10753"}],"wp:term":[{"taxonomy":"product_brand","embeddable":true,"href":"https:\/\/atlanticwatches.ch\/fr\/wp-json\/wp\/v2\/product_brand?post=10753"},{"taxonomy":"product_cat","embeddable":true,"href":"https:\/\/atlanticwatches.ch\/fr\/wp-json\/wp\/v2\/product_cat?post=10753"},{"taxonomy":"product_tag","embeddable":true,"href":"https:\/\/atlanticwatches.ch\/fr\/wp-json\/wp\/v2\/product_tag?post=10753"}],"curies":[{"name":"wp","href":"https:\/\/api.w.org\/{rel}","templated":true}]}}