{"id":10724,"date":"2022-12-13T14:47:51","date_gmt":"2022-12-13T13:47:51","guid":{"rendered":"https:\/\/atlanticwatches.ch\/shop\/non class\u00e9\/worldmaster-heritage-regulator-anthracite-cuir\/"},"modified":"2022-12-13T14:47:51","modified_gmt":"2022-12-13T13:47:51","slug":"worldmaster-heritage-regulator-anthracite-cuir","status":"publish","type":"product","link":"https:\/\/atlanticwatches.ch\/fr\/shop\/montres-pour-hommes\/worldmaster\/heritage-regulator\/worldmaster-heritage-regulator-anthracite-cuir\/","title":{"rendered":"Worldmaster Heritage Regulator | Anthracite\/cuir"},"content":{"rendered":"","protected":false},"excerpt":{"rendered":"<p><strong>Une montre r\u00e9gulateur unique au design \u00e9poustouflant.<\/strong><\/p>\n<p>Ce nouveau mod\u00e8le a \u00e9t\u00e9 con\u00e7u et d\u00e9velopp\u00e9 avec beaucoup d&rsquo;amour du d\u00e9tail. Cette montre automatique Swiss Made \u00e9tonne par son design unique et sa qualit\u00e9. <\/p>\n<p>Disponible en quatre versions diff\u00e9rentes. D\u00e9couvrez la collection compl\u00e8te d\u00e8s maintenant. <\/p>\n","protected":false},"featured_media":10725,"template":"","meta":[],"product_brand":[],"product_cat":[1138,1249,1271,1188],"product_tag":[],"class_list":{"0":"post-10724","1":"product","2":"type-product","3":"status-publish","4":"has-post-thumbnail","6":"product_cat-montres-pour-hommes","7":"product_cat-worldmaster","8":"product_cat-heritage-regulator","9":"product_cat-montres-automatiques","11":"first","12":"instock","13":"shipping-taxable","14":"purchasable","15":"product-type-simple"},"_links":{"self":[{"href":"https:\/\/atlanticwatches.ch\/fr\/wp-json\/wp\/v2\/product\/10724","targetHints":{"allow":["GET"]}}],"collection":[{"href":"https:\/\/atlanticwatches.ch\/fr\/wp-json\/wp\/v2\/product"}],"about":[{"href":"https:\/\/atlanticwatches.ch\/fr\/wp-json\/wp\/v2\/types\/product"}],"wp:featuredmedia":[{"embeddable":true,"href":"https:\/\/atlanticwatches.ch\/fr\/wp-json\/wp\/v2\/media\/10725"}],"wp:attachment":[{"href":"https:\/\/atlanticwatches.ch\/fr\/wp-json\/wp\/v2\/media?parent=10724"}],"wp:term":[{"taxonomy":"product_brand","embeddable":true,"href":"https:\/\/atlanticwatches.ch\/fr\/wp-json\/wp\/v2\/product_brand?post=10724"},{"taxonomy":"product_cat","embeddable":true,"href":"https:\/\/atlanticwatches.ch\/fr\/wp-json\/wp\/v2\/product_cat?post=10724"},{"taxonomy":"product_tag","embeddable":true,"href":"https:\/\/atlanticwatches.ch\/fr\/wp-json\/wp\/v2\/product_tag?post=10724"}],"curies":[{"name":"wp","href":"https:\/\/api.w.org\/{rel}","templated":true}]}}