{"id":10711,"date":"2023-04-06T15:17:51","date_gmt":"2023-04-06T13:17:51","guid":{"rendered":"https:\/\/atlanticwatches.ch\/shop\/non class\u00e9\/timeroy-chrono-ne-noir-acier\/"},"modified":"2023-04-06T15:17:51","modified_gmt":"2023-04-06T13:17:51","slug":"timeroy-chrono-ne-noir-acier","status":"publish","type":"product","link":"https:\/\/atlanticwatches.ch\/fr\/shop\/montres-pour-hommes\/timeroy-fr\/timeroy-chrono-ne-noir-acier\/","title":{"rendered":"Timeroy Chrono NE | Noir\/Acier"},"content":{"rendered":"<p><strong>Atlantic Timeroy Chrono NE : La pr\u00e9cision rencontre l&rsquo;\u00e9l\u00e9gance dans le chronom\u00e9trage<\/strong><\/p>\n<p>Cette collection unique pr\u00e9sente de nouveaux cadrans, pr\u00eats \u00e0 rehausser votre style et \u00e0 introduire un nouveau niveau de sophistication dans votre ensemble. \u00c0 tous \u00e9gards, cette collection est une fusion parfaite de pr\u00e9cision, d&rsquo;\u00e9l\u00e9gance et de fonctionnalit\u00e9, ce qui en fait un t\u00e9moignage exquis du savoir-faire et de l&rsquo;innovation d&rsquo;Atlantic. <\/p>\n<p>Au c\u0153ur de ces montres se trouve un mouvement \u00e0 quartz de fabrication suisse, le Ronda R5021.D, reconnu pour la fiabilit\u00e9 de son chronom\u00e9trage. Ce mouvement \u00e9quipe la Timeroy Chrono, un garde-temps con\u00e7u pour offrir un m\u00e9lange in\u00e9gal\u00e9 de pr\u00e9cision et de performance durable.  Gr\u00e2ce \u00e0 la robustesse du mouvement \u00e0 quartz, le porteur peut avoir une confiance totale dans la fiabilit\u00e9 de la montre, quelles que soient les circonstances.<\/p>\n<p>Envelopp\u00e9e dans un bo\u00eetier en acier inoxydable, la Timeroy Chrono d\u00e9gage une allure vibrante, \u00e0 la fois intemporelle et contemporaine. Le bo\u00eetier mesure 42 mm de diam\u00e8tre, un \u00e9quilibre entre \u00e9l\u00e9gance et pr\u00e9sence au poignet, tandis que son \u00e9paisseur de 11,1 mm garantit un port confortable tout au long de la journ\u00e9e. <\/p>\n<p>Cette Timeroy est plus qu&rsquo;un simple garde-temps &#8211; c&rsquo;est une d\u00e9claration. Elle refl\u00e8te v\u00e9ritablement votre go\u00fbt raffin\u00e9 et votre appr\u00e9ciation des meilleures choses de la vie, vous marquant comme un connaisseur de pi\u00e8ces d&rsquo;horlogerie exceptionnelles. <\/p>\n<p>D\u00e9couvrez le m\u00e9lange parfait de pr\u00e9cision, d&rsquo;\u00e9l\u00e9gance et de fonctionnalit\u00e9 avec la Timeroy Chrono, une montre qui passe sans probl\u00e8me de la salle de conf\u00e9rence au week-end, en faisant en sorte que chaque seconde compte.<\/p>\n<hr>\n<p><img loading=\"lazy\" decoding=\"async\" class=\"aligncenter wp-image-7739 size-large\" src=\"https:\/\/atlanticwatches.ch\/wp-content\/uploads\/2023\/04\/Timeroy-Chrono-CS-Black-NE-2023-1024x576.jpg\" alt=\"\" width=\"1024\" height=\"576\" srcset=\"https:\/\/atlanticwatches.ch\/wp-content\/uploads\/2023\/04\/Timeroy-Chrono-CS-Black-NE-2023-1024x576.jpg 1024w, https:\/\/atlanticwatches.ch\/wp-content\/uploads\/2023\/04\/Timeroy-Chrono-CS-Black-NE-2023-768x432.jpg 768w, https:\/\/atlanticwatches.ch\/wp-content\/uploads\/2023\/04\/Timeroy-Chrono-CS-Black-NE-2023-640x360.jpg 640w, https:\/\/atlanticwatches.ch\/wp-content\/uploads\/2023\/04\/Timeroy-Chrono-CS-Black-NE-2023-400x225.jpg 400w, https:\/\/atlanticwatches.ch\/wp-content\/uploads\/2023\/04\/Timeroy-Chrono-CS-Black-NE-2023-600x338.jpg 600w\" sizes=\"auto, (max-width: 1024px) 100vw, 1024px\" \/><\/p>\n","protected":false},"excerpt":{"rendered":"<p><strong>\u00c9levez votre jeu de poignet et d\u00e9couvrez le m\u00e9lange parfait de pr\u00e9cision, d&rsquo;\u00e9l\u00e9gance et de fonctionnalit\u00e9.<\/strong><\/p>\n<p>Dot\u00e9e d&rsquo;un mouvement \u00e0 quartz suisse de renom, la Timeroy Chrono garantit une pr\u00e9cision de chronom\u00e9trage in\u00e9gal\u00e9e et des performances durables. La qualit\u00e9 de fabrication irr\u00e9prochable de la montre t\u00e9moigne de l&rsquo;h\u00e9ritage centenaire d&rsquo;Atlantic en mati\u00e8re de production de garde-temps exceptionnels. <\/p>\n<p>Ce remarquable garde-temps est plus qu&rsquo;un simple accessoire ; c&rsquo;est une d\u00e9claration de votre go\u00fbt raffin\u00e9 et de votre appr\u00e9ciation des plus belles choses de la vie.<\/p>\n","protected":false},"featured_media":10712,"template":"","meta":[],"product_brand":[],"product_cat":[1138,1262,1150],"product_tag":[],"class_list":{"0":"post-10711","1":"product","2":"type-product","3":"status-publish","4":"has-post-thumbnail","6":"product_cat-montres-pour-hommes","7":"product_cat-timeroy-fr","8":"product_cat-montres-a-quartz","10":"first","11":"instock","12":"shipping-taxable","13":"purchasable","14":"product-type-simple"},"_links":{"self":[{"href":"https:\/\/atlanticwatches.ch\/fr\/wp-json\/wp\/v2\/product\/10711","targetHints":{"allow":["GET"]}}],"collection":[{"href":"https:\/\/atlanticwatches.ch\/fr\/wp-json\/wp\/v2\/product"}],"about":[{"href":"https:\/\/atlanticwatches.ch\/fr\/wp-json\/wp\/v2\/types\/product"}],"wp:featuredmedia":[{"embeddable":true,"href":"https:\/\/atlanticwatches.ch\/fr\/wp-json\/wp\/v2\/media\/10712"}],"wp:attachment":[{"href":"https:\/\/atlanticwatches.ch\/fr\/wp-json\/wp\/v2\/media?parent=10711"}],"wp:term":[{"taxonomy":"product_brand","embeddable":true,"href":"https:\/\/atlanticwatches.ch\/fr\/wp-json\/wp\/v2\/product_brand?post=10711"},{"taxonomy":"product_cat","embeddable":true,"href":"https:\/\/atlanticwatches.ch\/fr\/wp-json\/wp\/v2\/product_cat?post=10711"},{"taxonomy":"product_tag","embeddable":true,"href":"https:\/\/atlanticwatches.ch\/fr\/wp-json\/wp\/v2\/product_tag?post=10711"}],"curies":[{"name":"wp","href":"https:\/\/api.w.org\/{rel}","templated":true}]}}