{"id":10702,"date":"2020-10-26T11:04:20","date_gmt":"2020-10-26T10:04:20","guid":{"rendered":"https:\/\/atlanticwatches.ch\/shop\/non class\u00e9\/seapair-ladies-silver-dial\/"},"modified":"2020-10-26T11:04:20","modified_gmt":"2020-10-26T10:04:20","slug":"seapair-ladies-silver-dial","status":"publish","type":"product","link":"https:\/\/atlanticwatches.ch\/fr\/shop\/montres-pour-dames\/seapair-ladies-fr\/seapair-ladies-silver-dial\/","title":{"rendered":"Seapair Ladies Silver Dial"},"content":{"rendered":"","protected":false},"excerpt":{"rendered":"<p>La collection Atlantic Seapair comprend des mod\u00e8les assortis pour hommes et femmes. Un design moderne et intemporel cr\u00e9e un look \u00e9l\u00e9gant et classique pour toutes les occasions &#8211; de jour comme de nuit. <\/p>\n","protected":false},"featured_media":10703,"template":"","meta":[],"product_brand":[],"product_cat":[1168,1247,1150],"product_tag":[],"class_list":{"0":"post-10702","1":"product","2":"type-product","3":"status-publish","4":"has-post-thumbnail","6":"product_cat-montres-pour-dames","7":"product_cat-seapair-ladies-fr","8":"product_cat-montres-a-quartz","10":"first","11":"instock","12":"shipping-taxable","13":"purchasable","14":"product-type-simple"},"_links":{"self":[{"href":"https:\/\/atlanticwatches.ch\/fr\/wp-json\/wp\/v2\/product\/10702","targetHints":{"allow":["GET"]}}],"collection":[{"href":"https:\/\/atlanticwatches.ch\/fr\/wp-json\/wp\/v2\/product"}],"about":[{"href":"https:\/\/atlanticwatches.ch\/fr\/wp-json\/wp\/v2\/types\/product"}],"wp:featuredmedia":[{"embeddable":true,"href":"https:\/\/atlanticwatches.ch\/fr\/wp-json\/wp\/v2\/media\/10703"}],"wp:attachment":[{"href":"https:\/\/atlanticwatches.ch\/fr\/wp-json\/wp\/v2\/media?parent=10702"}],"wp:term":[{"taxonomy":"product_brand","embeddable":true,"href":"https:\/\/atlanticwatches.ch\/fr\/wp-json\/wp\/v2\/product_brand?post=10702"},{"taxonomy":"product_cat","embeddable":true,"href":"https:\/\/atlanticwatches.ch\/fr\/wp-json\/wp\/v2\/product_cat?post=10702"},{"taxonomy":"product_tag","embeddable":true,"href":"https:\/\/atlanticwatches.ch\/fr\/wp-json\/wp\/v2\/product_tag?post=10702"}],"curies":[{"name":"wp","href":"https:\/\/api.w.org\/{rel}","templated":true}]}}