{"id":10688,"date":"2020-10-29T08:49:01","date_gmt":"2020-10-29T07:49:01","guid":{"rendered":"https:\/\/atlanticwatches.ch\/shop\/non class\u00e9\/seacrest-or-jaune-pvd-avec-cadran-argente\/"},"modified":"2020-10-29T08:49:01","modified_gmt":"2020-10-29T07:49:01","slug":"seacrest-or-jaune-pvd-avec-cadran-argente","status":"publish","type":"product","link":"https:\/\/atlanticwatches.ch\/fr\/shop\/montres-pour-hommes\/seacrest-fr\/seacrest-or-jaune-pvd-avec-cadran-argente\/","title":{"rendered":"Seacrest Or jaune PVD avec cadran argent\u00e9"},"content":{"rendered":"","protected":false},"excerpt":{"rendered":"<p>Minimaliste, \u00e9l\u00e9gante et intemporelle, telle est la collection Atlantic Seacrest.<\/p>\n<p>Le bo\u00eetier en acier inoxydable de 42 mm abrite un mouvement Ronda pr\u00e9cis avec affichage de la date et un magnifique cadran avec index appliqu\u00e9s \u00e0 la main, prot\u00e9g\u00e9 par un verre saphir bomb\u00e9. Ce mod\u00e8le est \u00e9tanche jusqu&rsquo;\u00e0 50m resp. 5 bars.  <\/p>\n","protected":false},"featured_media":10689,"template":"","meta":[],"product_brand":[],"product_cat":[1138,1241,1150],"product_tag":[],"class_list":{"0":"post-10688","1":"product","2":"type-product","3":"status-publish","4":"has-post-thumbnail","6":"product_cat-montres-pour-hommes","7":"product_cat-seacrest-fr","8":"product_cat-montres-a-quartz","10":"first","11":"instock","12":"shipping-taxable","13":"purchasable","14":"product-type-simple"},"_links":{"self":[{"href":"https:\/\/atlanticwatches.ch\/fr\/wp-json\/wp\/v2\/product\/10688","targetHints":{"allow":["GET"]}}],"collection":[{"href":"https:\/\/atlanticwatches.ch\/fr\/wp-json\/wp\/v2\/product"}],"about":[{"href":"https:\/\/atlanticwatches.ch\/fr\/wp-json\/wp\/v2\/types\/product"}],"wp:featuredmedia":[{"embeddable":true,"href":"https:\/\/atlanticwatches.ch\/fr\/wp-json\/wp\/v2\/media\/10689"}],"wp:attachment":[{"href":"https:\/\/atlanticwatches.ch\/fr\/wp-json\/wp\/v2\/media?parent=10688"}],"wp:term":[{"taxonomy":"product_brand","embeddable":true,"href":"https:\/\/atlanticwatches.ch\/fr\/wp-json\/wp\/v2\/product_brand?post=10688"},{"taxonomy":"product_cat","embeddable":true,"href":"https:\/\/atlanticwatches.ch\/fr\/wp-json\/wp\/v2\/product_cat?post=10688"},{"taxonomy":"product_tag","embeddable":true,"href":"https:\/\/atlanticwatches.ch\/fr\/wp-json\/wp\/v2\/product_tag?post=10688"}],"curies":[{"name":"wp","href":"https:\/\/api.w.org\/{rel}","templated":true}]}}