{"id":10680,"date":"2020-10-29T16:54:27","date_gmt":"2020-10-29T15:54:27","guid":{"rendered":"https:\/\/atlanticwatches.ch\/shop\/non%20class\u00e9\/seaport-moonphase-argent-noir\/"},"modified":"2026-02-23T15:40:34","modified_gmt":"2026-02-23T14:40:34","slug":"silver-dial-black-leather-7464","status":"publish","type":"product","link":"https:\/\/atlanticwatches.ch\/fr\/shop\/montres-pour-hommes\/seaport\/seaport-moonphase\/silver-dial-black-leather-7464\/","title":{"rendered":"Seaport Moonphase Argent &amp; Noir"},"content":{"rendered":"","protected":false},"excerpt":{"rendered":"<p>Atlantic Seaport Moonphase est une \u00e9tonnante collection de montres intemporelles et \u00e9l\u00e9gantes qui ont un attrait \u00e9ternel et conviennent au poignet de tous les hommes, quel que soit leur style. Avec son verre saphir bomb\u00e9, ses index appliqu\u00e9s \u00e0 la main et son bo\u00eetier en acier inoxydable magnifiquement fini, la Seaport Moonphase est un merveilleux exemple de l&rsquo;horlogerie suisse de haute qualit\u00e9. <\/p>\n","protected":false},"featured_media":10681,"template":"","meta":[],"product_brand":[],"product_cat":[1138,1231,1150],"product_tag":[],"class_list":{"0":"post-10680","1":"product","2":"type-product","3":"status-publish","4":"has-post-thumbnail","6":"product_cat-montres-pour-hommes","7":"product_cat-seaport-moonphase","8":"product_cat-montres-a-quartz","10":"first","11":"outofstock","12":"shipping-taxable","13":"purchasable","14":"product-type-simple"},"_links":{"self":[{"href":"https:\/\/atlanticwatches.ch\/fr\/wp-json\/wp\/v2\/product\/10680","targetHints":{"allow":["GET"]}}],"collection":[{"href":"https:\/\/atlanticwatches.ch\/fr\/wp-json\/wp\/v2\/product"}],"about":[{"href":"https:\/\/atlanticwatches.ch\/fr\/wp-json\/wp\/v2\/types\/product"}],"wp:featuredmedia":[{"embeddable":true,"href":"https:\/\/atlanticwatches.ch\/fr\/wp-json\/wp\/v2\/media\/10681"}],"wp:attachment":[{"href":"https:\/\/atlanticwatches.ch\/fr\/wp-json\/wp\/v2\/media?parent=10680"}],"wp:term":[{"taxonomy":"product_brand","embeddable":true,"href":"https:\/\/atlanticwatches.ch\/fr\/wp-json\/wp\/v2\/product_brand?post=10680"},{"taxonomy":"product_cat","embeddable":true,"href":"https:\/\/atlanticwatches.ch\/fr\/wp-json\/wp\/v2\/product_cat?post=10680"},{"taxonomy":"product_tag","embeddable":true,"href":"https:\/\/atlanticwatches.ch\/fr\/wp-json\/wp\/v2\/product_tag?post=10680"}],"curies":[{"name":"wp","href":"https:\/\/api.w.org\/{rel}","templated":true}]}}