{"id":10674,"date":"2020-10-29T18:22:04","date_gmt":"2020-10-29T17:22:04","guid":{"rendered":"https:\/\/atlanticwatches.ch\/shop\/non class\u00e9\/seaport-moonphase-or-jaune-pvd-acier\/"},"modified":"2020-10-29T18:22:04","modified_gmt":"2020-10-29T17:22:04","slug":"seaport-moonphase-or-jaune-pvd-acier","status":"publish","type":"product","link":"https:\/\/atlanticwatches.ch\/fr\/shop\/montres-pour-hommes\/seaport\/seaport-moonphase\/seaport-moonphase-or-jaune-pvd-acier\/","title":{"rendered":"Seaport Moonphase Or jaune PVD Acier"},"content":{"rendered":"","protected":false},"excerpt":{"rendered":"<p>Atlantic Seaport Moonphase est une \u00e9tonnante collection de montres intemporelles et \u00e9l\u00e9gantes qui ont un attrait \u00e9ternel et conviennent au poignet de tous les hommes, quel que soit leur style. Avec son verre saphir bomb\u00e9, ses index appliqu\u00e9s \u00e0 la main, son bo\u00eetier et son bracelet en acier inoxydable PVD or jaune magnifiquement finis, la Seaport Moonphase est un merveilleux exemple de l&rsquo;horlogerie suisse de haute qualit\u00e9. <\/p>\n","protected":false},"featured_media":10676,"template":"","meta":[],"product_brand":[],"product_cat":[1138,1231,1150],"product_tag":[],"class_list":{"0":"post-10674","1":"product","2":"type-product","3":"status-publish","4":"has-post-thumbnail","6":"product_cat-montres-pour-hommes","7":"product_cat-seaport-moonphase","8":"product_cat-montres-a-quartz","10":"first","11":"instock","12":"shipping-taxable","13":"purchasable","14":"product-type-simple"},"_links":{"self":[{"href":"https:\/\/atlanticwatches.ch\/fr\/wp-json\/wp\/v2\/product\/10674","targetHints":{"allow":["GET"]}}],"collection":[{"href":"https:\/\/atlanticwatches.ch\/fr\/wp-json\/wp\/v2\/product"}],"about":[{"href":"https:\/\/atlanticwatches.ch\/fr\/wp-json\/wp\/v2\/types\/product"}],"wp:featuredmedia":[{"embeddable":true,"href":"https:\/\/atlanticwatches.ch\/fr\/wp-json\/wp\/v2\/media\/10676"}],"wp:attachment":[{"href":"https:\/\/atlanticwatches.ch\/fr\/wp-json\/wp\/v2\/media?parent=10674"}],"wp:term":[{"taxonomy":"product_brand","embeddable":true,"href":"https:\/\/atlanticwatches.ch\/fr\/wp-json\/wp\/v2\/product_brand?post=10674"},{"taxonomy":"product_cat","embeddable":true,"href":"https:\/\/atlanticwatches.ch\/fr\/wp-json\/wp\/v2\/product_cat?post=10674"},{"taxonomy":"product_tag","embeddable":true,"href":"https:\/\/atlanticwatches.ch\/fr\/wp-json\/wp\/v2\/product_tag?post=10674"}],"curies":[{"name":"wp","href":"https:\/\/api.w.org\/{rel}","templated":true}]}}