{"id":10651,"date":"2020-11-01T12:00:45","date_gmt":"2020-11-01T11:00:45","guid":{"rendered":"https:\/\/atlanticwatches.ch\/shop\/non class\u00e9\/sealine-chrono-or-pvd-cadran-bleu\/"},"modified":"2020-11-01T12:00:45","modified_gmt":"2020-11-01T11:00:45","slug":"sealine-chrono-or-pvd-cadran-bleu","status":"publish","type":"product","link":"https:\/\/atlanticwatches.ch\/fr\/shop\/montres-pour-hommes\/sealine-gents-fr\/sealine-chrono-or-pvd-cadran-bleu\/","title":{"rendered":"Sealine Chrono Or PVD Cadran Bleu"},"content":{"rendered":"","protected":false},"excerpt":{"rendered":"<p><strong>D\u00e9couvrez le summum de l&rsquo;\u00e9l\u00e9gance et de la pr\u00e9cision avec la collection Atlantic Sealine Gents Chrono.  <\/strong><\/p>\n<p>Con\u00e7ue pour ceux qui appr\u00e9cient les plus belles choses de la vie, chaque pi\u00e8ce de cette collection est un chef-d&rsquo;\u0153uvre de design et de fonctionnalit\u00e9.<\/p>\n<p>Envelopp\u00e9s dans un bo\u00eetier en acier inoxydable poli avec une finition PVD or jaune exquise, ces chronographes sont plus que de simples montres, ils sont une d\u00e9claration de style.<\/p>\n<p>Au c\u0153ur de chaque pi\u00e8ce bat le c\u00e9l\u00e8bre mouvement \u00e0 quartz ETA G10.212, qui garantit une pr\u00e9cision in\u00e9gal\u00e9e en mati\u00e8re de chronom\u00e9trage.<\/p>\n<p>Con\u00e7ue pour le gentleman moderne, la collection Atlantic Sealine Gents Chrono offre un m\u00e9lange parfait de savoir-faire suisse et d&rsquo;esth\u00e9tique contemporaine.<\/p>\n<p>Faites l&rsquo;exp\u00e9rience du luxe et de la fiabilit\u00e9 au quotidien, \u00e0 un prix aussi attractif que les montres elles-m\u00eames.<\/p>\n","protected":false},"featured_media":10653,"template":"","meta":[],"product_brand":[],"product_cat":[1138,1228,1150],"product_tag":[],"class_list":{"0":"post-10651","1":"product","2":"type-product","3":"status-publish","4":"has-post-thumbnail","6":"product_cat-montres-pour-hommes","7":"product_cat-sealine-gents-fr","8":"product_cat-montres-a-quartz","10":"first","11":"instock","12":"shipping-taxable","13":"purchasable","14":"product-type-simple"},"_links":{"self":[{"href":"https:\/\/atlanticwatches.ch\/fr\/wp-json\/wp\/v2\/product\/10651","targetHints":{"allow":["GET"]}}],"collection":[{"href":"https:\/\/atlanticwatches.ch\/fr\/wp-json\/wp\/v2\/product"}],"about":[{"href":"https:\/\/atlanticwatches.ch\/fr\/wp-json\/wp\/v2\/types\/product"}],"wp:featuredmedia":[{"embeddable":true,"href":"https:\/\/atlanticwatches.ch\/fr\/wp-json\/wp\/v2\/media\/10653"}],"wp:attachment":[{"href":"https:\/\/atlanticwatches.ch\/fr\/wp-json\/wp\/v2\/media?parent=10651"}],"wp:term":[{"taxonomy":"product_brand","embeddable":true,"href":"https:\/\/atlanticwatches.ch\/fr\/wp-json\/wp\/v2\/product_brand?post=10651"},{"taxonomy":"product_cat","embeddable":true,"href":"https:\/\/atlanticwatches.ch\/fr\/wp-json\/wp\/v2\/product_cat?post=10651"},{"taxonomy":"product_tag","embeddable":true,"href":"https:\/\/atlanticwatches.ch\/fr\/wp-json\/wp\/v2\/product_tag?post=10651"}],"curies":[{"name":"wp","href":"https:\/\/api.w.org\/{rel}","templated":true}]}}