{"id":10643,"date":"2020-11-01T12:38:27","date_gmt":"2020-11-01T11:38:27","guid":{"rendered":"https:\/\/atlanticwatches.ch\/shop\/non class\u00e9\/elegance-moonphase-cuir-noir\/"},"modified":"2020-11-01T12:38:27","modified_gmt":"2020-11-01T11:38:27","slug":"elegance-moonphase-cuir-noir","status":"publish","type":"product","link":"https:\/\/atlanticwatches.ch\/fr\/shop\/montres-pour-dames\/elegance-fr\/elegance-moonphase-fr\/elegance-moonphase-cuir-noir\/","title":{"rendered":"Elegance Moonphase Cuir noir"},"content":{"rendered":"","protected":false},"excerpt":{"rendered":"<p>La collection Atlantic Ladies&rsquo; Elegance Moonphase est un v\u00e9ritable ph\u00e9nom\u00e8ne de mode. Son look intemporel mais tr\u00e8s tendance, son design d\u00e9licat avec 12 pierres de zirconium sur le cadran soulignent la beaut\u00e9 de ce garde-temps. Le bo\u00eetier en acier inoxydable poli prot\u00e8ge le mouvement ETA F05.841 avec complication phase de lune.  <\/p>\n","protected":false},"featured_media":10644,"template":"","meta":[],"product_brand":[],"product_cat":[1168,1169,1176,1150],"product_tag":[],"class_list":{"0":"post-10643","1":"product","2":"type-product","3":"status-publish","4":"has-post-thumbnail","6":"product_cat-montres-pour-dames","7":"product_cat-elegance-fr","8":"product_cat-elegance-moonphase-fr","9":"product_cat-montres-a-quartz","11":"first","12":"instock","13":"shipping-taxable","14":"purchasable","15":"product-type-simple"},"_links":{"self":[{"href":"https:\/\/atlanticwatches.ch\/fr\/wp-json\/wp\/v2\/product\/10643","targetHints":{"allow":["GET"]}}],"collection":[{"href":"https:\/\/atlanticwatches.ch\/fr\/wp-json\/wp\/v2\/product"}],"about":[{"href":"https:\/\/atlanticwatches.ch\/fr\/wp-json\/wp\/v2\/types\/product"}],"wp:featuredmedia":[{"embeddable":true,"href":"https:\/\/atlanticwatches.ch\/fr\/wp-json\/wp\/v2\/media\/10644"}],"wp:attachment":[{"href":"https:\/\/atlanticwatches.ch\/fr\/wp-json\/wp\/v2\/media?parent=10643"}],"wp:term":[{"taxonomy":"product_brand","embeddable":true,"href":"https:\/\/atlanticwatches.ch\/fr\/wp-json\/wp\/v2\/product_brand?post=10643"},{"taxonomy":"product_cat","embeddable":true,"href":"https:\/\/atlanticwatches.ch\/fr\/wp-json\/wp\/v2\/product_cat?post=10643"},{"taxonomy":"product_tag","embeddable":true,"href":"https:\/\/atlanticwatches.ch\/fr\/wp-json\/wp\/v2\/product_tag?post=10643"}],"curies":[{"name":"wp","href":"https:\/\/api.w.org\/{rel}","templated":true}]}}