{"id":10640,"date":"2020-11-01T17:04:40","date_gmt":"2020-11-01T16:04:40","guid":{"rendered":"https:\/\/atlanticwatches.ch\/shop\/non class\u00e9\/elegance-small-black-steel\/"},"modified":"2020-11-01T17:04:40","modified_gmt":"2020-11-01T16:04:40","slug":"elegance-small-black-steel","status":"publish","type":"product","link":"https:\/\/atlanticwatches.ch\/fr\/shop\/montres-pour-dames\/elegance-fr\/elegance-small-black-steel\/","title":{"rendered":"Elegance Small Black Steel"},"content":{"rendered":"","protected":false},"excerpt":{"rendered":"<p>La collection Atlantic Elegance Small fait une d\u00e9claration audacieuse dans un bo\u00eetier d\u00e9licat de seulement 27 mm de diam\u00e8tre. Un mouvement \u00e0 quartz suisse de haute pr\u00e9cision, un design \u00e0 la mode et des mat\u00e9riaux de qualit\u00e9 font de ce garde-temps une impressionnante montre pour dames pour un usage quotidien. <\/p>\n","protected":false},"featured_media":10642,"template":"","meta":[],"product_brand":[],"product_cat":[1168,1169,1150],"product_tag":[],"class_list":{"0":"post-10640","1":"product","2":"type-product","3":"status-publish","4":"has-post-thumbnail","6":"product_cat-montres-pour-dames","7":"product_cat-elegance-fr","8":"product_cat-montres-a-quartz","10":"first","11":"instock","12":"shipping-taxable","13":"purchasable","14":"product-type-simple"},"_links":{"self":[{"href":"https:\/\/atlanticwatches.ch\/fr\/wp-json\/wp\/v2\/product\/10640","targetHints":{"allow":["GET"]}}],"collection":[{"href":"https:\/\/atlanticwatches.ch\/fr\/wp-json\/wp\/v2\/product"}],"about":[{"href":"https:\/\/atlanticwatches.ch\/fr\/wp-json\/wp\/v2\/types\/product"}],"wp:featuredmedia":[{"embeddable":true,"href":"https:\/\/atlanticwatches.ch\/fr\/wp-json\/wp\/v2\/media\/10642"}],"wp:attachment":[{"href":"https:\/\/atlanticwatches.ch\/fr\/wp-json\/wp\/v2\/media?parent=10640"}],"wp:term":[{"taxonomy":"product_brand","embeddable":true,"href":"https:\/\/atlanticwatches.ch\/fr\/wp-json\/wp\/v2\/product_brand?post=10640"},{"taxonomy":"product_cat","embeddable":true,"href":"https:\/\/atlanticwatches.ch\/fr\/wp-json\/wp\/v2\/product_cat?post=10640"},{"taxonomy":"product_tag","embeddable":true,"href":"https:\/\/atlanticwatches.ch\/fr\/wp-json\/wp\/v2\/product_tag?post=10640"}],"curies":[{"name":"wp","href":"https:\/\/api.w.org\/{rel}","templated":true}]}}