{"id":10615,"date":"2020-11-01T18:12:34","date_gmt":"2020-11-01T17:12:34","guid":{"rendered":"https:\/\/atlanticwatches.ch\/shop\/non class\u00e9\/elegance-classic-or-jaune-pvd\/"},"modified":"2020-11-01T18:12:34","modified_gmt":"2020-11-01T17:12:34","slug":"elegance-classic-or-jaune-pvd","status":"publish","type":"product","link":"https:\/\/atlanticwatches.ch\/fr\/shop\/montres-pour-dames\/elegance-fr\/elegance-classic\/elegance-classic-or-jaune-pvd\/","title":{"rendered":"Elegance Classic Or jaune PVD"},"content":{"rendered":"","protected":false},"excerpt":{"rendered":"<p>La collection Atlantic Elegance Classic pour dames incarne le luxe, le style et la beaut\u00e9. Le design intemporel, les mat\u00e9riaux de haute qualit\u00e9 et le mouvement \u00e0 quartz de fabrication suisse font de cette collection un v\u00e9ritable bijou pour toutes les occasions. <\/p>\n","protected":false},"featured_media":10616,"template":"","meta":[],"product_brand":[],"product_cat":[1168,1169,1222,1150],"product_tag":[],"class_list":{"0":"post-10615","1":"product","2":"type-product","3":"status-publish","4":"has-post-thumbnail","6":"product_cat-montres-pour-dames","7":"product_cat-elegance-fr","8":"product_cat-elegance-classic","9":"product_cat-montres-a-quartz","11":"first","12":"instock","13":"shipping-taxable","14":"purchasable","15":"product-type-simple"},"_links":{"self":[{"href":"https:\/\/atlanticwatches.ch\/fr\/wp-json\/wp\/v2\/product\/10615","targetHints":{"allow":["GET"]}}],"collection":[{"href":"https:\/\/atlanticwatches.ch\/fr\/wp-json\/wp\/v2\/product"}],"about":[{"href":"https:\/\/atlanticwatches.ch\/fr\/wp-json\/wp\/v2\/types\/product"}],"wp:featuredmedia":[{"embeddable":true,"href":"https:\/\/atlanticwatches.ch\/fr\/wp-json\/wp\/v2\/media\/10616"}],"wp:attachment":[{"href":"https:\/\/atlanticwatches.ch\/fr\/wp-json\/wp\/v2\/media?parent=10615"}],"wp:term":[{"taxonomy":"product_brand","embeddable":true,"href":"https:\/\/atlanticwatches.ch\/fr\/wp-json\/wp\/v2\/product_brand?post=10615"},{"taxonomy":"product_cat","embeddable":true,"href":"https:\/\/atlanticwatches.ch\/fr\/wp-json\/wp\/v2\/product_cat?post=10615"},{"taxonomy":"product_tag","embeddable":true,"href":"https:\/\/atlanticwatches.ch\/fr\/wp-json\/wp\/v2\/product_tag?post=10615"}],"curies":[{"name":"wp","href":"https:\/\/api.w.org\/{rel}","templated":true}]}}