{"id":10606,"date":"2020-11-01T18:55:49","date_gmt":"2020-11-01T17:55:49","guid":{"rendered":"https:\/\/atlanticwatches.ch\/shop\/non class\u00e9\/elegance-floral-ladies-yellow-gold-pvd-silver-milanese\/"},"modified":"2020-11-01T18:55:49","modified_gmt":"2020-11-01T17:55:49","slug":"elegance-floral-ladies-yellow-gold-pvd-silver-milanese","status":"publish","type":"product","link":"https:\/\/atlanticwatches.ch\/fr\/shop\/montres-pour-dames\/elegance-fr\/elegance-floral-fr\/elegance-floral-ladies-yellow-gold-pvd-silver-milanese\/","title":{"rendered":"Elegance Floral Ladies Yellow Gold PVD Silver Milanese"},"content":{"rendered":"","protected":false},"excerpt":{"rendered":"<p>La collection Atlantic Ladies&rsquo; Elegance Floral est pleine de charme f\u00e9minin et de classe. Un design romantique, un mouvement \u00e0 quartz de fabrication suisse et des mat\u00e9riaux de haute qualit\u00e9 refl\u00e8tent une beaut\u00e9 intemporelle pour toutes les occasions. <\/p>\n","protected":false},"featured_media":10607,"template":"","meta":[],"product_brand":[],"product_cat":[1168,1169,1219,1150],"product_tag":[],"class_list":{"0":"post-10606","1":"product","2":"type-product","3":"status-publish","4":"has-post-thumbnail","6":"product_cat-montres-pour-dames","7":"product_cat-elegance-fr","8":"product_cat-elegance-floral-fr","9":"product_cat-montres-a-quartz","11":"first","12":"instock","13":"shipping-taxable","14":"purchasable","15":"product-type-simple"},"_links":{"self":[{"href":"https:\/\/atlanticwatches.ch\/fr\/wp-json\/wp\/v2\/product\/10606","targetHints":{"allow":["GET"]}}],"collection":[{"href":"https:\/\/atlanticwatches.ch\/fr\/wp-json\/wp\/v2\/product"}],"about":[{"href":"https:\/\/atlanticwatches.ch\/fr\/wp-json\/wp\/v2\/types\/product"}],"wp:featuredmedia":[{"embeddable":true,"href":"https:\/\/atlanticwatches.ch\/fr\/wp-json\/wp\/v2\/media\/10607"}],"wp:attachment":[{"href":"https:\/\/atlanticwatches.ch\/fr\/wp-json\/wp\/v2\/media?parent=10606"}],"wp:term":[{"taxonomy":"product_brand","embeddable":true,"href":"https:\/\/atlanticwatches.ch\/fr\/wp-json\/wp\/v2\/product_brand?post=10606"},{"taxonomy":"product_cat","embeddable":true,"href":"https:\/\/atlanticwatches.ch\/fr\/wp-json\/wp\/v2\/product_cat?post=10606"},{"taxonomy":"product_tag","embeddable":true,"href":"https:\/\/atlanticwatches.ch\/fr\/wp-json\/wp\/v2\/product_tag?post=10606"}],"curies":[{"name":"wp","href":"https:\/\/api.w.org\/{rel}","templated":true}]}}