{"id":10601,"date":"2020-11-02T07:11:35","date_gmt":"2020-11-02T06:11:35","guid":{"rendered":"https:\/\/atlanticwatches.ch\/shop\/non class\u00e9\/elegance-classic-sparkle-or-jaune-pvd-argent\/"},"modified":"2020-11-02T07:11:35","modified_gmt":"2020-11-02T06:11:35","slug":"elegance-classic-sparkle-or-jaune-pvd-argent","status":"publish","type":"product","link":"https:\/\/atlanticwatches.ch\/fr\/shop\/montres-pour-dames\/elegance-fr\/elegance-classic-sparkle-fr\/elegance-classic-sparkle-or-jaune-pvd-argent\/","title":{"rendered":"Elegance Classic Sparkle Or jaune PVD Argent"},"content":{"rendered":"","protected":false},"excerpt":{"rendered":"<p>La collection pour dames Atlantic Elegance Classic Sparkle pour ces moments inoubliables. Le design intemporel avec 12 pierres de Zirkonia, les mat\u00e9riaux de haute qualit\u00e9 et le mouvement \u00e0 quartz de fabrication suisse font de cette collection un partenaire magnifique et \u00e9tincelant pour toutes les occasions. <\/p>\n","protected":false},"featured_media":10602,"template":"","meta":[],"product_brand":[],"product_cat":[1168,1169,1216,1150],"product_tag":[],"class_list":{"0":"post-10601","1":"product","2":"type-product","3":"status-publish","4":"has-post-thumbnail","6":"product_cat-montres-pour-dames","7":"product_cat-elegance-fr","8":"product_cat-elegance-classic-sparkle-fr","9":"product_cat-montres-a-quartz","11":"first","12":"instock","13":"shipping-taxable","14":"purchasable","15":"product-type-simple"},"_links":{"self":[{"href":"https:\/\/atlanticwatches.ch\/fr\/wp-json\/wp\/v2\/product\/10601","targetHints":{"allow":["GET"]}}],"collection":[{"href":"https:\/\/atlanticwatches.ch\/fr\/wp-json\/wp\/v2\/product"}],"about":[{"href":"https:\/\/atlanticwatches.ch\/fr\/wp-json\/wp\/v2\/types\/product"}],"wp:featuredmedia":[{"embeddable":true,"href":"https:\/\/atlanticwatches.ch\/fr\/wp-json\/wp\/v2\/media\/10602"}],"wp:attachment":[{"href":"https:\/\/atlanticwatches.ch\/fr\/wp-json\/wp\/v2\/media?parent=10601"}],"wp:term":[{"taxonomy":"product_brand","embeddable":true,"href":"https:\/\/atlanticwatches.ch\/fr\/wp-json\/wp\/v2\/product_brand?post=10601"},{"taxonomy":"product_cat","embeddable":true,"href":"https:\/\/atlanticwatches.ch\/fr\/wp-json\/wp\/v2\/product_cat?post=10601"},{"taxonomy":"product_tag","embeddable":true,"href":"https:\/\/atlanticwatches.ch\/fr\/wp-json\/wp\/v2\/product_tag?post=10601"}],"curies":[{"name":"wp","href":"https:\/\/api.w.org\/{rel}","templated":true}]}}