{"id":10592,"date":"2020-11-02T15:05:08","date_gmt":"2020-11-02T14:05:08","guid":{"rendered":"https:\/\/atlanticwatches.ch\/shop\/non class\u00e9\/elegance-classic-index-or-jaune-pvd\/"},"modified":"2020-11-02T15:05:08","modified_gmt":"2020-11-02T14:05:08","slug":"elegance-classic-index-or-jaune-pvd","status":"publish","type":"product","link":"https:\/\/atlanticwatches.ch\/fr\/shop\/montres-pour-dames\/elegance-fr\/elegance-classic-index-fr\/elegance-classic-index-or-jaune-pvd\/","title":{"rendered":"Elegance Classic Index Or jaune PVD"},"content":{"rendered":"","protected":false},"excerpt":{"rendered":"<p>La collection Atlantic Ladies&rsquo; Elegance Classic Index associe un design moderne \u00e0 un look intemporel.<\/p>\n<p>Les mat\u00e9riaux de haute qualit\u00e9 et le mouvement \u00e0 quartz de fabrication suisse font de cette collection un partenaire magnifique et polyvalent pour toutes les occasions.<\/p>\n","protected":false},"featured_media":10593,"template":"","meta":[],"product_brand":[],"product_cat":[1168,1169,1215,1150],"product_tag":[],"class_list":{"0":"post-10592","1":"product","2":"type-product","3":"status-publish","4":"has-post-thumbnail","6":"product_cat-montres-pour-dames","7":"product_cat-elegance-fr","8":"product_cat-elegance-classic-index-fr","9":"product_cat-montres-a-quartz","11":"first","12":"instock","13":"shipping-taxable","14":"purchasable","15":"product-type-simple"},"_links":{"self":[{"href":"https:\/\/atlanticwatches.ch\/fr\/wp-json\/wp\/v2\/product\/10592","targetHints":{"allow":["GET"]}}],"collection":[{"href":"https:\/\/atlanticwatches.ch\/fr\/wp-json\/wp\/v2\/product"}],"about":[{"href":"https:\/\/atlanticwatches.ch\/fr\/wp-json\/wp\/v2\/types\/product"}],"wp:featuredmedia":[{"embeddable":true,"href":"https:\/\/atlanticwatches.ch\/fr\/wp-json\/wp\/v2\/media\/10593"}],"wp:attachment":[{"href":"https:\/\/atlanticwatches.ch\/fr\/wp-json\/wp\/v2\/media?parent=10592"}],"wp:term":[{"taxonomy":"product_brand","embeddable":true,"href":"https:\/\/atlanticwatches.ch\/fr\/wp-json\/wp\/v2\/product_brand?post=10592"},{"taxonomy":"product_cat","embeddable":true,"href":"https:\/\/atlanticwatches.ch\/fr\/wp-json\/wp\/v2\/product_cat?post=10592"},{"taxonomy":"product_tag","embeddable":true,"href":"https:\/\/atlanticwatches.ch\/fr\/wp-json\/wp\/v2\/product_tag?post=10592"}],"curies":[{"name":"wp","href":"https:\/\/api.w.org\/{rel}","templated":true}]}}