{"id":10590,"date":"2020-11-02T15:44:53","date_gmt":"2020-11-02T14:44:53","guid":{"rendered":"https:\/\/atlanticwatches.ch\/shop\/non class\u00e9\/elegance-romantic-or-jaune-pvd\/"},"modified":"2020-11-02T15:44:53","modified_gmt":"2020-11-02T14:44:53","slug":"elegance-romantic-or-jaune-pvd","status":"publish","type":"product","link":"https:\/\/atlanticwatches.ch\/fr\/shop\/montres-pour-dames\/elegance-fr\/elegance-romantic\/elegance-romantic-or-jaune-pvd\/","title":{"rendered":"Elegance Romantic Or jaune PVD"},"content":{"rendered":"","protected":false},"excerpt":{"rendered":"<p>La collection Atlantic Elegance Romantic ajoute l&rsquo;\u00e9clat n\u00e9cessaire pour faire briller votre journ\u00e9e. Le design \u00e9poustouflant, avec ses pierres Zirkonia de diff\u00e9rentes tailles, rappelle les plaisirs romantiques et d\u00e9licats de la vie. Les mat\u00e9riaux de haute qualit\u00e9 et le mouvement \u00e0 quartz de fabrication suisse font de cette collection un garde-temps dont vous profiterez longtemps.  <\/p>\n","protected":false},"featured_media":10591,"template":"","meta":[],"product_brand":[],"product_cat":[1168,1169,1208,1150],"product_tag":[],"class_list":{"0":"post-10590","1":"product","2":"type-product","3":"status-publish","4":"has-post-thumbnail","6":"product_cat-montres-pour-dames","7":"product_cat-elegance-fr","8":"product_cat-elegance-romantic","9":"product_cat-montres-a-quartz","11":"first","12":"instock","13":"shipping-taxable","14":"purchasable","15":"product-type-simple"},"_links":{"self":[{"href":"https:\/\/atlanticwatches.ch\/fr\/wp-json\/wp\/v2\/product\/10590","targetHints":{"allow":["GET"]}}],"collection":[{"href":"https:\/\/atlanticwatches.ch\/fr\/wp-json\/wp\/v2\/product"}],"about":[{"href":"https:\/\/atlanticwatches.ch\/fr\/wp-json\/wp\/v2\/types\/product"}],"wp:featuredmedia":[{"embeddable":true,"href":"https:\/\/atlanticwatches.ch\/fr\/wp-json\/wp\/v2\/media\/10591"}],"wp:attachment":[{"href":"https:\/\/atlanticwatches.ch\/fr\/wp-json\/wp\/v2\/media?parent=10590"}],"wp:term":[{"taxonomy":"product_brand","embeddable":true,"href":"https:\/\/atlanticwatches.ch\/fr\/wp-json\/wp\/v2\/product_brand?post=10590"},{"taxonomy":"product_cat","embeddable":true,"href":"https:\/\/atlanticwatches.ch\/fr\/wp-json\/wp\/v2\/product_cat?post=10590"},{"taxonomy":"product_tag","embeddable":true,"href":"https:\/\/atlanticwatches.ch\/fr\/wp-json\/wp\/v2\/product_tag?post=10590"}],"curies":[{"name":"wp","href":"https:\/\/api.w.org\/{rel}","templated":true}]}}