{"id":10583,"date":"2020-11-13T13:22:24","date_gmt":"2020-11-13T12:22:24","guid":{"rendered":"https:\/\/atlanticwatches.ch\/shop\/non class\u00e9\/worldmaster-1888-automatic-cadran-noir\/"},"modified":"2020-11-13T13:22:24","modified_gmt":"2020-11-13T12:22:24","slug":"worldmaster-1888-automatic-cadran-noir","status":"publish","type":"product","link":"https:\/\/atlanticwatches.ch\/fr\/shop\/montres-pour-hommes\/worldmaster\/worldmaster-1888\/worldmaster-1888-automatic-cadran-noir\/","title":{"rendered":"Worldmaster 1888 Automatic Cadran noir"},"content":{"rendered":"","protected":false},"excerpt":{"rendered":"<p>La collection Atlantic Worldmaster 1888 Automatic allie \u00e9l\u00e9gance, design intemporel et mat\u00e9riaux de la plus haute qualit\u00e9. Le bo\u00eetier en acier inoxydable de 42 mm avec fond transparent abrite un calibre automatique Sellita SW200-1 de fabrication suisse. Un garde-temps \u00e9l\u00e9gant et fiable pour le jour et la nuit.  <\/p>\n","protected":false},"featured_media":10584,"template":"","meta":[],"product_brand":[],"product_cat":[1138,1182,1188],"product_tag":[],"class_list":{"0":"post-10583","1":"product","2":"type-product","3":"status-publish","4":"has-post-thumbnail","6":"product_cat-montres-pour-hommes","7":"product_cat-worldmaster-1888","8":"product_cat-montres-automatiques","10":"first","11":"instock","12":"shipping-taxable","13":"purchasable","14":"product-type-simple"},"_links":{"self":[{"href":"https:\/\/atlanticwatches.ch\/fr\/wp-json\/wp\/v2\/product\/10583","targetHints":{"allow":["GET"]}}],"collection":[{"href":"https:\/\/atlanticwatches.ch\/fr\/wp-json\/wp\/v2\/product"}],"about":[{"href":"https:\/\/atlanticwatches.ch\/fr\/wp-json\/wp\/v2\/types\/product"}],"wp:featuredmedia":[{"embeddable":true,"href":"https:\/\/atlanticwatches.ch\/fr\/wp-json\/wp\/v2\/media\/10584"}],"wp:attachment":[{"href":"https:\/\/atlanticwatches.ch\/fr\/wp-json\/wp\/v2\/media?parent=10583"}],"wp:term":[{"taxonomy":"product_brand","embeddable":true,"href":"https:\/\/atlanticwatches.ch\/fr\/wp-json\/wp\/v2\/product_brand?post=10583"},{"taxonomy":"product_cat","embeddable":true,"href":"https:\/\/atlanticwatches.ch\/fr\/wp-json\/wp\/v2\/product_cat?post=10583"},{"taxonomy":"product_tag","embeddable":true,"href":"https:\/\/atlanticwatches.ch\/fr\/wp-json\/wp\/v2\/product_tag?post=10583"}],"curies":[{"name":"wp","href":"https:\/\/api.w.org\/{rel}","templated":true}]}}