{"id":10582,"date":"2020-11-11T06:32:13","date_gmt":"2020-11-11T05:32:13","guid":{"rendered":"https:\/\/atlanticwatches.ch\/shop\/non class\u00e9\/dames-coquillage-nacre\/"},"modified":"2020-11-11T06:32:13","modified_gmt":"2020-11-11T05:32:13","slug":"dames-coquillage-nacre","status":"publish","type":"product","link":"https:\/\/atlanticwatches.ch\/fr\/shop\/offres-speciales-et-soldes\/dames-coquillage-nacre\/","title":{"rendered":"Dames coquillage nacre"},"content":{"rendered":"","protected":false},"excerpt":{"rendered":"<p>L&rsquo;Atlantic Seashell Ladies est une montre tr\u00e8s \u00e9l\u00e9gante et luxueuse. Le cadran en nacre et les pierres en zirconium ajoutent \u00e0 la d\u00e9licatesse et \u00e0 la sophistication de l&rsquo;ensemble. <\/p>\n<p>Elle est \u00e9quip\u00e9e d&rsquo;un mouvement \u00e0 quartz ETA F04.11 de fabrication suisse dans un d\u00e9licat bo\u00eetier de 28 mm en acier inoxydable et en PVD d&rsquo;or jaune. Son look \u00e9poustouflant et son bracelet en acier inoxydable de haute qualit\u00e9 en PVD d&rsquo;or jaune font de cette montre une v\u00e9ritable t\u00eate d&rsquo;affiche. <\/p>\n<p><strong><span style=\"font-size: 18px;\">Remise sp\u00e9ciale de 30 %. D\u00e9p\u00eachez-vous, c&rsquo;est la derni\u00e8re ! <\/span><\/strong><\/p>\n<p>&nbsp;<\/p>\n","protected":false},"featured_media":10585,"template":"","meta":[],"product_brand":[],"product_cat":[1193],"product_tag":[],"class_list":{"0":"post-10582","1":"product","2":"type-product","3":"status-publish","4":"has-post-thumbnail","6":"product_cat-offres-speciales-et-soldes","8":"first","9":"instock","10":"sale","11":"shipping-taxable","12":"purchasable","13":"product-type-simple"},"_links":{"self":[{"href":"https:\/\/atlanticwatches.ch\/fr\/wp-json\/wp\/v2\/product\/10582","targetHints":{"allow":["GET"]}}],"collection":[{"href":"https:\/\/atlanticwatches.ch\/fr\/wp-json\/wp\/v2\/product"}],"about":[{"href":"https:\/\/atlanticwatches.ch\/fr\/wp-json\/wp\/v2\/types\/product"}],"wp:featuredmedia":[{"embeddable":true,"href":"https:\/\/atlanticwatches.ch\/fr\/wp-json\/wp\/v2\/media\/10585"}],"wp:attachment":[{"href":"https:\/\/atlanticwatches.ch\/fr\/wp-json\/wp\/v2\/media?parent=10582"}],"wp:term":[{"taxonomy":"product_brand","embeddable":true,"href":"https:\/\/atlanticwatches.ch\/fr\/wp-json\/wp\/v2\/product_brand?post=10582"},{"taxonomy":"product_cat","embeddable":true,"href":"https:\/\/atlanticwatches.ch\/fr\/wp-json\/wp\/v2\/product_cat?post=10582"},{"taxonomy":"product_tag","embeddable":true,"href":"https:\/\/atlanticwatches.ch\/fr\/wp-json\/wp\/v2\/product_tag?post=10582"}],"curies":[{"name":"wp","href":"https:\/\/api.w.org\/{rel}","templated":true}]}}