{"id":10558,"date":"2020-10-25T17:57:18","date_gmt":"2020-10-25T16:57:18","guid":{"rendered":"https:\/\/atlanticwatches.ch\/shop\/non class\u00e9\/seasport-chronograph-anthracite\/"},"modified":"2020-10-25T17:57:18","modified_gmt":"2020-10-25T16:57:18","slug":"seasport-chronograph-anthracite","status":"publish","type":"product","link":"https:\/\/atlanticwatches.ch\/fr\/shop\/montres-pour-hommes\/seasport-chronograph\/seasport-chronograph-anthracite\/","title":{"rendered":"Seasport Chronograph Anthracite"},"content":{"rendered":"","protected":false},"excerpt":{"rendered":"<p>Le Chronographe Seasport est le compagnon id\u00e9al pour tous les sports.<\/p>\n<p>Le robuste bo\u00eetier en acier inoxydable et le verre saphir sont \u00e9tanches jusqu&rsquo;\u00e0 100 m &#8211; 10 bars. Le mouvement \u00e0 quartz ETA G10.212 offre un chronom\u00e9trage pr\u00e9cis et sophistiqu\u00e9. <\/p>\n","protected":false},"featured_media":10560,"template":"","meta":[],"product_brand":[],"product_cat":[1138,1139,1150],"product_tag":[],"class_list":{"0":"post-10558","1":"product","2":"type-product","3":"status-publish","4":"has-post-thumbnail","6":"product_cat-montres-pour-hommes","7":"product_cat-seasport-chronograph","8":"product_cat-montres-a-quartz","10":"first","11":"instock","12":"shipping-taxable","13":"purchasable","14":"product-type-simple"},"_links":{"self":[{"href":"https:\/\/atlanticwatches.ch\/fr\/wp-json\/wp\/v2\/product\/10558","targetHints":{"allow":["GET"]}}],"collection":[{"href":"https:\/\/atlanticwatches.ch\/fr\/wp-json\/wp\/v2\/product"}],"about":[{"href":"https:\/\/atlanticwatches.ch\/fr\/wp-json\/wp\/v2\/types\/product"}],"wp:featuredmedia":[{"embeddable":true,"href":"https:\/\/atlanticwatches.ch\/fr\/wp-json\/wp\/v2\/media\/10560"}],"wp:attachment":[{"href":"https:\/\/atlanticwatches.ch\/fr\/wp-json\/wp\/v2\/media?parent=10558"}],"wp:term":[{"taxonomy":"product_brand","embeddable":true,"href":"https:\/\/atlanticwatches.ch\/fr\/wp-json\/wp\/v2\/product_brand?post=10558"},{"taxonomy":"product_cat","embeddable":true,"href":"https:\/\/atlanticwatches.ch\/fr\/wp-json\/wp\/v2\/product_cat?post=10558"},{"taxonomy":"product_tag","embeddable":true,"href":"https:\/\/atlanticwatches.ch\/fr\/wp-json\/wp\/v2\/product_tag?post=10558"}],"curies":[{"name":"wp","href":"https:\/\/api.w.org\/{rel}","templated":true}]}}