{"id":10515,"date":"2020-10-04T14:19:26","date_gmt":"2020-10-04T12:19:26","guid":{"rendered":"https:\/\/atlanticwatches.ch\/histoire-de-latlantique\/"},"modified":"2025-04-16T18:07:46","modified_gmt":"2025-04-16T16:07:46","slug":"histoire-de-latlantique","status":"publish","type":"page","link":"https:\/\/atlanticwatches.ch\/fr\/histoire-de-latlantique\/","title":{"rendered":"Histoire de l&rsquo;Atlantique"},"content":{"rendered":"<div class=\"wpb-content-wrapper\"><p>[vc_row][vc_column][vc_single_image image=\u00a0\u00bb10520&Prime; img_size=\u00a0\u00bbfull\u00a0\u00bb alignment=\u00a0\u00bbcenter\u00a0\u00bb css=\u00a0\u00bb\u00a0\u00bb css_params=\u00a0\u00bb\u00a0\u00bb][vc_column_text css=\u00a0\u00bb\u00a0\u00bb css_params=\u00a0\u00bb\u00a0\u00bb]<\/p>\n<h3>Histoire et patrimoine des montres Atlantic<\/h3>\n<p>La soci\u00e9t\u00e9 Atlantic a \u00e9t\u00e9 \u00e9tablie \u00e0 Bettlach, un village pr\u00e8s de Granges en Suisse, en 1888. Elle a \u00e9t\u00e9 fond\u00e9e par Eduard Kummer, n\u00e9 le 26 mars 1845. Il est l&rsquo;un des fondateurs de l&rsquo;horlogerie suisse. Au cours de ses nombreuses ann\u00e9es d&rsquo;apprentissage et de formation continue dans le Jura suisse, il n&rsquo;a cess\u00e9 d&rsquo;affiner ses comp\u00e9tences en tant qu&rsquo;horloger. Il revint dans sa ville natale en tant que ma\u00eetre horloger qualifi\u00e9. Les citoyens de Bettlach reconnaissent les ambitions commerciales de Kummer et soutiennent la cr\u00e9ation de l&rsquo;industrie, qui devient rapidement le c\u0153ur de l&rsquo;horlogerie suisse. La vision de cr\u00e9er une entreprise horlog\u00e8re de haute qualit\u00e9 se concr\u00e9tise. En 1888, 15 \u00e0 20 employ\u00e9s travaillent dans le premier atelier. Au cours des ann\u00e9es suivantes, l&rsquo;usine s&rsquo;est d\u00e9velopp\u00e9e r\u00e9guli\u00e8rement, atteignant 720 employ\u00e9s avant la fin du XIXe si\u00e8cle.        <\/p>\n<p>Bien qu&rsquo;Eduard Kummer soit connu pour \u00eatre tr\u00e8s traditionnel, il croyait fermement au d\u00e9veloppement de l&rsquo;industrie horlog\u00e8re. \u00c0 l&rsquo;\u00e9poque, la semaine de travail durait 6 jours et 11 heures par jour. Les cong\u00e9s pay\u00e9s et les salaires suppl\u00e9mentaires n&rsquo;existaient pas. L&rsquo;introduction, en 1937, de 6 jours de cong\u00e9s pay\u00e9s par an chez EKB a constitu\u00e9 une avanc\u00e9e sociale.   <\/p>\n<p>L&rsquo;entreprise s&rsquo;appelait \u00e0 l&rsquo;origine EKB (Eduard Kummer Bettlach). Au d\u00e9part, l&rsquo;entreprise fabriquait des pi\u00e8ces pour des fabricants de montres renomm\u00e9s tels que Longines, Certina et bien d&rsquo;autres. Les premi\u00e8res montres sous le nom d'\u00a0\u00bbAtlantic\u00a0\u00bb avec un sextant comme logo ont \u00e9t\u00e9 lanc\u00e9es en 1932, y compris l&rsquo;un des premiers chronographes \u00e9tanches. L&rsquo;invention du \u00ab\u00a0Speed Switch\u00a0\u00bb en 1960 marque un tournant dans l&rsquo;histoire de l&rsquo;horlogerie. Cette innovation a permis \u00e0 la date de changer 52 fois plus rapidement qu&rsquo;auparavant. En vendant cette innovation \u00e0 d&rsquo;autres fabricants de montres, Atlantic a clairement d\u00e9montr\u00e9 ses comp\u00e9tences horlog\u00e8res.     <\/p>\n<p>Les mod\u00e8les phares d&rsquo;Atlantic appartiennent \u00e0 la famille \u00ab\u00a0Worldmaster\u00a0\u00bb. Avec cette pi\u00e8ce, l&rsquo;entreprise a atteint un haut degr\u00e9 de reconnaissance et les mod\u00e8les sont encore aujourd&rsquo;hui consid\u00e9r\u00e9s comme la marque d&rsquo;identification de la marque. La \u00ab\u00a0Worldmaster\u00a0\u00bb traditionnelle est cependant constamment am\u00e9lior\u00e9e pour rester intemporelle.  <\/p>\n<p>Dans le pass\u00e9, les montres Atlantic \u00e9taient destin\u00e9es \u00e0 des personnalit\u00e9s fortes, qui poursuivaient toujours leurs objectifs et \u00e9taient repr\u00e9sent\u00e9es dans une gamme de prix \u00e9lev\u00e9s. Aujourd&rsquo;hui, Atlantic propose une large gamme de montres, qui se distinguent par leur haute qualit\u00e9, dans un segment de prix moyen. Outre l&rsquo;intemporelle \u00ab\u00a0Worldmaster\u00a0\u00bb, Atlantic propose un large choix de montres sportives, classiques et \u00e9l\u00e9gantes. Toutefois, ce qui distingue les mod\u00e8les traditionnels, c&rsquo;est leur look Atlantic unique et sp\u00e9cifique.   <\/p>\n<h4>Chronologie de l&rsquo;histoire de l&rsquo;entreprise<\/h4>\n<ul>\n<li><strong>1888<\/strong>: Eduard Kummer fonde \u00e0 Bettlach l&rsquo;entreprise EKB, qui fabrique des pi\u00e8ces pour montres de poche.<\/li>\n<li><strong>1925<\/strong>: EKB se lance dans la production de pi\u00e8ces de montres-bracelets en collaboration avec le groupe Asuag.<\/li>\n<li><strong>1928<\/strong>: EKB lance la production de diverses montres-bracelets sign\u00e9es Ariston, Aristex et Opus.<\/li>\n<li><strong>1930<\/strong>: EKB devient l&rsquo;une des premi\u00e8res usines \u00e0 produire des montres-bracelets \u00e9tanches et \u00e0 les vendre sous le nom d'\u00a0\u00bbAtlantic\u00a0\u00bb<\/li>\n<li><strong>1950<\/strong>: Ouverture du premier magasin en Pologne et d&rsquo;autres magasins en Europe de l&rsquo;Est.<\/li>\n<li><strong>1953<\/strong>: Changement de la raison sociale d&rsquo;EKB en Atlantic Watch Ltd.<\/li>\n<li><strong>1958<\/strong>: Introduction r\u00e9ussie de l&rsquo;Atlantique en Am\u00e9rique du Sud et au Moyen-Orient<\/li>\n<li><strong>1960<\/strong>: Arriv\u00e9e d&rsquo;innovations importantes, comme le \u00ab\u00a0Speed Switch\u00a0\u00bb, qui est utilis\u00e9 dans les montres Atlantic et vendu \u00e0 d&rsquo;autres fabricants.<\/li>\n<li><strong>1965<\/strong>: La Pologne devient le principal march\u00e9 et l&rsquo;Europe de l&rsquo;Est la principale r\u00e9gion de l&rsquo;Atlantique.<\/li>\n<li><strong>1970<\/strong>: Naissance du l\u00e9gendaire mannequin Beachboy<\/li>\n<li><strong>1988<\/strong>: <span class=\"JsGRdQ\">Atlantic f\u00eate ses 100 ans<\/span><\/li>\n<li><strong>2013<\/strong>: Atlantic c\u00e9l\u00e8bre son jubil\u00e9 de 125 ans avec plusieurs collections en \u00e9dition limit\u00e9e<\/li>\n<li><strong>2015<\/strong>: Lancement de la Worldmaster Lusso Open Heart Limited Edition. Pour la premi\u00e8re fois dans l&rsquo;histoire de l&rsquo;Atlantic, la version m\u00e9canique est dot\u00e9e d&rsquo;un mouvement de manufacture. <\/li>\n<li><strong>2016<\/strong>: Pr\u00e9sentation de la nouvelle famille \u00ab\u00a0Super de Luxe\u00a0\u00bb Retro \/ Vintage<\/li>\n<li><strong>2018<\/strong>: Atlantic c\u00e9l\u00e8bre son 130e anniversaire avec deux \u00e9ditions limit\u00e9es : la Worldmaster 1888 &#8211; 130 Years avec des mouvements automatiques et m\u00e9caniques.<\/li>\n<li><strong>2019 :<\/strong> Introduction du chronographe automatique \u00ab\u00a0Moonphase\u00a0\u00bb et du Seaflight Skeleton en \u00e9dition limit\u00e9e<\/li>\n<li><strong>2020 :<\/strong> Atlantic fait revivre le design \u00ab\u00a0Beachboy\u00a0\u00bb des ann\u00e9es 70 dans une \u00e9dition sp\u00e9ciale.<\/li>\n<li><strong>2021 :<\/strong> Atlantic relance la collection \u00ab\u00a0Timeroy\u00a0\u00bb dans un design r\u00e9tro-vintage des ann\u00e9es 70.<\/li>\n<li><strong>2021\/22 :<\/strong> Introduction de nouveaux mod\u00e8les en \u00e9dition limit\u00e9e, y compris les montres Seagold et Pilot&rsquo;s. <\/li>\n<li><strong>2022 :<\/strong> Lancement des nouveaux calibres de manufacture m\u00e9canique ATL-1 et ATL-2<\/li>\n<li><strong>2023 : <\/strong>Atlantic c\u00e9l\u00e8bre le 135e anniversaire avec le nouveau calibre de manufacture ATL-3 et plusieurs montres en \u00e9dition limit\u00e9e, entre autres avec un Valjoux \u00ab\u00a0Krzysztof Ho\u0142owczyc\u00a0\u00bb, limit\u00e9 mondialement \u00e0 277 pi\u00e8ces.<\/li>\n<\/ul>\n<hr>\n<p><center><img loading=\"lazy\" decoding=\"async\" class=\"alignleft wp-image-462 size-full\" src=\"https:\/\/atlanticwatches.ch\/wp-content\/uploads\/2020\/10\/Atlantic_History_RegisterEintrag.jpg\" alt=\"\" width=\"630\" height=\"898\" srcset=\"https:\/\/atlanticwatches.ch\/wp-content\/uploads\/2020\/10\/Atlantic_History_RegisterEintrag.jpg 630w, https:\/\/atlanticwatches.ch\/wp-content\/uploads\/2020\/10\/Atlantic_History_RegisterEintrag-600x855.jpg 600w, https:\/\/atlanticwatches.ch\/wp-content\/uploads\/2020\/10\/Atlantic_History_RegisterEintrag-400x570.jpg 400w\" sizes=\"auto, (max-width: 630px) 100vw, 630px\" \/><img loading=\"lazy\" decoding=\"async\" class=\"alignleft wp-image-463\" src=\"https:\/\/atlanticwatches.ch\/wp-content\/uploads\/2020\/10\/Atlantic_History_Werbung02-230x300.jpg\" alt=\"\" width=\"350\" height=\"457\"><img loading=\"lazy\" decoding=\"async\" class=\"alignleft wp-image-464\" src=\"https:\/\/atlanticwatches.ch\/wp-content\/uploads\/2020\/10\/Atlantic_History_Werbung01-233x300.jpg\" alt=\"\" width=\"350\" height=\"451\"><center><\/center><\/center>[\/vc_column_text][\/vc_column][\/vc_row][vc_row][vc_column][vc_column_text]<iframe style=\"border: none; width: 100%; height: 800px;\" src=\"\/\/e.issuu.com\/embed.html?d=the_history_of_a_famous_brand&amp;hideIssuuLogo=true&amp;hideShareButton=true&amp;u=atlanticwatch\" allowfullscreen=\"allowfullscreen\"><\/iframe>[\/vc_column_text][\/vc_column][\/vc_row]<\/p>\n<\/div>","protected":false},"excerpt":{"rendered":"<p>[vc_row][vc_column][vc_single_image image=\u00a0\u00bb10520&Prime; img_size=\u00a0\u00bbfull\u00a0\u00bb alignment=\u00a0\u00bbcenter\u00a0\u00bb css=\u00a0\u00bb\u00a0\u00bb css_params=\u00a0\u00bb\u00a0\u00bb][vc_column_text css=\u00a0\u00bb\u00a0\u00bb css_params=\u00a0\u00bb\u00a0\u00bb] Histoire et patrimoine des montres Atlantic La soci\u00e9t\u00e9 Atlantic a \u00e9t\u00e9 \u00e9tablie \u00e0 Bettlach, un village pr\u00e8s de Granges en Suisse, en 1888. Elle a \u00e9t\u00e9 fond\u00e9e par Eduard Kummer, n\u00e9 le 26 mars 1845. Il est l&rsquo;un des fondateurs de l&rsquo;horlogerie suisse. Au cours de ses [&hellip;]<\/p>\n","protected":false},"author":9,"featured_media":0,"parent":0,"menu_order":0,"comment_status":"closed","ping_status":"closed","template":"","meta":{"footnotes":""},"class_list":["post-10515","page","type-page","status-publish","hentry"],"_links":{"self":[{"href":"https:\/\/atlanticwatches.ch\/fr\/wp-json\/wp\/v2\/pages\/10515","targetHints":{"allow":["GET"]}}],"collection":[{"href":"https:\/\/atlanticwatches.ch\/fr\/wp-json\/wp\/v2\/pages"}],"about":[{"href":"https:\/\/atlanticwatches.ch\/fr\/wp-json\/wp\/v2\/types\/page"}],"author":[{"embeddable":true,"href":"https:\/\/atlanticwatches.ch\/fr\/wp-json\/wp\/v2\/users\/9"}],"replies":[{"embeddable":true,"href":"https:\/\/atlanticwatches.ch\/fr\/wp-json\/wp\/v2\/comments?post=10515"}],"version-history":[{"count":0,"href":"https:\/\/atlanticwatches.ch\/fr\/wp-json\/wp\/v2\/pages\/10515\/revisions"}],"wp:attachment":[{"href":"https:\/\/atlanticwatches.ch\/fr\/wp-json\/wp\/v2\/media?parent=10515"}],"curies":[{"name":"wp","href":"https:\/\/api.w.org\/{rel}","templated":true}]}}