{"id":10509,"date":"2020-10-04T14:43:37","date_gmt":"2020-10-04T12:43:37","guid":{"rendered":"https:\/\/atlanticwatches.ch\/mentions-legales-atlantic-watches\/"},"modified":"2025-04-16T18:07:43","modified_gmt":"2025-04-16T16:07:43","slug":"mentions-legales-atlantic-watches","status":"publish","type":"page","link":"https:\/\/atlanticwatches.ch\/fr\/mentions-legales-atlantic-watches\/","title":{"rendered":"Mentions l\u00e9gales Atlantic Watches"},"content":{"rendered":"<div class=\"wpb-content-wrapper\"><p>[vc_row][vc_column][vc_column_text]<span style=\"font-size: 18px;\"><strong>  IMPRIMER<\/strong><\/span>[\/vc_column_text][\/vc_column][\/vc_row][vc_row][vc_column width=\u00a0\u00bb1\/2&Prime;][vc_column_text]<strong>Nom de l&rsquo;entreprise<\/strong><br \/>Atlantic Watch Production Ltd.<\/p>\n<p><strong>Repr\u00e9sent\u00e9 par<\/strong><br \/>Fredi Bickel, PDG<\/p>\n<p><strong>Adresse<\/strong><br \/>Solothurnstrasse 44, CH &#8211; 2543 Lengnau, Suisse<\/p>\n<p><strong>T\u00e9l\u00e9phone : +41 32 625 18 88 | Fax : +41 32 625 18 89<\/strong> +41 32 625 18 88 | <strong>Fax :<\/strong> +41 32 625 18 89<\/p>\n<p><strong>E-Mail :<\/strong> <a href=\"mailto:info@atlantic-watch.ch\">info@atlantic-watch.ch<\/a><\/p>\n<p><strong>Num\u00e9ro enregistr\u00e9<\/strong><br \/>CH-020.3.003.319-8<\/p>\n<p><strong>N\u00b0 TVA<\/strong><br \/>CHE-102.048.998 MWST[\/vc_column_text][\/vc_column][vc_column width=\u00a0\u00bb1\/2&Prime;][vc_column_text]<strong>Compte bancaire CHF  <\/strong><br \/><strong>Titulaire :<\/strong> Atlantic Watch Production Ltd.<br \/><strong>Banque :<\/strong> BEKB<br \/><strong>IBAN :<\/strong> CH16 0079 0016 2699 8678 2<br \/><strong>Bic\/Swift :<\/strong> KBBECH22XXX<\/p>\n<p><strong>Compte bancaire EUR<\/strong><br \/><strong>Titulaire :<\/strong> Atlantic Watch Production Ltd.<br \/><strong>Banque :<\/strong> BEKB<br \/><strong>IBAN :<\/strong> CH17 0079 0016 9295 4146 5<br \/> Bic\/Swift<strong>:<\/strong> KBBECH22XXX<\/p>\n<p><strong>Compte postal CHF<\/strong><br \/><strong>Titulaire :<\/strong> Atlantic Watch Production Ltd.<br \/><strong>IBAN :<\/strong> CH61 0900 0000 4500 6614 7<br \/><strong>Bic\/Swift :<\/strong> POFICHBEXXX[\/vc_column_text][\/vc_column][\/vc_row][vc_row][vc_column][vc_column_text]<strong>D\u00e9couvrez la nouvelle collection de montres Atlantic<\/strong>[\/vc_column_text]<div class=\"woocommerce columns-7 \"><ul class=\"products products-container grid gap-narrow has-ccols has-ccols-spacing ccols-xl-7 ccols-lg-5 ccols-md-5 ccols-sm-3 ccols-2 pwidth-lg-7 pwidth-md-6 pwidth-xs-3 pwidth-ls-2 is-shortcode\"\r\n\t data-product_layout=\"product-default show-links-hover\" role=\"none\">\r\n\r\n<li role=\"none\" class=\"product-col product-default show-links-hover product type-product post-12797 status-publish first instock product_cat-elegance-fr product_cat-elegance-moonphase-fr product_cat-montres-a-quartz product_cat-montres-pour-dames product_cat-nouveaux-arrivages product_tag-32mm product_tag-montre-habillee product_tag-montres-a-quartz product_tag-montres-pour-dames product_tag-phase-de-lune has-post-thumbnail shipping-taxable purchasable product-type-simple\">\r\n<div class=\"product-inner\">\r\n\t\r\n\t<div class=\"product-image\">\r\n\r\n\t\t<a  href=\"https:\/\/atlanticwatches.ch\/fr\/shop\/montres-pour-dames\/elegance-fr\/elegance-moonphase-fr\/elegance-moonphase-silver-with-rose-gold-accents\/\" aria-label=\"Go to product page\">\r\n\t\t\t<div class=\"inner\"><img loading=\"lazy\" decoding=\"async\" width=\"300\" height=\"300\" src=\"https:\/\/atlanticwatches.ch\/wp-content\/uploads\/2025\/11\/Elegance-Moonphase-Silver-with-Rose-Gold-Accents-300x300.webp\" class=\"attachment-woocommerce_thumbnail size-woocommerce_thumbnail\" alt=\"Elegance Moonphase | Argent avec Accents Or Rose\" \/><\/div>\t\t<\/a>\r\n\t\t\t<\/div>\r\n\r\n\t<div class=\"product-content\">\r\n\t\t\r\n\t\t\t<a class=\"product-loop-title\"  href=\"https:\/\/atlanticwatches.ch\/fr\/shop\/montres-pour-dames\/elegance-fr\/elegance-moonphase-fr\/elegance-moonphase-silver-with-rose-gold-accents\/\">\r\n\t<h3 class=\"woocommerce-loop-product__title\">Elegance Moonphase | Argent avec Accents Or Rose<\/h3>\t<\/a>\r\n\t\r\n\t\t\n\t<span class=\"price\"><span class=\"woocommerce-Price-amount amount\"><bdi><span class=\"woocommerce-Price-currencySymbol\">&#67;&#72;&#70;<\/span>&nbsp;355.00<\/bdi><\/span><\/span>\n\r\n\t\t<div class=\"add-links-wrap\">\r\n\t<div class=\"add-links clearfix\">\r\n\t\t<span href=\"\/fr\/wp-json\/wp\/v2\/pages\/10509?add-to-cart=12797\" aria-describedby=\"woocommerce_loop_add_to_cart_link_describedby_12797\" data-quantity=\"1\" class=\"viewcart-style-2 button product_type_simple add_to_cart_button ajax_add_to_cart\" data-product_id=\"12797\" data-product_sku=\"29040.41.21RMB\" aria-label=\"Ajouter au panier\u00a0: &ldquo;Elegance Moonphase | Argent avec Accents Or Rose&rdquo;\" rel=\"nofollow\" data-success_message=\"\u00ab\u00a0Elegance Moonphase | Argent avec Accents Or Rose\u00a0\u00bb a \u00e9t\u00e9 ajout\u00e9 \u00e0 votre panier\">Ajouter au panier<\/span>\t\t<span id=\"woocommerce_loop_add_to_cart_link_describedby_12797\" class=\"screen-reader-text\">\r\n\t\t\t<\/span>\r\n\t\t<div class=\"quickview\" data-id=\"12797\" title=\"Aper\u00e7u rapide\">Aper\u00e7u rapide<\/div>\t<\/div>\r\n\t<\/div>\r\n\t<\/div>\r\n<\/div>\r\n\r\n<\/li>\r\n\r\n<li role=\"none\" class=\"product-col product-default show-links-hover product type-product post-12734 status-publish instock product_cat-choisis-pour-vous product_cat-grand-prix product_cat-montres-a-quartz product_cat-montres-pour-hommes product_cat-nouveaux-arrivages product_tag-44mm product_tag-chronographe product_tag-montres-a-quartz product_tag-resistance-a-leau-100m product_tag-sports-watch has-post-thumbnail shipping-taxable purchasable product-type-simple\">\r\n<div class=\"product-inner\">\r\n\t\r\n\t<div class=\"product-image\">\r\n\r\n\t\t<a  href=\"https:\/\/atlanticwatches.ch\/fr\/shop\/montres-pour-hommes\/grand-prix\/grand-prix-quartz-chronograph-anthracite-dial-steel-bracelet\/\" aria-label=\"Go to product page\">\r\n\t\t\t<div class=\"inner\"><img loading=\"lazy\" decoding=\"async\" width=\"300\" height=\"300\" src=\"https:\/\/atlanticwatches.ch\/wp-content\/uploads\/2025\/11\/55468.41.45-Grand-Prix-Anthracite-Dial-Stainless-Steel-Bracelet-300x300.webp\" class=\"attachment-woocommerce_thumbnail size-woocommerce_thumbnail\" alt=\"Chronographe \u00e0 Quartz Grand Prix | Cadran Anthracite Bracelet en Acier\" \/><\/div>\t\t<\/a>\r\n\t\t\t<\/div>\r\n\r\n\t<div class=\"product-content\">\r\n\t\t\r\n\t\t\t<a class=\"product-loop-title\"  href=\"https:\/\/atlanticwatches.ch\/fr\/shop\/montres-pour-hommes\/grand-prix\/grand-prix-quartz-chronograph-anthracite-dial-steel-bracelet\/\">\r\n\t<h3 class=\"woocommerce-loop-product__title\">Chronographe \u00e0 Quartz Grand Prix | Cadran Anthracite Bracelet en Acier<\/h3>\t<\/a>\r\n\t\r\n\t\t\n\t<span class=\"price\"><span class=\"woocommerce-Price-amount amount\"><bdi><span class=\"woocommerce-Price-currencySymbol\">&#67;&#72;&#70;<\/span>&nbsp;615.00<\/bdi><\/span><\/span>\n\r\n\t\t<div class=\"add-links-wrap\">\r\n\t<div class=\"add-links clearfix\">\r\n\t\t<span href=\"\/fr\/wp-json\/wp\/v2\/pages\/10509?add-to-cart=12734\" aria-describedby=\"woocommerce_loop_add_to_cart_link_describedby_12734\" data-quantity=\"1\" class=\"viewcart-style-2 button product_type_simple add_to_cart_button ajax_add_to_cart\" data-product_id=\"12734\" data-product_sku=\"55468.41.45\" aria-label=\"Ajouter au panier\u00a0: &ldquo;Chronographe \u00e0 Quartz Grand Prix | Cadran Anthracite Bracelet en Acier&rdquo;\" rel=\"nofollow\" data-success_message=\"\u00ab\u00a0Chronographe \u00e0 Quartz Grand Prix | Cadran Anthracite Bracelet en Acier\u00a0\u00bb a \u00e9t\u00e9 ajout\u00e9 \u00e0 votre panier\">Ajouter au panier<\/span>\t\t<span id=\"woocommerce_loop_add_to_cart_link_describedby_12734\" class=\"screen-reader-text\">\r\n\t\t\t<\/span>\r\n\t\t<div class=\"quickview\" data-id=\"12734\" title=\"Aper\u00e7u rapide\">Aper\u00e7u rapide<\/div>\t<\/div>\r\n\t<\/div>\r\n\t<\/div>\r\n<\/div>\r\n\r\n<\/li>\r\n\r\n<li role=\"none\" class=\"product-col product-default show-links-hover product type-product post-12588 status-publish instock product_cat-choisis-pour-vous product_cat-editions-limitees product_cat-montres-automatiques product_cat-montres-pour-hommes product_cat-nouveaux-arrivages product_cat-open-heart-edition-limitee product_cat-worldmaster product_tag-coeur-ouvert product_tag-montre-habillee product_tag-montres-automatiques has-post-thumbnail shipping-taxable purchasable product-type-simple\">\r\n<div class=\"product-inner\">\r\n\t\r\n\t<div class=\"product-image\">\r\n\r\n\t\t<a  href=\"https:\/\/atlanticwatches.ch\/fr\/shop\/montres-pour-hommes\/worldmaster\/open-heart-edition-limitee\/worldmaster-open-heart-limited-edition-white-yellow-gold-accents\/\" aria-label=\"Go to product page\">\r\n\t\t\t<div class=\"inner img-effect\"><img loading=\"lazy\" decoding=\"async\" width=\"300\" height=\"300\" src=\"https:\/\/atlanticwatches.ch\/wp-content\/uploads\/2025\/11\/52780.41.21G-300x300.webp\" class=\"attachment-woocommerce_thumbnail size-woocommerce_thumbnail\" alt=\"Worldmaster Open Heart \u00c9dition Limit\u00e9e | Blanc avec accents or jaune\" \/><img loading=\"lazy\" decoding=\"async\" width=\"300\" height=\"300\" src=\"https:\/\/atlanticwatches.ch\/wp-content\/uploads\/2021\/06\/52780_41_51_Back-300x300.png\" class=\"hover-image\" alt=\"\" \/><\/div>\t\t<\/a>\r\n\t\t\t<\/div>\r\n\r\n\t<div class=\"product-content\">\r\n\t\t\r\n\t\t\t<a class=\"product-loop-title\"  href=\"https:\/\/atlanticwatches.ch\/fr\/shop\/montres-pour-hommes\/worldmaster\/open-heart-edition-limitee\/worldmaster-open-heart-limited-edition-white-yellow-gold-accents\/\">\r\n\t<h3 class=\"woocommerce-loop-product__title\">Worldmaster Open Heart \u00c9dition Limit\u00e9e | Blanc avec accents or jaune<\/h3>\t<\/a>\r\n\t\r\n\t\t\n\t<span class=\"price\"><span class=\"woocommerce-Price-amount amount\"><bdi><span class=\"woocommerce-Price-currencySymbol\">&#67;&#72;&#70;<\/span>&nbsp;1,050.00<\/bdi><\/span><\/span>\n\r\n\t\t<div class=\"add-links-wrap\">\r\n\t<div class=\"add-links clearfix\">\r\n\t\t<span href=\"\/fr\/wp-json\/wp\/v2\/pages\/10509?add-to-cart=12588\" aria-describedby=\"woocommerce_loop_add_to_cart_link_describedby_12588\" data-quantity=\"1\" class=\"viewcart-style-2 button product_type_simple add_to_cart_button ajax_add_to_cart\" data-product_id=\"12588\" data-product_sku=\"52780.41.21G\" aria-label=\"Ajouter au panier\u00a0: &ldquo;Worldmaster Open Heart \u00c9dition Limit\u00e9e | Blanc avec accents or jaune&rdquo;\" rel=\"nofollow\" data-success_message=\"\u00ab\u00a0Worldmaster Open Heart \u00c9dition Limit\u00e9e | Blanc avec accents or jaune\u00a0\u00bb a \u00e9t\u00e9 ajout\u00e9 \u00e0 votre panier\">Ajouter au panier<\/span>\t\t<span id=\"woocommerce_loop_add_to_cart_link_describedby_12588\" class=\"screen-reader-text\">\r\n\t\t\t<\/span>\r\n\t\t<div class=\"quickview\" data-id=\"12588\" title=\"Aper\u00e7u rapide\">Aper\u00e7u rapide<\/div>\t<\/div>\r\n\t<\/div>\r\n\t<\/div>\r\n<\/div>\r\n\r\n<\/li>\r\n\r\n<li role=\"none\" class=\"product-col product-default show-links-hover product type-product post-12832 status-publish instock product_cat-elegance-fr product_cat-elegance-moonphase-fr product_cat-montres-a-quartz product_cat-montres-pour-dames product_cat-nouveaux-arrivages has-post-thumbnail shipping-taxable purchasable product-type-simple\">\r\n<div class=\"product-inner\">\r\n\t\r\n\t<div class=\"product-image\">\r\n\r\n\t\t<a  href=\"https:\/\/atlanticwatches.ch\/fr\/shop\/montres-pour-dames\/elegance-fr\/elegance-moonphase-fr\/elegance-moonphase-champagne-yellow-gold-pvd\/\" aria-label=\"Go to product page\">\r\n\t\t\t<div class=\"inner\"><img loading=\"lazy\" decoding=\"async\" width=\"300\" height=\"300\" src=\"https:\/\/atlanticwatches.ch\/wp-content\/uploads\/2025\/11\/Elegance-Moonphase-Yellow-Gold-PVD-300x300.webp\" class=\"attachment-woocommerce_thumbnail size-woocommerce_thumbnail\" alt=\"Elegance Moonphase | Champagne Dor\u00e9 PVD\" \/><\/div>\t\t<\/a>\r\n\t\t\t<\/div>\r\n\r\n\t<div class=\"product-content\">\r\n\t\t\r\n\t\t\t<a class=\"product-loop-title\"  href=\"https:\/\/atlanticwatches.ch\/fr\/shop\/montres-pour-dames\/elegance-fr\/elegance-moonphase-fr\/elegance-moonphase-champagne-yellow-gold-pvd\/\">\r\n\t<h3 class=\"woocommerce-loop-product__title\">Elegance Moonphase | Champagne Dor\u00e9 PVD<\/h3>\t<\/a>\r\n\t\r\n\t\t\n\t<span class=\"price\"><span class=\"woocommerce-Price-amount amount\"><bdi><span class=\"woocommerce-Price-currencySymbol\">&#67;&#72;&#70;<\/span>&nbsp;385.00<\/bdi><\/span><\/span>\n\r\n\t\t<div class=\"add-links-wrap\">\r\n\t<div class=\"add-links clearfix\">\r\n\t\t<span href=\"\/fr\/wp-json\/wp\/v2\/pages\/10509?add-to-cart=12832\" aria-describedby=\"woocommerce_loop_add_to_cart_link_describedby_12832\" data-quantity=\"1\" class=\"viewcart-style-2 button product_type_simple add_to_cart_button ajax_add_to_cart\" data-product_id=\"12832\" data-product_sku=\"29040.45.31MB\" aria-label=\"Ajouter au panier\u00a0: &ldquo;Elegance Moonphase | Champagne Dor\u00e9 PVD&rdquo;\" rel=\"nofollow\" data-success_message=\"\u00ab\u00a0Elegance Moonphase | Champagne Dor\u00e9 PVD\u00a0\u00bb a \u00e9t\u00e9 ajout\u00e9 \u00e0 votre panier\">Ajouter au panier<\/span>\t\t<span id=\"woocommerce_loop_add_to_cart_link_describedby_12832\" class=\"screen-reader-text\">\r\n\t\t\t<\/span>\r\n\t\t<div class=\"quickview\" data-id=\"12832\" title=\"Aper\u00e7u rapide\">Aper\u00e7u rapide<\/div>\t<\/div>\r\n\t<\/div>\r\n\t<\/div>\r\n<\/div>\r\n\r\n<\/li>\r\n\r\n<li role=\"none\" class=\"product-col product-default show-links-hover product type-product post-12521 status-publish instock product_cat-montres-a-quartz product_cat-montres-pour-hommes product_cat-nouveaux-arrivages product_cat-seacloud-fr product_cat-seacloud-diver product_tag-200m-etancheite product_tag-montre-de-plongee product_tag-montres-a-quartz has-post-thumbnail shipping-taxable purchasable product-type-simple\">\r\n<div class=\"product-inner\">\r\n\t\r\n\t<div class=\"product-image\">\r\n\r\n\t\t<a  href=\"https:\/\/atlanticwatches.ch\/fr\/shop\/montres-pour-hommes\/seacloud-fr\/seacloud-diver\/seacloud-cadran-blanc-sur-bracelet-metal\/\" aria-label=\"Go to product page\">\r\n\t\t\t<div class=\"inner\"><img loading=\"lazy\" decoding=\"async\" width=\"300\" height=\"300\" src=\"https:\/\/atlanticwatches.ch\/wp-content\/uploads\/2025\/11\/73375.41.21-300x300.webp\" class=\"attachment-woocommerce_thumbnail size-woocommerce_thumbnail\" alt=\"Seacloud Diver | Cadran blanc sur bracelet en m\u00e9tal\" \/><\/div>\t\t<\/a>\r\n\t\t\t<\/div>\r\n\r\n\t<div class=\"product-content\">\r\n\t\t\r\n\t\t\t<a class=\"product-loop-title\"  href=\"https:\/\/atlanticwatches.ch\/fr\/shop\/montres-pour-hommes\/seacloud-fr\/seacloud-diver\/seacloud-cadran-blanc-sur-bracelet-metal\/\">\r\n\t<h3 class=\"woocommerce-loop-product__title\">Seacloud Diver | Cadran blanc sur bracelet en m\u00e9tal<\/h3>\t<\/a>\r\n\t\r\n\t\t\n\t<span class=\"price\"><span class=\"woocommerce-Price-amount amount\"><bdi><span class=\"woocommerce-Price-currencySymbol\">&#67;&#72;&#70;<\/span>&nbsp;425.00<\/bdi><\/span><\/span>\n\r\n\t\t<div class=\"add-links-wrap\">\r\n\t<div class=\"add-links clearfix\">\r\n\t\t<span href=\"\/fr\/wp-json\/wp\/v2\/pages\/10509?add-to-cart=12521\" aria-describedby=\"woocommerce_loop_add_to_cart_link_describedby_12521\" data-quantity=\"1\" class=\"viewcart-style-2 button product_type_simple add_to_cart_button ajax_add_to_cart\" data-product_id=\"12521\" data-product_sku=\"73375.41.21\" aria-label=\"Ajouter au panier\u00a0: &ldquo;Seacloud Diver | Cadran blanc sur bracelet en m\u00e9tal&rdquo;\" rel=\"nofollow\" data-success_message=\"\u00ab\u00a0Seacloud Diver | Cadran blanc sur bracelet en m\u00e9tal\u00a0\u00bb a \u00e9t\u00e9 ajout\u00e9 \u00e0 votre panier\">Ajouter au panier<\/span>\t\t<span id=\"woocommerce_loop_add_to_cart_link_describedby_12521\" class=\"screen-reader-text\">\r\n\t\t\t<\/span>\r\n\t\t<div class=\"quickview\" data-id=\"12521\" title=\"Aper\u00e7u rapide\">Aper\u00e7u rapide<\/div>\t<\/div>\r\n\t<\/div>\r\n\t<\/div>\r\n<\/div>\r\n\r\n<\/li>\r\n\r\n<li role=\"none\" class=\"product-col product-default show-links-hover product type-product post-12600 status-publish instock product_cat-choisis-pour-vous product_cat-editions-limitees product_cat-montres-automatiques product_cat-montres-pour-hommes product_cat-nouveaux-arrivages product_cat-open-heart-edition-limitee product_cat-worldmaster product_tag-coeur-ouvert product_tag-montre-habillee product_tag-montres-automatiques has-post-thumbnail shipping-taxable purchasable product-type-simple\">\r\n<div class=\"product-inner\">\r\n\t\r\n\t<div class=\"product-image\">\r\n\r\n\t\t<a  href=\"https:\/\/atlanticwatches.ch\/fr\/shop\/montres-pour-hommes\/worldmaster\/open-heart-edition-limitee\/worldmaster-open-heart-limited-edition-blue-rose-gold-accents\/\" aria-label=\"Go to product page\">\r\n\t\t\t<div class=\"inner img-effect\"><img loading=\"lazy\" decoding=\"async\" width=\"300\" height=\"300\" src=\"https:\/\/atlanticwatches.ch\/wp-content\/uploads\/2025\/11\/52780.41.51R-300x300.webp\" class=\"attachment-woocommerce_thumbnail size-woocommerce_thumbnail\" alt=\"Worldmaster Open Heart \u00c9dition Limit\u00e9e | Bleu avec accents or rose\" \/><img loading=\"lazy\" decoding=\"async\" width=\"300\" height=\"300\" src=\"https:\/\/atlanticwatches.ch\/wp-content\/uploads\/2021\/06\/52780_41_51_Back-300x300.png\" class=\"hover-image\" alt=\"\" \/><\/div>\t\t<\/a>\r\n\t\t\t<\/div>\r\n\r\n\t<div class=\"product-content\">\r\n\t\t\r\n\t\t\t<a class=\"product-loop-title\"  href=\"https:\/\/atlanticwatches.ch\/fr\/shop\/montres-pour-hommes\/worldmaster\/open-heart-edition-limitee\/worldmaster-open-heart-limited-edition-blue-rose-gold-accents\/\">\r\n\t<h3 class=\"woocommerce-loop-product__title\">Worldmaster Open Heart \u00c9dition Limit\u00e9e | Bleu avec accents or rose<\/h3>\t<\/a>\r\n\t\r\n\t\t\n\t<span class=\"price\"><span class=\"woocommerce-Price-amount amount\"><bdi><span class=\"woocommerce-Price-currencySymbol\">&#67;&#72;&#70;<\/span>&nbsp;1,050.00<\/bdi><\/span><\/span>\n\r\n\t\t<div class=\"add-links-wrap\">\r\n\t<div class=\"add-links clearfix\">\r\n\t\t<span href=\"\/fr\/wp-json\/wp\/v2\/pages\/10509?add-to-cart=12600\" aria-describedby=\"woocommerce_loop_add_to_cart_link_describedby_12600\" data-quantity=\"1\" class=\"viewcart-style-2 button product_type_simple add_to_cart_button ajax_add_to_cart\" data-product_id=\"12600\" data-product_sku=\"52780.41.51R\" aria-label=\"Ajouter au panier\u00a0: &ldquo;Worldmaster Open Heart \u00c9dition Limit\u00e9e | Bleu avec accents or rose&rdquo;\" rel=\"nofollow\" data-success_message=\"\u00ab\u00a0Worldmaster Open Heart \u00c9dition Limit\u00e9e | Bleu avec accents or rose\u00a0\u00bb a \u00e9t\u00e9 ajout\u00e9 \u00e0 votre panier\">Ajouter au panier<\/span>\t\t<span id=\"woocommerce_loop_add_to_cart_link_describedby_12600\" class=\"screen-reader-text\">\r\n\t\t\t<\/span>\r\n\t\t<div class=\"quickview\" data-id=\"12600\" title=\"Aper\u00e7u rapide\">Aper\u00e7u rapide<\/div>\t<\/div>\r\n\t<\/div>\r\n\t<\/div>\r\n<\/div>\r\n\r\n<\/li>\r\n\r\n<li role=\"none\" class=\"product-col product-default show-links-hover product type-product post-12509 status-publish last instock product_cat-mariner-wave product_cat-mariner-wave-automatic product_cat-montres-automatiques product_cat-montres-pour-hommes product_cat-nouveaux-arrivages product_tag-200m-etancheite product_tag-42-mm product_tag-mariner product_tag-montre-bleue product_tag-montre-de-plongee product_tag-montres-automatiques has-post-thumbnail shipping-taxable purchasable product-type-simple\">\r\n<div class=\"product-inner\">\r\n\t\r\n\t<div class=\"product-image\">\r\n\r\n\t\t<a  href=\"https:\/\/atlanticwatches.ch\/fr\/shop\/montres-pour-hommes\/mariner-wave\/mariner-wave-automatic\/atlantic-mariner-wave-automatic-green-steel\/\" aria-label=\"Go to product page\">\r\n\t\t\t<div class=\"inner img-effect\"><img loading=\"lazy\" decoding=\"async\" width=\"300\" height=\"300\" src=\"https:\/\/atlanticwatches.ch\/wp-content\/uploads\/2025\/11\/81776.41.79-300x300.webp\" class=\"attachment-woocommerce_thumbnail size-woocommerce_thumbnail\" alt=\"Atlantic Mariner Wave Automatic | Cadran Vert\" \/><img loading=\"lazy\" decoding=\"async\" width=\"300\" height=\"300\" src=\"https:\/\/atlanticwatches.ch\/wp-content\/uploads\/2025\/11\/81771_Back-300x300.webp\" class=\"hover-image\" alt=\"\" \/><\/div>\t\t<\/a>\r\n\t\t\t<\/div>\r\n\r\n\t<div class=\"product-content\">\r\n\t\t\r\n\t\t\t<a class=\"product-loop-title\"  href=\"https:\/\/atlanticwatches.ch\/fr\/shop\/montres-pour-hommes\/mariner-wave\/mariner-wave-automatic\/atlantic-mariner-wave-automatic-green-steel\/\">\r\n\t<h3 class=\"woocommerce-loop-product__title\">Atlantic Mariner Wave Automatic | Cadran Vert<\/h3>\t<\/a>\r\n\t\r\n\t\t\n\t<span class=\"price\"><span class=\"woocommerce-Price-amount amount\"><bdi><span class=\"woocommerce-Price-currencySymbol\">&#67;&#72;&#70;<\/span>&nbsp;840.00<\/bdi><\/span><\/span>\n\r\n\t\t<div class=\"add-links-wrap\">\r\n\t<div class=\"add-links clearfix\">\r\n\t\t<span href=\"\/fr\/wp-json\/wp\/v2\/pages\/10509?add-to-cart=12509\" aria-describedby=\"woocommerce_loop_add_to_cart_link_describedby_12509\" data-quantity=\"1\" class=\"viewcart-style-2 button product_type_simple add_to_cart_button ajax_add_to_cart\" data-product_id=\"12509\" data-product_sku=\"81776.41.79\" aria-label=\"Ajouter au panier\u00a0: &ldquo;Atlantic Mariner Wave Automatic | Cadran Vert&rdquo;\" rel=\"nofollow\" data-success_message=\"\u00ab\u00a0Atlantic Mariner Wave Automatic | Cadran Vert\u00a0\u00bb a \u00e9t\u00e9 ajout\u00e9 \u00e0 votre panier\">Ajouter au panier<\/span>\t\t<span id=\"woocommerce_loop_add_to_cart_link_describedby_12509\" class=\"screen-reader-text\">\r\n\t\t\t<\/span>\r\n\t\t<div class=\"quickview\" data-id=\"12509\" title=\"Aper\u00e7u rapide\">Aper\u00e7u rapide<\/div>\t<\/div>\r\n\t<\/div>\r\n\t<\/div>\r\n<\/div>\r\n\r\n<\/li>\r\n<\/ul>\r\n<\/div>[\/vc_column][\/vc_row]<\/p>\n<\/div>","protected":false},"excerpt":{"rendered":"<p>[vc_row][vc_column][vc_column_text] IMPRIMER[\/vc_column_text][\/vc_column][\/vc_row][vc_row][vc_column width=\u00a0\u00bb1\/2&Prime;][vc_column_text]Nom de l&rsquo;entrepriseAtlantic Watch Production Ltd. Repr\u00e9sent\u00e9 parFredi Bickel, PDG AdresseSolothurnstrasse 44, CH &#8211; 2543 Lengnau, Suisse T\u00e9l\u00e9phone : +41 32 625 18 88 | Fax : +41 32 625 18 89 +41 32 625 18 88 | Fax : +41 32 625 18 89 E-Mail : info@atlantic-watch.ch Num\u00e9ro enregistr\u00e9CH-020.3.003.319-8 N\u00b0 TVACHE-102.048.998 MWST[\/vc_column_text][\/vc_column][vc_column [&hellip;]<\/p>\n","protected":false},"author":9,"featured_media":10489,"parent":0,"menu_order":0,"comment_status":"closed","ping_status":"closed","template":"","meta":{"footnotes":""},"class_list":["post-10509","page","type-page","status-publish","has-post-thumbnail","hentry"],"_links":{"self":[{"href":"https:\/\/atlanticwatches.ch\/fr\/wp-json\/wp\/v2\/pages\/10509","targetHints":{"allow":["GET"]}}],"collection":[{"href":"https:\/\/atlanticwatches.ch\/fr\/wp-json\/wp\/v2\/pages"}],"about":[{"href":"https:\/\/atlanticwatches.ch\/fr\/wp-json\/wp\/v2\/types\/page"}],"author":[{"embeddable":true,"href":"https:\/\/atlanticwatches.ch\/fr\/wp-json\/wp\/v2\/users\/9"}],"replies":[{"embeddable":true,"href":"https:\/\/atlanticwatches.ch\/fr\/wp-json\/wp\/v2\/comments?post=10509"}],"version-history":[{"count":0,"href":"https:\/\/atlanticwatches.ch\/fr\/wp-json\/wp\/v2\/pages\/10509\/revisions"}],"wp:featuredmedia":[{"embeddable":true,"href":"https:\/\/atlanticwatches.ch\/fr\/wp-json\/wp\/v2\/media\/10489"}],"wp:attachment":[{"href":"https:\/\/atlanticwatches.ch\/fr\/wp-json\/wp\/v2\/media?parent=10509"}],"curies":[{"name":"wp","href":"https:\/\/api.w.org\/{rel}","templated":true}]}}