{"id":10487,"date":"2020-10-04T18:20:30","date_gmt":"2020-10-04T16:20:30","guid":{"rendered":"https:\/\/atlanticwatches.ch\/politique-de-confidentialite\/"},"modified":"2020-10-04T18:20:30","modified_gmt":"2020-10-04T16:20:30","slug":"politique-de-confidentialite","status":"publish","type":"page","link":"https:\/\/atlanticwatches.ch\/fr\/politique-de-confidentialite\/","title":{"rendered":"Politique de confidentialit\u00e9"},"content":{"rendered":"<h3>Politique de confidentialit\u00e9<\/h3>\n<p>ATLANTIC WATCH LTD, Solothurnstrasse 44, 2543 Lengnau, Suisse (\u00ab\u00a0Atlantic\u00a0\u00bb, \u00ab\u00a0nous\u00a0\u00bb, \u00ab\u00a0notre\u00a0\u00bb) prend au s\u00e9rieux la protection de votre vie priv\u00e9e et la s\u00e9curit\u00e9 de vos donn\u00e9es personnelles. La pr\u00e9sente politique de confidentialit\u00e9, ainsi que nos conditions d&rsquo;utilisation, d\u00e9crivent la mani\u00e8re dont nous recueillons, utilisons et prot\u00e9geons vos donn\u00e9es personnelles lorsque vous visitez notre site web (\u00ab\u00a0le site web\u00a0\u00bb) et expliquent notre utilisation des cookies. Le traitement de vos donn\u00e9es personnelles est effectu\u00e9 conform\u00e9ment aux lois applicables en mati\u00e8re de protection des donn\u00e9es et aux fins sp\u00e9cifiques d\u00e9crites ci-dessous. <\/p>\n<h3>1. Types de donn\u00e9es collect\u00e9es<\/h3>\n<p>Nous pouvons collecter et traiter les types de donn\u00e9es suivants vous concernant :<\/p>\n<ul>\n<li><strong>Les informations fournies<\/strong> lorsque vous remplissez des formulaires sur notre site web. Il s&rsquo;agit notamment des donn\u00e9es partag\u00e9es avec notre service client\u00e8le lors de l&rsquo;enregistrement d&rsquo;un compte, de la passation d&rsquo;une commande ou d&rsquo;une demande de services suppl\u00e9mentaires. <\/li>\n<li><strong>Les enregistrements de la correspondance<\/strong> si vous nous contactez pour quelque raison que ce soit.<\/li>\n<li><strong>Les donn\u00e9es relatives \u00e0 l&rsquo;utilisation du site web<\/strong>, telles que les adresses IP, les informations sur le navigateur et le nom de domaine du site de r\u00e9f\u00e9rence, qui peuvent \u00eatre collect\u00e9es pour analyser et am\u00e9liorer le site web. Ces donn\u00e9es ne vous identifient pas personnellement et ne sont utilis\u00e9es qu&rsquo;\u00e0 des fins d&rsquo;analyse. <\/li>\n<\/ul>\n<h3>2. Localisation de vos donn\u00e9es \u00e0 caract\u00e8re personnel<\/h3>\n<p>Vos donn\u00e9es personnelles peuvent \u00eatre transf\u00e9r\u00e9es et stock\u00e9es dans des destinations s\u00e9curis\u00e9es en Suisse ou dans d&rsquo;autres lieux situ\u00e9s \u00e0 l&rsquo;int\u00e9rieur ou \u00e0 l&rsquo;ext\u00e9rieur de l&rsquo;Espace \u00e9conomique europ\u00e9en (\u00ab\u00a0EEE\u00a0\u00bb). En cas de transfert en dehors de l&rsquo;EEE, nous veillons \u00e0 ce que des garanties ad\u00e9quates, telles que des clauses contractuelles types, soient mises en place pour prot\u00e9ger vos donn\u00e9es. <\/p>\n<p>Toutes les donn\u00e9es que vous mettez \u00e0 notre disposition seront stock\u00e9es sur nos serveurs s\u00e9curis\u00e9s. Si nous vous fournissons un mot de passe pour acc\u00e9der \u00e0 certaines parties du site web, ou si vous en choisissez un vous-m\u00eame, vous \u00eates responsable de sa confidentialit\u00e9. <\/p>\n<h3>3. Utilisation des donn\u00e9es<\/h3>\n<p>Nous pouvons utiliser vos donn\u00e9es personnelles aux fins suivantes :<\/p>\n<ul>\n<li>Pour vous fournir les informations, les produits ou les services que vous nous demandez.<\/li>\n<li>pour remplir nos obligations contractuelles \u00e0 votre \u00e9gard.<\/li>\n<li>Pour vous permettre de participer \u00e0 des services interactifs si vous le souhaitez.<\/li>\n<li>Pour vous informer des modifications apport\u00e9es \u00e0 nos services ou \u00e0 nos produits.<\/li>\n<li>Pour g\u00e9rer votre compte et offrir une assistance \u00e0 la client\u00e8le.<\/li>\n<li>Pour vous informer des r\u00e9sultats des concours en ligne.<\/li>\n<li>Pour vous envoyer des enqu\u00eates afin d&rsquo;\u00e9valuer votre satisfaction \u00e0 l&rsquo;\u00e9gard de nos services, de nos produits et de votre exp\u00e9rience globale.<\/li>\n<li>Si vous \u00eates un client existant, nous pouvons vous contacter par voie \u00e9lectronique (par exemple, par e-mail, SMS, APP) pour vous communiquer des informations sur des biens et services similaires \u00e0 ceux que vous avez d\u00e9j\u00e0 achet\u00e9s.<\/li>\n<\/ul>\n<h3>4. Divulgation de vos donn\u00e9es<\/h3>\n<p>Nous pouvons partager vos donn\u00e9es personnelles avec des tiers dans les circonstances suivantes :<\/p>\n<ul>\n<li><strong>Prestataires de services<\/strong>: Aux tiers qui soutiennent nos op\u00e9rations commerciales, tels que les fournisseurs de services informatiques, les soci\u00e9t\u00e9s de logistique et les agences de marketing. Ces tiers sont tenus de maintenir le m\u00eame niveau de s\u00e9curit\u00e9 pour vos donn\u00e9es qu&rsquo;Atlantic. <\/li>\n<li><strong>Transactions commerciales<\/strong>: En cas de fusion, de vente ou d&rsquo;acquisition d&rsquo;actifs, nous pouvons divulguer vos donn\u00e9es \u00e0 caract\u00e8re personnel \u00e0 l&rsquo;acheteur ou au vendeur.<\/li>\n<li><strong>Respect de la loi<\/strong>: Si la loi l&rsquo;exige ou pour prot\u00e9ger les droits, la propri\u00e9t\u00e9 ou la s\u00e9curit\u00e9 d&rsquo;Atlantic, de nos clients ou d&rsquo;autres personnes. Cela inclut l&rsquo;\u00e9change d&rsquo;informations avec d&rsquo;autres soci\u00e9t\u00e9s et organisations pour la protection contre la fraude et la r\u00e9duction du risque de cr\u00e9dit. <\/li>\n<\/ul>\n<h3>5. Vos droits<\/h3>\n<p>Vous avez le droit de :<\/p>\n<ul>\n<li>Acc\u00e9dez \u00e0 vos donn\u00e9es personnelles et demandez-en une copie.<\/li>\n<li>Demander la correction ou la suppression de vos donn\u00e9es personnelles.<\/li>\n<li>S&rsquo;opposer au traitement de vos donn\u00e9es personnelles ou le restreindre.<\/li>\n<li>Demander la portabilit\u00e9 des donn\u00e9es, le cas \u00e9ch\u00e9ant.<\/li>\n<li>Retirez votre consentement \u00e0 la commercialisation \u00e0 tout moment en nous contactant \u00e0 l&rsquo;adresse <a rel=\"noopener\">info@atlantic-watch.ch<\/a>.<\/li>\n<\/ul>\n<p>Pour exercer vos droits, veuillez nous contacter \u00e0 ATLANTIC WATCH LTD, Solothurnstrasse 44, 2543 Lengnau, Suisse, ou via <a rel=\"noopener\">info@atlantic-watch.ch<\/a>.<\/p>\n<h3>6. Cookies et logiciels espions<\/h3>\n<p>Nous utilisons des cookies pour am\u00e9liorer votre exp\u00e9rience sur notre site web. Un cookie est un petit fichier texte qui est stock\u00e9 sur votre appareil et qui nous aide \u00e0 reconna\u00eetre vos pr\u00e9f\u00e9rences. <\/p>\n<ul>\n<li><strong>Pr\u00e9f\u00e9rences en mati\u00e8re de cookies<\/strong>: La plupart des navigateurs vous permettent de contr\u00f4ler les param\u00e8tres des cookies, notamment de bloquer les nouveaux cookies ou de supprimer les cookies existants. Toutefois, le blocage ou la suppression des cookies peut affecter la fonctionnalit\u00e9 du site web. <\/li>\n<li><strong>Pas de logiciel espion<\/strong>: Nous n&rsquo;utilisons pas de logiciels espions ou de technologies similaires pour acc\u00e9der aux donn\u00e9es de votre appareil.<\/li>\n<\/ul>\n<h3>7. Modifications de la pr\u00e9sente politique de protection de la vie priv\u00e9e<\/h3>\n<p>Nous pouvons mettre \u00e0 jour la pr\u00e9sente politique de confidentialit\u00e9 de temps \u00e0 autre. Toute modification sera publi\u00e9e sur cette page et, le cas \u00e9ch\u00e9ant, vous sera notifi\u00e9e par courrier \u00e9lectronique. Nous vous invitons \u00e0 consulter r\u00e9guli\u00e8rement cette page pour vous tenir inform\u00e9 des mises \u00e0 jour.  <\/p>\n<h3>8. Contact<\/h3>\n<p>Si vous avez des questions sur la pr\u00e9sente politique de confidentialit\u00e9 ou sur la mani\u00e8re dont nous traitons vos donn\u00e9es, veuillez nous contacter \u00e0 l&rsquo;adresse suivante :<\/p>\n<p><strong>ATLANTIC WATCH LTD<\/strong><br \/>\nSolothurnstrasse 44, 2543 Lengnau, Suisse<br \/>\nE-mail : <a rel=\"noopener\">info@atlantic-watch.ch<\/a><\/p>\n","protected":false},"excerpt":{"rendered":"<p>Politique de confidentialit\u00e9 ATLANTIC WATCH LTD, Solothurnstrasse 44, 2543 Lengnau, Suisse (\u00ab\u00a0Atlantic\u00a0\u00bb, \u00ab\u00a0nous\u00a0\u00bb, \u00ab\u00a0notre\u00a0\u00bb) prend au s\u00e9rieux la protection de votre vie priv\u00e9e et la s\u00e9curit\u00e9 de vos donn\u00e9es personnelles. La pr\u00e9sente politique de confidentialit\u00e9, ainsi que nos conditions d&rsquo;utilisation, d\u00e9crivent la mani\u00e8re dont nous recueillons, utilisons et prot\u00e9geons vos donn\u00e9es personnelles lorsque vous visitez [&hellip;]<\/p>\n","protected":false},"author":9,"featured_media":10489,"parent":0,"menu_order":0,"comment_status":"closed","ping_status":"closed","template":"","meta":{"footnotes":""},"class_list":["post-10487","page","type-page","status-publish","has-post-thumbnail","hentry"],"_links":{"self":[{"href":"https:\/\/atlanticwatches.ch\/fr\/wp-json\/wp\/v2\/pages\/10487","targetHints":{"allow":["GET"]}}],"collection":[{"href":"https:\/\/atlanticwatches.ch\/fr\/wp-json\/wp\/v2\/pages"}],"about":[{"href":"https:\/\/atlanticwatches.ch\/fr\/wp-json\/wp\/v2\/types\/page"}],"author":[{"embeddable":true,"href":"https:\/\/atlanticwatches.ch\/fr\/wp-json\/wp\/v2\/users\/9"}],"replies":[{"embeddable":true,"href":"https:\/\/atlanticwatches.ch\/fr\/wp-json\/wp\/v2\/comments?post=10487"}],"version-history":[{"count":0,"href":"https:\/\/atlanticwatches.ch\/fr\/wp-json\/wp\/v2\/pages\/10487\/revisions"}],"wp:featuredmedia":[{"embeddable":true,"href":"https:\/\/atlanticwatches.ch\/fr\/wp-json\/wp\/v2\/media\/10489"}],"wp:attachment":[{"href":"https:\/\/atlanticwatches.ch\/fr\/wp-json\/wp\/v2\/media?parent=10487"}],"curies":[{"name":"wp","href":"https:\/\/api.w.org\/{rel}","templated":true}]}}