{"id":10453,"date":"2021-02-15T08:17:00","date_gmt":"2021-02-15T07:17:00","guid":{"rendered":"https:\/\/atlanticwatches.ch\/saferpay-checkout\/"},"modified":"2021-02-15T08:17:00","modified_gmt":"2021-02-15T07:17:00","slug":"saferpay-checkout","status":"publish","type":"page","link":"https:\/\/atlanticwatches.ch\/fr\/saferpay-checkout\/","title":{"rendered":"Saferpay Checkout"},"content":{"rendered":"D\u00e9sol\u00e9, donn\u00e9es invalides\n","protected":false},"excerpt":{"rendered":"D\u00e9sol\u00e9, donn\u00e9es invalides","protected":false},"author":9,"featured_media":0,"parent":0,"menu_order":0,"comment_status":"closed","ping_status":"closed","template":"","meta":{"footnotes":""},"class_list":["post-10453","page","type-page","status-publish","hentry"],"_links":{"self":[{"href":"https:\/\/atlanticwatches.ch\/fr\/wp-json\/wp\/v2\/pages\/10453","targetHints":{"allow":["GET"]}}],"collection":[{"href":"https:\/\/atlanticwatches.ch\/fr\/wp-json\/wp\/v2\/pages"}],"about":[{"href":"https:\/\/atlanticwatches.ch\/fr\/wp-json\/wp\/v2\/types\/page"}],"author":[{"embeddable":true,"href":"https:\/\/atlanticwatches.ch\/fr\/wp-json\/wp\/v2\/users\/9"}],"replies":[{"embeddable":true,"href":"https:\/\/atlanticwatches.ch\/fr\/wp-json\/wp\/v2\/comments?post=10453"}],"version-history":[{"count":0,"href":"https:\/\/atlanticwatches.ch\/fr\/wp-json\/wp\/v2\/pages\/10453\/revisions"}],"wp:attachment":[{"href":"https:\/\/atlanticwatches.ch\/fr\/wp-json\/wp\/v2\/media?parent=10453"}],"curies":[{"name":"wp","href":"https:\/\/api.w.org\/{rel}","templated":true}]}}