{"id":10386,"date":"2020-11-08T11:55:48","date_gmt":"2020-11-08T10:55:48","guid":{"rendered":"https:\/\/atlanticwatches.ch\/atlantic-download-center\/atlantic-user-manuals\/"},"modified":"2025-04-01T06:36:48","modified_gmt":"2025-04-01T04:36:48","slug":"atlantic-user-manuals","status":"publish","type":"page","link":"https:\/\/atlanticwatches.ch\/fr\/atlantic-download-center\/atlantic-user-manuals\/","title":{"rendered":"Atlantic User Manuals"},"content":{"rendered":"<div class=\"wpb-content-wrapper\"><p>[vc_row][vc_column][vc_column_text]<\/p>\n<h3>Atlantic Download Center: User Manuals<\/h3>\n<p>[\/vc_column_text][\/vc_column][\/vc_row][vc_row][vc_column width=\u00a0\u00bb1\/3&Prime;][vc_single_image image=\u00a0\u00bb4957&Prime; img_size=\u00a0\u00bblarge\u00a0\u00bb alignment=\u00a0\u00bbcenter\u00a0\u00bb onclick=\u00a0\u00bbcustom_link\u00a0\u00bb img_link_target=\u00a0\u00bb_blank\u00a0\u00bb link=\u00a0\u00bbhttps:\/\/atlanticwatches.ch\/wp-content\/uploads\/2022\/01\/ETA-7751-Moonphase.pdf\u00a0\u00bb label=\u00a0\u00bb\u00a0\u00bb][\/vc_column][vc_column width=\u00a0\u00bb1\/3&Prime;][vc_single_image image=\u00a0\u00bb4955&Prime; img_size=\u00a0\u00bblarge\u00a0\u00bb alignment=\u00a0\u00bbcenter\u00a0\u00bb onclick=\u00a0\u00bbcustom_link\u00a0\u00bb img_link_target=\u00a0\u00bb_blank\u00a0\u00bb link=\u00a0\u00bbhttps:\/\/atlanticwatches.ch\/wp-content\/uploads\/2021\/03\/BA_X30_en.pdf\u00a0\u00bb][\/vc_column][vc_column width=\u00a0\u00bb1\/3&Prime;][vc_single_image image=\u00a0\u00bb5023&Prime; img_size=\u00a0\u00bblarge\u00a0\u00bb alignment=\u00a0\u00bbcenter\u00a0\u00bb onclick=\u00a0\u00bbcustom_link\u00a0\u00bb img_link_target=\u00a0\u00bb_blank\u00a0\u00bb link=\u00a0\u00bbhttps:\/\/atlanticwatches.ch\/wp-content\/uploads\/2022\/01\/ETA-F05.841-Moonphase-Q.pdf\u00a0\u00bb label=\u00a0\u00bb\u00a0\u00bb][\/vc_column][\/vc_row][vc_row][vc_column][vc_column_text]<\/p>\n<h4>User Guide International<\/h4>\n<div style=\"position: relative; padding-top: max(60%,326px); height: 0; width: 100%;\"><iframe style=\"position: absolute; border: none; width: 100%; height: 100%; left: 0; right: 0; top: 0; bottom: 0;\" src=\"https:\/\/e.issuu.com\/embed.html?d=user_guide_international_spring_201&amp;hideIssuuLogo=true&amp;hideShareButton=true&amp;u=atlanticwatch\" sandbox=\"allow-top-navigation allow-top-navigation-by-user-activation allow-downloads allow-scripts allow-same-origin allow-popups allow-modals allow-popups-to-escape-sandbox\" allowfullscreen=\"allowfullscreen\"><\/iframe><\/div>\n<hr \/>\n<h4>User Guide Russian<\/h4>\n<div style=\"position: relative; padding-top: max(60%,326px); height: 0; width: 100%;\"><iframe style=\"position: absolute; border: none; width: 100%; height: 100%; left: 0; right: 0; top: 0; bottom: 0;\" src=\"https:\/\/e.issuu.com\/embed.html?d=user_guide_russisch_spring_2019&amp;hideIssuuLogo=true&amp;hideShareButton=true&amp;u=atlanticwatch\" sandbox=\"allow-top-navigation allow-top-navigation-by-user-activation allow-downloads allow-scripts allow-same-origin allow-popups allow-modals allow-popups-to-escape-sandbox\" allowfullscreen=\"allowfullscreen\"><\/iframe><\/div>\n<hr \/>\n<h4>User Guide Polish<\/h4>\n<div style=\"position: relative; padding-top: max(60%,326px); height: 0; width: 100%;\"><iframe style=\"position: absolute; border: none; width: 100%; height: 100%; left: 0; right: 0; top: 0; bottom: 0;\" src=\"https:\/\/e.issuu.com\/embed.html?d=user_guide_polnisch_2017&amp;hideIssuuLogo=true&amp;hideShareButton=true&amp;u=atlanticwatch\" sandbox=\"allow-top-navigation allow-top-navigation-by-user-activation allow-downloads allow-scripts allow-same-origin allow-popups allow-modals allow-popups-to-escape-sandbox\" allowfullscreen=\"allowfullscreen\"><\/iframe><\/div>\n<p><strong><a href=\"https:\/\/atlanticwatches.ch\/fr\/atlantic-download-center\/\">&lt; Back to Download Center<\/a><\/strong>[\/vc_column_text][\/vc_column][\/vc_row][vc_row][vc_column][vc_text_separator title=\u00a0\u00bbInspiration for You\u00a0\u00bb color=\u00a0\u00bbblack\u00a0\u00bb style=\u00a0\u00bbsolid\u00a0\u00bb]<div class=\"woocommerce columns-7 \"><ul class=\"products products-container grid gap-narrow has-ccols has-ccols-spacing ccols-xl-7 ccols-lg-5 ccols-md-5 ccols-sm-3 ccols-2 pwidth-lg-7 pwidth-md-6 pwidth-xs-3 pwidth-ls-2 is-shortcode\"\r\n\t data-product_layout=\"product-default show-links-hover\" role=\"none\">\r\n\r\n<li role=\"none\" class=\"product-col product-default show-links-hover product type-product post-12718 status-publish first instock product_cat-choisis-pour-vous product_cat-grand-prix product_cat-montres-a-quartz product_cat-montres-pour-hommes product_cat-nouveaux-arrivages product_tag-44mm product_tag-chronographe product_tag-montres-a-quartz product_tag-resistance-a-leau-100m product_tag-sports-watch has-post-thumbnail shipping-taxable purchasable product-type-simple\">\r\n<div class=\"product-inner\">\r\n\t\r\n\t<div class=\"product-image\">\r\n\r\n\t\t<a  href=\"https:\/\/atlanticwatches.ch\/fr\/shop\/montres-pour-hommes\/grand-prix\/grand-prix-quartz-chronograph-black-dial-carbon-leather\/\" aria-label=\"Go to product page\">\r\n\t\t\t<div class=\"inner\"><img loading=\"lazy\" decoding=\"async\" width=\"300\" height=\"300\" src=\"https:\/\/atlanticwatches.ch\/wp-content\/uploads\/2025\/11\/55463.41.65-Grand-Prix-Black-Dial-carbon-Leather-300x300.webp\" class=\"attachment-woocommerce_thumbnail size-woocommerce_thumbnail\" alt=\"Grand Prix Chronographe \u00e0 quartz | Cadran noir Cuir carbone\" \/><\/div>\t\t<\/a>\r\n\t\t\t<\/div>\r\n\r\n\t<div class=\"product-content\">\r\n\t\t\r\n\t\t\t<a class=\"product-loop-title\"  href=\"https:\/\/atlanticwatches.ch\/fr\/shop\/montres-pour-hommes\/grand-prix\/grand-prix-quartz-chronograph-black-dial-carbon-leather\/\">\r\n\t<h3 class=\"woocommerce-loop-product__title\">Grand Prix Chronographe \u00e0 quartz | Cadran noir Cuir carbone<\/h3>\t<\/a>\r\n\t\r\n\t\t\n\t<span class=\"price\"><span class=\"woocommerce-Price-amount amount\"><bdi><span class=\"woocommerce-Price-currencySymbol\">&#67;&#72;&#70;<\/span>&nbsp;555.00<\/bdi><\/span><\/span>\n\r\n\t\t<div class=\"add-links-wrap\">\r\n\t<div class=\"add-links clearfix\">\r\n\t\t<span href=\"\/fr\/wp-json\/wp\/v2\/pages\/10386?add-to-cart=12718\" aria-describedby=\"woocommerce_loop_add_to_cart_link_describedby_12718\" data-quantity=\"1\" class=\"viewcart-style-2 button product_type_simple add_to_cart_button ajax_add_to_cart\" data-product_id=\"12718\" data-product_sku=\"55463.41.65\" aria-label=\"Ajouter au panier\u00a0: &ldquo;Grand Prix Chronographe \u00e0 quartz | Cadran noir Cuir carbone&rdquo;\" rel=\"nofollow\" data-success_message=\"\u00ab\u00a0Grand Prix Chronographe \u00e0 quartz | Cadran noir Cuir carbone\u00a0\u00bb a \u00e9t\u00e9 ajout\u00e9 \u00e0 votre panier\">Ajouter au panier<\/span>\t\t<span id=\"woocommerce_loop_add_to_cart_link_describedby_12718\" class=\"screen-reader-text\">\r\n\t\t\t<\/span>\r\n\t\t<div class=\"quickview\" data-id=\"12718\" title=\"Aper\u00e7u rapide\">Aper\u00e7u rapide<\/div>\t<\/div>\r\n\t<\/div>\r\n\t<\/div>\r\n<\/div>\r\n\r\n<\/li>\r\n\r\n<li role=\"none\" class=\"product-col product-default show-links-hover product type-product post-10886 status-publish instock product_cat-choisis-pour-vous product_cat-montres-a-quartz product_cat-montres-pour-hommes product_cat-seaflight has-post-thumbnail shipping-taxable purchasable product-type-simple\">\r\n<div class=\"product-inner\">\r\n\t\r\n\t<div class=\"product-image\">\r\n\r\n\t\t<a  href=\"https:\/\/atlanticwatches.ch\/fr\/shop\/montres-pour-hommes\/seaflight\/seaflight-new-edition-gents-black-steel\/\" aria-label=\"Go to product page\">\r\n\t\t\t<div class=\"inner\"><img loading=\"lazy\" decoding=\"async\" width=\"300\" height=\"300\" src=\"https:\/\/atlanticwatches.ch\/wp-content\/uploads\/2022\/10\/70356.41.65-300x300.jpg\" class=\"attachment-woocommerce_thumbnail size-woocommerce_thumbnail\" alt=\"Seaflight New Edition Gents Black Steel\" \/><\/div>\t\t<\/a>\r\n\t\t\t<\/div>\r\n\r\n\t<div class=\"product-content\">\r\n\t\t\r\n\t\t\t<a class=\"product-loop-title\"  href=\"https:\/\/atlanticwatches.ch\/fr\/shop\/montres-pour-hommes\/seaflight\/seaflight-new-edition-gents-black-steel\/\">\r\n\t<h3 class=\"woocommerce-loop-product__title\">Seaflight New Edition Gents Black Steel<\/h3>\t<\/a>\r\n\t\r\n\t\t\n\t<span class=\"price\"><span class=\"woocommerce-Price-amount amount\"><bdi><span class=\"woocommerce-Price-currencySymbol\">&#67;&#72;&#70;<\/span>&nbsp;370.00<\/bdi><\/span><\/span>\n\r\n\t\t<div class=\"add-links-wrap\">\r\n\t<div class=\"add-links clearfix\">\r\n\t\t<span href=\"\/fr\/wp-json\/wp\/v2\/pages\/10386?add-to-cart=10886\" aria-describedby=\"woocommerce_loop_add_to_cart_link_describedby_10886\" data-quantity=\"1\" class=\"viewcart-style-2 button product_type_simple add_to_cart_button ajax_add_to_cart\" data-product_id=\"10886\" data-product_sku=\"70356.41.65\" aria-label=\"Ajouter au panier\u00a0: &ldquo;Seaflight New Edition Gents Black Steel&rdquo;\" rel=\"nofollow\" data-success_message=\"\u00ab\u00a0Seaflight New Edition Gents Black Steel\u00a0\u00bb a \u00e9t\u00e9 ajout\u00e9 \u00e0 votre panier\">Ajouter au panier<\/span>\t\t<span id=\"woocommerce_loop_add_to_cart_link_describedby_10886\" class=\"screen-reader-text\">\r\n\t\t\t<\/span>\r\n\t\t<div class=\"quickview\" data-id=\"10886\" title=\"Aper\u00e7u rapide\">Aper\u00e7u rapide<\/div>\t<\/div>\r\n\t<\/div>\r\n\t<\/div>\r\n<\/div>\r\n\r\n<\/li>\r\n\r\n<li role=\"none\" class=\"product-col product-default show-links-hover product type-product post-12588 status-publish instock product_cat-choisis-pour-vous product_cat-editions-limitees product_cat-montres-automatiques product_cat-montres-pour-hommes product_cat-nouveaux-arrivages product_cat-open-heart-edition-limitee product_cat-worldmaster product_tag-coeur-ouvert product_tag-montre-habillee product_tag-montres-automatiques has-post-thumbnail shipping-taxable purchasable product-type-simple\">\r\n<div class=\"product-inner\">\r\n\t\r\n\t<div class=\"product-image\">\r\n\r\n\t\t<a  href=\"https:\/\/atlanticwatches.ch\/fr\/shop\/montres-pour-hommes\/worldmaster\/open-heart-edition-limitee\/worldmaster-open-heart-limited-edition-white-yellow-gold-accents\/\" aria-label=\"Go to product page\">\r\n\t\t\t<div class=\"inner img-effect\"><img loading=\"lazy\" decoding=\"async\" width=\"300\" height=\"300\" src=\"https:\/\/atlanticwatches.ch\/wp-content\/uploads\/2025\/11\/52780.41.21G-300x300.webp\" class=\"attachment-woocommerce_thumbnail size-woocommerce_thumbnail\" alt=\"Worldmaster Open Heart \u00c9dition Limit\u00e9e | Blanc avec accents or jaune\" \/><img loading=\"lazy\" decoding=\"async\" width=\"300\" height=\"300\" src=\"https:\/\/atlanticwatches.ch\/wp-content\/uploads\/2021\/06\/52780_41_51_Back-300x300.png\" class=\"hover-image\" alt=\"\" \/><\/div>\t\t<\/a>\r\n\t\t\t<\/div>\r\n\r\n\t<div class=\"product-content\">\r\n\t\t\r\n\t\t\t<a class=\"product-loop-title\"  href=\"https:\/\/atlanticwatches.ch\/fr\/shop\/montres-pour-hommes\/worldmaster\/open-heart-edition-limitee\/worldmaster-open-heart-limited-edition-white-yellow-gold-accents\/\">\r\n\t<h3 class=\"woocommerce-loop-product__title\">Worldmaster Open Heart \u00c9dition Limit\u00e9e | Blanc avec accents or jaune<\/h3>\t<\/a>\r\n\t\r\n\t\t\n\t<span class=\"price\"><span class=\"woocommerce-Price-amount amount\"><bdi><span class=\"woocommerce-Price-currencySymbol\">&#67;&#72;&#70;<\/span>&nbsp;1,050.00<\/bdi><\/span><\/span>\n\r\n\t\t<div class=\"add-links-wrap\">\r\n\t<div class=\"add-links clearfix\">\r\n\t\t<span href=\"\/fr\/wp-json\/wp\/v2\/pages\/10386?add-to-cart=12588\" aria-describedby=\"woocommerce_loop_add_to_cart_link_describedby_12588\" data-quantity=\"1\" class=\"viewcart-style-2 button product_type_simple add_to_cart_button ajax_add_to_cart\" data-product_id=\"12588\" data-product_sku=\"52780.41.21G\" aria-label=\"Ajouter au panier\u00a0: &ldquo;Worldmaster Open Heart \u00c9dition Limit\u00e9e | Blanc avec accents or jaune&rdquo;\" rel=\"nofollow\" data-success_message=\"\u00ab\u00a0Worldmaster Open Heart \u00c9dition Limit\u00e9e | Blanc avec accents or jaune\u00a0\u00bb a \u00e9t\u00e9 ajout\u00e9 \u00e0 votre panier\">Ajouter au panier<\/span>\t\t<span id=\"woocommerce_loop_add_to_cart_link_describedby_12588\" class=\"screen-reader-text\">\r\n\t\t\t<\/span>\r\n\t\t<div class=\"quickview\" data-id=\"12588\" title=\"Aper\u00e7u rapide\">Aper\u00e7u rapide<\/div>\t<\/div>\r\n\t<\/div>\r\n\t<\/div>\r\n<\/div>\r\n\r\n<\/li>\r\n\r\n<li role=\"none\" class=\"product-col product-default show-links-hover product type-product post-12446 status-publish instock product_cat-choisis-pour-vous product_cat-desert-racer-vba442 product_cat-editions-limitees product_cat-grand-prix product_cat-montres-a-quartz product_cat-montres-pour-hommes product_cat-nouveaux-arrivages product_tag-44mm product_tag-chronographe product_tag-montre-en-edition-limitee product_tag-montre-noir product_tag-montres-a-quartz product_tag-resistance-a-leau-100m product_tag-sports-watch has-post-thumbnail shipping-taxable purchasable product-type-simple\">\r\n<div class=\"product-inner\">\r\n\t\r\n\t<div class=\"product-image\">\r\n\r\n\t\t<a  href=\"https:\/\/atlanticwatches.ch\/fr\/shop\/montres-pour-hommes\/desert-racer-vba442\/desert-racer-vba-442-limited-edition\/\" aria-label=\"Go to product page\">\r\n\t\t\t<div class=\"inner img-effect\"><img loading=\"lazy\" decoding=\"async\" width=\"300\" height=\"300\" src=\"https:\/\/atlanticwatches.ch\/wp-content\/uploads\/2025\/11\/55463.46.45-LE-VBA442-300x300.webp\" class=\"attachment-woocommerce_thumbnail size-woocommerce_thumbnail\" alt=\"Desert Racer VBA 442 Limited Edition\" \/><img loading=\"lazy\" decoding=\"async\" width=\"300\" height=\"300\" src=\"https:\/\/atlanticwatches.ch\/wp-content\/uploads\/2025\/11\/55463.46.45_back-LE-VBA442-300x300.webp\" class=\"hover-image\" alt=\"\" \/><\/div>\t\t<\/a>\r\n\t\t\t<\/div>\r\n\r\n\t<div class=\"product-content\">\r\n\t\t\r\n\t\t\t<a class=\"product-loop-title\"  href=\"https:\/\/atlanticwatches.ch\/fr\/shop\/montres-pour-hommes\/desert-racer-vba442\/desert-racer-vba-442-limited-edition\/\">\r\n\t<h3 class=\"woocommerce-loop-product__title\">Desert Racer VBA 442 Limited Edition<\/h3>\t<\/a>\r\n\t\r\n\t\t\n\t<span class=\"price\"><span class=\"woocommerce-Price-amount amount\"><bdi><span class=\"woocommerce-Price-currencySymbol\">&#67;&#72;&#70;<\/span>&nbsp;655.00<\/bdi><\/span><\/span>\n\r\n\t\t<div class=\"add-links-wrap\">\r\n\t<div class=\"add-links clearfix\">\r\n\t\t<span href=\"\/fr\/wp-json\/wp\/v2\/pages\/10386?add-to-cart=12446\" aria-describedby=\"woocommerce_loop_add_to_cart_link_describedby_12446\" data-quantity=\"1\" class=\"viewcart-style-2 button product_type_simple add_to_cart_button ajax_add_to_cart\" data-product_id=\"12446\" data-product_sku=\"55463.46.45\" aria-label=\"Ajouter au panier\u00a0: &ldquo;Desert Racer VBA 442 Limited Edition&rdquo;\" rel=\"nofollow\" data-success_message=\"\u00ab\u00a0Desert Racer VBA 442 Limited Edition\u00a0\u00bb a \u00e9t\u00e9 ajout\u00e9 \u00e0 votre panier\">Ajouter au panier<\/span>\t\t<span id=\"woocommerce_loop_add_to_cart_link_describedby_12446\" class=\"screen-reader-text\">\r\n\t\t\t<\/span>\r\n\t\t<div class=\"quickview\" data-id=\"12446\" title=\"Aper\u00e7u rapide\">Aper\u00e7u rapide<\/div>\t<\/div>\r\n\t<\/div>\r\n\t<\/div>\r\n<\/div>\r\n\r\n<\/li>\r\n\r\n<li role=\"none\" class=\"product-col product-default show-links-hover product type-product post-10875 status-publish instock product_cat-choisis-pour-vous product_cat-montres-mecaniques-a-remontage-manuel product_cat-montres-pour-hommes product_cat-worldmaster product_cat-worldmaster-original-fr has-post-thumbnail shipping-taxable purchasable product-type-simple\">\r\n<div class=\"product-inner\">\r\n\t\r\n\t<div class=\"product-image\">\r\n\r\n\t\t<a  href=\"https:\/\/atlanticwatches.ch\/fr\/shop\/montres-pour-hommes\/worldmaster\/worldmaster-original-fr\/worldmaster-original-mechanical-cream\/\" aria-label=\"Go to product page\">\r\n\t\t\t<div class=\"inner img-effect\"><img loading=\"lazy\" decoding=\"async\" width=\"300\" height=\"300\" src=\"https:\/\/atlanticwatches.ch\/wp-content\/uploads\/2022\/10\/53680.41.93-300x300.jpg\" class=\"attachment-woocommerce_thumbnail size-woocommerce_thumbnail\" alt=\"Worldmaster Original Mechanical | Cream\" \/><img loading=\"lazy\" decoding=\"async\" width=\"300\" height=\"300\" src=\"https:\/\/atlanticwatches.ch\/wp-content\/uploads\/2022\/10\/53680_Back-Kopie-300x300.jpg\" class=\"hover-image\" alt=\"\" \/><\/div>\t\t<\/a>\r\n\t\t\t<\/div>\r\n\r\n\t<div class=\"product-content\">\r\n\t\t\r\n\t\t\t<a class=\"product-loop-title\"  href=\"https:\/\/atlanticwatches.ch\/fr\/shop\/montres-pour-hommes\/worldmaster\/worldmaster-original-fr\/worldmaster-original-mechanical-cream\/\">\r\n\t<h3 class=\"woocommerce-loop-product__title\">Worldmaster Original Mechanical | Cream<\/h3>\t<\/a>\r\n\t\r\n\t\t\n\t<span class=\"price\"><span class=\"woocommerce-Price-amount amount\"><bdi><span class=\"woocommerce-Price-currencySymbol\">&#67;&#72;&#70;<\/span>&nbsp;730.00<\/bdi><\/span><\/span>\n\r\n\t\t<div class=\"add-links-wrap\">\r\n\t<div class=\"add-links clearfix\">\r\n\t\t<span href=\"\/fr\/wp-json\/wp\/v2\/pages\/10386?add-to-cart=10875\" aria-describedby=\"woocommerce_loop_add_to_cart_link_describedby_10875\" data-quantity=\"1\" class=\"viewcart-style-2 button product_type_simple add_to_cart_button ajax_add_to_cart\" data-product_id=\"10875\" data-product_sku=\"53680.41.93\" aria-label=\"Ajouter au panier\u00a0: &ldquo;Worldmaster Original Mechanical | Cream&rdquo;\" rel=\"nofollow\" data-success_message=\"\u00ab\u00a0Worldmaster Original Mechanical | Cream\u00a0\u00bb a \u00e9t\u00e9 ajout\u00e9 \u00e0 votre panier\">Ajouter au panier<\/span>\t\t<span id=\"woocommerce_loop_add_to_cart_link_describedby_10875\" class=\"screen-reader-text\">\r\n\t\t\t<\/span>\r\n\t\t<div class=\"quickview\" data-id=\"10875\" title=\"Aper\u00e7u rapide\">Aper\u00e7u rapide<\/div>\t<\/div>\r\n\t<\/div>\r\n\t<\/div>\r\n<\/div>\r\n\r\n<\/li>\r\n\r\n<li role=\"none\" class=\"product-col product-default show-links-hover product type-product post-11195 status-publish instock product_cat-choisis-pour-vous product_cat-editions-limitees product_cat-montres-automatiques product_cat-montres-pour-hommes product_cat-moonphase-limited-edition product_cat-worldmaster has-post-thumbnail shipping-taxable purchasable product-type-simple\">\r\n<div class=\"product-inner\">\r\n\t\r\n\t<div class=\"product-image\">\r\n\r\n\t\t<a  href=\"https:\/\/atlanticwatches.ch\/fr\/shop\/montres-pour-hommes\/worldmaster\/moonphase-limited-edition\/worldmaster-automatic-moonphase-chronograph-yellow-gold-limited-edition-with-golden-movement\/\" aria-label=\"Go to product page\">\r\n\t\t\t<div class=\"inner img-effect\"><img loading=\"lazy\" decoding=\"async\" width=\"300\" height=\"300\" src=\"https:\/\/atlanticwatches.ch\/wp-content\/uploads\/2025\/01\/Moonphase-LE-52851.45.25-300x300.png\" class=\"attachment-woocommerce_thumbnail size-woocommerce_thumbnail\" alt=\"Worldmaster Automatic Moonphase Chronograph Yellow Gold | Limited Edition with Golden Movement\" \/><img loading=\"lazy\" decoding=\"async\" width=\"300\" height=\"300\" src=\"https:\/\/atlanticwatches.ch\/wp-content\/uploads\/2025\/01\/52851.45.25_Back-TNF-300x300.jpg\" class=\"hover-image\" alt=\"\" \/><\/div>\t\t<\/a>\r\n\t\t\t<\/div>\r\n\r\n\t<div class=\"product-content\">\r\n\t\t\r\n\t\t\t<a class=\"product-loop-title\"  href=\"https:\/\/atlanticwatches.ch\/fr\/shop\/montres-pour-hommes\/worldmaster\/moonphase-limited-edition\/worldmaster-automatic-moonphase-chronograph-yellow-gold-limited-edition-with-golden-movement\/\">\r\n\t<h3 class=\"woocommerce-loop-product__title\">Worldmaster Automatic Moonphase Chronograph Yellow Gold | Limited Edition with Golden Movement<\/h3>\t<\/a>\r\n\t\r\n\t\t\n\t<span class=\"price\"><span class=\"woocommerce-Price-amount amount\"><bdi><span class=\"woocommerce-Price-currencySymbol\">&#67;&#72;&#70;<\/span>&nbsp;3,460.00<\/bdi><\/span><\/span>\n\r\n\t\t<div class=\"add-links-wrap\">\r\n\t<div class=\"add-links clearfix\">\r\n\t\t<span href=\"\/fr\/wp-json\/wp\/v2\/pages\/10386?add-to-cart=11195\" aria-describedby=\"woocommerce_loop_add_to_cart_link_describedby_11195\" data-quantity=\"1\" class=\"viewcart-style-2 button product_type_simple add_to_cart_button ajax_add_to_cart\" data-product_id=\"11195\" data-product_sku=\"52851.45.25\" aria-label=\"Ajouter au panier\u00a0: &ldquo;Worldmaster Automatic Moonphase Chronograph Yellow Gold | Limited Edition with Golden Movement&rdquo;\" rel=\"nofollow\" data-success_message=\"\u00ab\u00a0Worldmaster Automatic Moonphase Chronograph Yellow Gold | Limited Edition with Golden Movement\u00a0\u00bb a \u00e9t\u00e9 ajout\u00e9 \u00e0 votre panier\">Ajouter au panier<\/span>\t\t<span id=\"woocommerce_loop_add_to_cart_link_describedby_11195\" class=\"screen-reader-text\">\r\n\t\t\t<\/span>\r\n\t\t<div class=\"quickview\" data-id=\"11195\" title=\"Aper\u00e7u rapide\">Aper\u00e7u rapide<\/div>\t<\/div>\r\n\t<\/div>\r\n\t<\/div>\r\n<\/div>\r\n\r\n<\/li>\r\n\r\n<li role=\"none\" class=\"product-col product-default show-links-hover product type-product post-12725 status-publish last instock product_cat-choisis-pour-vous product_cat-grand-prix product_cat-montres-a-quartz product_cat-montres-pour-hommes product_cat-nouveaux-arrivages product_tag-44mm product_tag-chronographe product_tag-montres-a-quartz product_tag-resistance-a-leau-100m product_tag-sports-watch has-post-thumbnail shipping-taxable purchasable product-type-simple\">\r\n<div class=\"product-inner\">\r\n\t\r\n\t<div class=\"product-image\">\r\n\r\n\t\t<a  href=\"https:\/\/atlanticwatches.ch\/fr\/shop\/montres-pour-hommes\/grand-prix\/grand-prix-quartz-chronograph-black-dial-stainless-steel-bracelet\/\" aria-label=\"Go to product page\">\r\n\t\t\t<div class=\"inner\"><img loading=\"lazy\" decoding=\"async\" width=\"300\" height=\"300\" src=\"https:\/\/atlanticwatches.ch\/wp-content\/uploads\/2025\/11\/55468.41.65-Grand-Prix-Black-Dial-Stainless-Steel-Bracelet-300x300.webp\" class=\"attachment-woocommerce_thumbnail size-woocommerce_thumbnail\" alt=\"Chronographe \u00e0 Quartz Grand Prix | Cadran Noir Bracelet Acier\" \/><\/div>\t\t<\/a>\r\n\t\t\t<\/div>\r\n\r\n\t<div class=\"product-content\">\r\n\t\t\r\n\t\t\t<a class=\"product-loop-title\"  href=\"https:\/\/atlanticwatches.ch\/fr\/shop\/montres-pour-hommes\/grand-prix\/grand-prix-quartz-chronograph-black-dial-stainless-steel-bracelet\/\">\r\n\t<h3 class=\"woocommerce-loop-product__title\">Chronographe \u00e0 Quartz Grand Prix | Cadran Noir Bracelet Acier<\/h3>\t<\/a>\r\n\t\r\n\t\t\n\t<span class=\"price\"><span class=\"woocommerce-Price-amount amount\"><bdi><span class=\"woocommerce-Price-currencySymbol\">&#67;&#72;&#70;<\/span>&nbsp;615.00<\/bdi><\/span><\/span>\n\r\n\t\t<div class=\"add-links-wrap\">\r\n\t<div class=\"add-links clearfix\">\r\n\t\t<span href=\"\/fr\/wp-json\/wp\/v2\/pages\/10386?add-to-cart=12725\" aria-describedby=\"woocommerce_loop_add_to_cart_link_describedby_12725\" data-quantity=\"1\" class=\"viewcart-style-2 button product_type_simple add_to_cart_button ajax_add_to_cart\" data-product_id=\"12725\" data-product_sku=\"55468.41.65\" aria-label=\"Ajouter au panier\u00a0: &ldquo;Chronographe \u00e0 Quartz Grand Prix | Cadran Noir Bracelet Acier&rdquo;\" rel=\"nofollow\" data-success_message=\"\u00ab\u00a0Chronographe \u00e0 Quartz Grand Prix | Cadran Noir Bracelet Acier\u00a0\u00bb a \u00e9t\u00e9 ajout\u00e9 \u00e0 votre panier\">Ajouter au panier<\/span>\t\t<span id=\"woocommerce_loop_add_to_cart_link_describedby_12725\" class=\"screen-reader-text\">\r\n\t\t\t<\/span>\r\n\t\t<div class=\"quickview\" data-id=\"12725\" title=\"Aper\u00e7u rapide\">Aper\u00e7u rapide<\/div>\t<\/div>\r\n\t<\/div>\r\n\t<\/div>\r\n<\/div>\r\n\r\n<\/li>\r\n<\/ul>\r\n<\/div>[vc_column_text]<\/p>\n<p style=\"text-align: right;\"><strong><a href=\"\/shop\">View All Watches &gt;<\/a><\/strong><\/p>\n<p>[\/vc_column_text][\/vc_column][\/vc_row]<\/p>\n<\/div>","protected":false},"excerpt":{"rendered":"<p>[vc_row][vc_column][vc_column_text] Atlantic Download Center: User Manuals [\/vc_column_text][\/vc_column][\/vc_row][vc_row][vc_column width=\u00a0\u00bb1\/3&Prime;][vc_single_image image=\u00a0\u00bb4957&Prime; img_size=\u00a0\u00bblarge\u00a0\u00bb alignment=\u00a0\u00bbcenter\u00a0\u00bb onclick=\u00a0\u00bbcustom_link\u00a0\u00bb img_link_target=\u00a0\u00bb_blank\u00a0\u00bb link=\u00a0\u00bbhttps:\/\/atlanticwatches.ch\/wp-content\/uploads\/2022\/01\/ETA-7751-Moonphase.pdf\u00a0\u00bb label=\u00a0\u00bb\u00a0\u00bb][\/vc_column][vc_column width=\u00a0\u00bb1\/3&Prime;][vc_single_image image=\u00a0\u00bb4955&Prime; img_size=\u00a0\u00bblarge\u00a0\u00bb alignment=\u00a0\u00bbcenter\u00a0\u00bb onclick=\u00a0\u00bbcustom_link\u00a0\u00bb img_link_target=\u00a0\u00bb_blank\u00a0\u00bb link=\u00a0\u00bbhttps:\/\/atlanticwatches.ch\/wp-content\/uploads\/2021\/03\/BA_X30_en.pdf\u00a0\u00bb][\/vc_column][vc_column width=\u00a0\u00bb1\/3&Prime;][vc_single_image image=\u00a0\u00bb5023&Prime; img_size=\u00a0\u00bblarge\u00a0\u00bb alignment=\u00a0\u00bbcenter\u00a0\u00bb onclick=\u00a0\u00bbcustom_link\u00a0\u00bb img_link_target=\u00a0\u00bb_blank\u00a0\u00bb link=\u00a0\u00bbhttps:\/\/atlanticwatches.ch\/wp-content\/uploads\/2022\/01\/ETA-F05.841-Moonphase-Q.pdf\u00a0\u00bb label=\u00a0\u00bb\u00a0\u00bb][\/vc_column][\/vc_row][vc_row][vc_column][vc_column_text] User Guide International User Guide Russian User Guide Polish &lt; Back to Download Center[\/vc_column_text][\/vc_column][\/vc_row][vc_row][vc_column][vc_text_separator title=\u00a0\u00bbInspiration for You\u00a0\u00bb color=\u00a0\u00bbblack\u00a0\u00bb style=\u00a0\u00bbsolid\u00a0\u00bb][vc_column_text] View All Watches &gt; [\/vc_column_text][\/vc_column][\/vc_row]<\/p>\n","protected":false},"author":9,"featured_media":0,"parent":10371,"menu_order":0,"comment_status":"closed","ping_status":"closed","template":"","meta":{"footnotes":""},"class_list":["post-10386","page","type-page","status-publish","hentry"],"_links":{"self":[{"href":"https:\/\/atlanticwatches.ch\/fr\/wp-json\/wp\/v2\/pages\/10386","targetHints":{"allow":["GET"]}}],"collection":[{"href":"https:\/\/atlanticwatches.ch\/fr\/wp-json\/wp\/v2\/pages"}],"about":[{"href":"https:\/\/atlanticwatches.ch\/fr\/wp-json\/wp\/v2\/types\/page"}],"author":[{"embeddable":true,"href":"https:\/\/atlanticwatches.ch\/fr\/wp-json\/wp\/v2\/users\/9"}],"replies":[{"embeddable":true,"href":"https:\/\/atlanticwatches.ch\/fr\/wp-json\/wp\/v2\/comments?post=10386"}],"version-history":[{"count":0,"href":"https:\/\/atlanticwatches.ch\/fr\/wp-json\/wp\/v2\/pages\/10386\/revisions"}],"up":[{"embeddable":true,"href":"https:\/\/atlanticwatches.ch\/fr\/wp-json\/wp\/v2\/pages\/10371"}],"wp:attachment":[{"href":"https:\/\/atlanticwatches.ch\/fr\/wp-json\/wp\/v2\/media?parent=10386"}],"curies":[{"name":"wp","href":"https:\/\/api.w.org\/{rel}","templated":true}]}}