{"id":10379,"date":"2020-11-08T09:36:52","date_gmt":"2020-11-08T08:36:52","guid":{"rendered":"https:\/\/atlanticwatches.ch\/atlantic-download-center\/atlantic-catalogues\/"},"modified":"2026-02-18T12:54:37","modified_gmt":"2026-02-18T11:54:37","slug":"atlantic-catalogues","status":"publish","type":"page","link":"https:\/\/atlanticwatches.ch\/fr\/atlantic-download-center\/atlantic-catalogues\/","title":{"rendered":"Atlantic Catalogues"},"content":{"rendered":"<div class=\"wpb-content-wrapper\"><p>[vc_row][vc_column][vc_single_image image=\u00a0\u00bb13288&Prime; img_size=\u00a0\u00bbfull\u00a0\u00bb css=\u00a0\u00bb\u00a0\u00bb css_params=\u00a0\u00bb\u00a0\u00bb label=\u00a0\u00bb\u00a0\u00bb][\/vc_column][\/vc_row][vc_row][vc_column][vc_column_text]<\/p>\n<h3>Centre de t\u00e9l\u00e9chargement: Catalogues<\/h3>\n<p>[\/vc_column_text][\/vc_column][\/vc_row][vc_row][vc_column width=\u00a0\u00bb1\/4&Prime;][vc_single_image image=\u00a0\u00bb13274&Prime; img_size=\u00a0\u00bblarge\u00a0\u00bb onclick=\u00a0\u00bbcustom_link\u00a0\u00bb css=\u00a0\u00bb\u00a0\u00bb link=\u00a0\u00bbhttps:\/\/atlanticwatches.ch\/wp-content\/uploads\/2026\/02\/Atlantic-Watches-Main-Catalogue-2026.pdf\u00a0\u00bb css_params=\u00a0\u00bb\u00a0\u00bb][\/vc_column][vc_column width=\u00a0\u00bb1\/4&Prime;][vc_single_image image=\u00a0\u00bb10382&Prime; img_size=\u00a0\u00bblarge\u00a0\u00bb onclick=\u00a0\u00bbcustom_link\u00a0\u00bb css=\u00a0\u00bb\u00a0\u00bb css_params=\u00a0\u00bb\u00a0\u00bb link=\u00a0\u00bbhttps:\/\/atlanticwatches.ch\/wp-content\/uploads\/2025\/02\/Atlantic-Watches-Collection-2025.pdf\u00a0\u00bb][\/vc_column][vc_column width=\u00a0\u00bb1\/4&Prime;][vc_single_image image=\u00a0\u00bb10381&Prime; img_size=\u00a0\u00bblarge\u00a0\u00bb onclick=\u00a0\u00bbcustom_link\u00a0\u00bb css=\u00a0\u00bb\u00a0\u00bb css_params=\u00a0\u00bb\u00a0\u00bb link=\u00a0\u00bbhttps:\/\/atlanticwatches.ch\/wp-content\/uploads\/2025\/02\/Atlantic-Watches-Collection-2024.pdf\u00a0\u00bb][\/vc_column][vc_column width=\u00a0\u00bb1\/4&Prime;][vc_single_image image=\u00a0\u00bb10380&Prime; img_size=\u00a0\u00bblarge\u00a0\u00bb onclick=\u00a0\u00bbcustom_link\u00a0\u00bb css=\u00a0\u00bb\u00a0\u00bb link=\u00a0\u00bbhttps:\/\/atlanticwatches.ch\/wp-content\/uploads\/2025\/02\/Atlantic-Watches-Collection-2023.pdf\u00a0\u00bb css_params=\u00a0\u00bb\u00a0\u00bb][\/vc_column][\/vc_row][vc_row][vc_column][vc_column_text css=\u00a0\u00bb\u00a0\u00bb css_params=\u00a0\u00bb\u00a0\u00bb]<strong><a href=\"https:\/\/atlanticwatches.ch\/fr\/atlantic-download-center\/\">&lt; Retour au centre de t\u00e9l\u00e9chargement<\/a><\/strong>[\/vc_column_text][\/vc_column][\/vc_row][vc_row][vc_column][vc_text_separator title=\u00a0\u00bbPour Vous Inspirer\u00a0\u00bb color=\u00a0\u00bbblack\u00a0\u00bb style=\u00a0\u00bbsolid\u00a0\u00bb]<div class=\"woocommerce columns-7 \"><ul class=\"products products-container grid gap-narrow has-ccols has-ccols-spacing ccols-xl-7 ccols-lg-5 ccols-md-5 ccols-sm-3 ccols-2 pwidth-lg-7 pwidth-md-6 pwidth-xs-3 pwidth-ls-2 is-shortcode\"\r\n\t data-product_layout=\"product-default show-links-hover\" role=\"none\">\r\n\r\n<li role=\"none\" class=\"product-col product-default show-links-hover product type-product post-12446 status-publish first instock product_cat-choisis-pour-vous product_cat-desert-racer-vba442 product_cat-editions-limitees product_cat-grand-prix product_cat-montres-a-quartz product_cat-montres-pour-hommes product_cat-nouveaux-arrivages product_tag-44mm product_tag-chronographe product_tag-montre-en-edition-limitee product_tag-montre-noir product_tag-montres-a-quartz product_tag-resistance-a-leau-100m product_tag-sports-watch has-post-thumbnail shipping-taxable purchasable product-type-simple\">\r\n<div class=\"product-inner\">\r\n\t\r\n\t<div class=\"product-image\">\r\n\r\n\t\t<a  href=\"https:\/\/atlanticwatches.ch\/fr\/shop\/montres-pour-hommes\/desert-racer-vba442\/desert-racer-vba-442-limited-edition\/\" aria-label=\"Go to product page\">\r\n\t\t\t<div class=\"inner img-effect\"><img loading=\"lazy\" decoding=\"async\" width=\"300\" height=\"300\" src=\"https:\/\/atlanticwatches.ch\/wp-content\/uploads\/2025\/11\/55463.46.45-LE-VBA442-300x300.webp\" class=\"attachment-woocommerce_thumbnail size-woocommerce_thumbnail\" alt=\"Desert Racer VBA 442 Limited Edition\" \/><img loading=\"lazy\" decoding=\"async\" width=\"300\" height=\"300\" src=\"https:\/\/atlanticwatches.ch\/wp-content\/uploads\/2025\/11\/55463.46.45_back-LE-VBA442-300x300.webp\" class=\"hover-image\" alt=\"\" \/><\/div>\t\t<\/a>\r\n\t\t\t<\/div>\r\n\r\n\t<div class=\"product-content\">\r\n\t\t\r\n\t\t\t<a class=\"product-loop-title\"  href=\"https:\/\/atlanticwatches.ch\/fr\/shop\/montres-pour-hommes\/desert-racer-vba442\/desert-racer-vba-442-limited-edition\/\">\r\n\t<h3 class=\"woocommerce-loop-product__title\">Desert Racer VBA 442 Limited Edition<\/h3>\t<\/a>\r\n\t\r\n\t\t\n\t<span class=\"price\"><span class=\"woocommerce-Price-amount amount\"><bdi><span class=\"woocommerce-Price-currencySymbol\">&#67;&#72;&#70;<\/span>&nbsp;655.00<\/bdi><\/span><\/span>\n\r\n\t\t<div class=\"add-links-wrap\">\r\n\t<div class=\"add-links clearfix\">\r\n\t\t<span href=\"\/fr\/wp-json\/wp\/v2\/pages\/10379?add-to-cart=12446\" aria-describedby=\"woocommerce_loop_add_to_cart_link_describedby_12446\" data-quantity=\"1\" class=\"viewcart-style-2 button product_type_simple add_to_cart_button ajax_add_to_cart\" data-product_id=\"12446\" data-product_sku=\"55463.46.45\" aria-label=\"Ajouter au panier\u00a0: &ldquo;Desert Racer VBA 442 Limited Edition&rdquo;\" rel=\"nofollow\" data-success_message=\"\u00ab\u00a0Desert Racer VBA 442 Limited Edition\u00a0\u00bb a \u00e9t\u00e9 ajout\u00e9 \u00e0 votre panier\">Ajouter au panier<\/span>\t\t<span id=\"woocommerce_loop_add_to_cart_link_describedby_12446\" class=\"screen-reader-text\">\r\n\t\t\t<\/span>\r\n\t\t<div class=\"quickview\" data-id=\"12446\" title=\"Aper\u00e7u rapide\">Aper\u00e7u rapide<\/div>\t<\/div>\r\n\t<\/div>\r\n\t<\/div>\r\n<\/div>\r\n\r\n<\/li>\r\n\r\n<li role=\"none\" class=\"product-col product-default show-links-hover product type-product post-10893 status-publish instock product_cat-choisis-pour-vous product_cat-editions-limitees product_cat-montres-automatiques product_cat-montres-pour-hommes product_cat-open-heart-edition-limitee product_cat-worldmaster has-post-thumbnail shipping-taxable purchasable product-type-simple\">\r\n<div class=\"product-inner\">\r\n\t\r\n\t<div class=\"product-image\">\r\n\r\n\t\t<a  href=\"https:\/\/atlanticwatches.ch\/fr\/shop\/montres-pour-hommes\/worldmaster\/open-heart-edition-limitee\/worldmaster-open-heart-edition-limitee-chocolat\/\" aria-label=\"Go to product page\">\r\n\t\t\t<div class=\"inner img-effect\"><img loading=\"lazy\" decoding=\"async\" width=\"300\" height=\"300\" src=\"https:\/\/atlanticwatches.ch\/wp-content\/uploads\/2022\/10\/52780.41.81R-300x300.jpg\" class=\"attachment-woocommerce_thumbnail size-woocommerce_thumbnail\" alt=\"Worldmaster Open Heart Edition Limit\u00e9e | Chocolat\" \/><img loading=\"lazy\" decoding=\"async\" width=\"300\" height=\"300\" src=\"https:\/\/atlanticwatches.ch\/wp-content\/uploads\/2021\/06\/52780_41_51_Back-300x300.png\" class=\"hover-image\" alt=\"\" \/><\/div>\t\t<\/a>\r\n\t\t\t<\/div>\r\n\r\n\t<div class=\"product-content\">\r\n\t\t\r\n\t\t\t<a class=\"product-loop-title\"  href=\"https:\/\/atlanticwatches.ch\/fr\/shop\/montres-pour-hommes\/worldmaster\/open-heart-edition-limitee\/worldmaster-open-heart-edition-limitee-chocolat\/\">\r\n\t<h3 class=\"woocommerce-loop-product__title\">Worldmaster Open Heart Edition Limit\u00e9e | Chocolat<\/h3>\t<\/a>\r\n\t\r\n\t\t\n\t<span class=\"price\"><span class=\"woocommerce-Price-amount amount\"><bdi><span class=\"woocommerce-Price-currencySymbol\">&#67;&#72;&#70;<\/span>&nbsp;1,050.00<\/bdi><\/span><\/span>\n\r\n\t\t<div class=\"add-links-wrap\">\r\n\t<div class=\"add-links clearfix\">\r\n\t\t<span href=\"\/fr\/wp-json\/wp\/v2\/pages\/10379?add-to-cart=10893\" aria-describedby=\"woocommerce_loop_add_to_cart_link_describedby_10893\" data-quantity=\"1\" class=\"viewcart-style-2 button product_type_simple add_to_cart_button ajax_add_to_cart\" data-product_id=\"10893\" data-product_sku=\"52780.41.81R\" aria-label=\"Ajouter au panier\u00a0: &ldquo;Worldmaster Open Heart Edition Limit\u00e9e | Chocolat&rdquo;\" rel=\"nofollow\" data-success_message=\"\u00ab\u00a0Worldmaster Open Heart Edition Limit\u00e9e | Chocolat\u00a0\u00bb a \u00e9t\u00e9 ajout\u00e9 \u00e0 votre panier\">Ajouter au panier<\/span>\t\t<span id=\"woocommerce_loop_add_to_cart_link_describedby_10893\" class=\"screen-reader-text\">\r\n\t\t\t<\/span>\r\n\t\t<div class=\"quickview\" data-id=\"10893\" title=\"Aper\u00e7u rapide\">Aper\u00e7u rapide<\/div>\t<\/div>\r\n\t<\/div>\r\n\t<\/div>\r\n<\/div>\r\n\r\n<\/li>\r\n\r\n<li role=\"none\" class=\"product-col product-default show-links-hover product type-product post-12606 status-publish instock product_cat-choisis-pour-vous product_cat-montres-automatiques product_cat-montres-pour-hommes product_cat-nouveaux-arrivages product_cat-offre-de-la-semaine product_cat-offres-speciales-et-soldes product_cat-worldmaster product_cat-worldmaster-art-deco-fr has-post-thumbnail sale shipping-taxable purchasable product-type-simple\">\r\n<div class=\"product-inner\">\r\n\t\r\n\t<div class=\"product-image\">\r\n\r\n\t\t<a  href=\"https:\/\/atlanticwatches.ch\/fr\/shop\/montres-pour-hommes\/worldmaster\/worldmaster-art-deco-fr\/worldmaster-art-deco-automatic-silver-with-rose-gold-accents\/\" aria-label=\"Go to product page\">\r\n\t\t\t<div class=\"labels\"><div class=\"onsale\">-30%<\/div><\/div><div class=\"inner\"><img loading=\"lazy\" decoding=\"async\" width=\"300\" height=\"300\" src=\"https:\/\/atlanticwatches.ch\/wp-content\/uploads\/2025\/11\/51752.41.25R-300x300.webp\" class=\"attachment-woocommerce_thumbnail size-woocommerce_thumbnail\" alt=\"Worldmaster Art D\u00e9co Automatique | Argent avec Accents Or Rose\" \/><\/div>\t\t<\/a>\r\n\t\t\t<\/div>\r\n\r\n\t<div class=\"product-content\">\r\n\t\t\r\n\t\t\t<a class=\"product-loop-title\"  href=\"https:\/\/atlanticwatches.ch\/fr\/shop\/montres-pour-hommes\/worldmaster\/worldmaster-art-deco-fr\/worldmaster-art-deco-automatic-silver-with-rose-gold-accents\/\">\r\n\t<h3 class=\"woocommerce-loop-product__title\">Worldmaster Art D\u00e9co Automatique | Argent avec Accents Or Rose<\/h3>\t<\/a>\r\n\t\r\n\t\t\n\t<span class=\"price\"><del aria-hidden=\"true\"><span class=\"woocommerce-Price-amount amount\"><bdi><span class=\"woocommerce-Price-currencySymbol\">&#67;&#72;&#70;<\/span>&nbsp;730.00<\/bdi><\/span><\/del> <span class=\"screen-reader-text\">Le prix initial \u00e9tait\u00a0: &#067;&#072;&#070;&nbsp;730.00.<\/span><ins aria-hidden=\"true\"><span class=\"woocommerce-Price-amount amount\"><bdi><span class=\"woocommerce-Price-currencySymbol\">&#67;&#72;&#70;<\/span>&nbsp;511.00<\/bdi><\/span><\/ins><span class=\"screen-reader-text\">Le prix actuel est\u00a0: &#067;&#072;&#070;&nbsp;511.00.<\/span><\/span>\n\r\n\t\t<div class=\"add-links-wrap\">\r\n\t<div class=\"add-links clearfix\">\r\n\t\t<span href=\"\/fr\/wp-json\/wp\/v2\/pages\/10379?add-to-cart=12606\" aria-describedby=\"woocommerce_loop_add_to_cart_link_describedby_12606\" data-quantity=\"1\" class=\"viewcart-style-2 button product_type_simple add_to_cart_button ajax_add_to_cart\" data-product_id=\"12606\" data-product_sku=\"51752.41.25R\" aria-label=\"Ajouter au panier\u00a0: &ldquo;Worldmaster Art D\u00e9co Automatique | Argent avec Accents Or Rose&rdquo;\" rel=\"nofollow\" data-success_message=\"\u00ab\u00a0Worldmaster Art D\u00e9co Automatique | Argent avec Accents Or Rose\u00a0\u00bb a \u00e9t\u00e9 ajout\u00e9 \u00e0 votre panier\">Ajouter au panier<\/span>\t\t<span id=\"woocommerce_loop_add_to_cart_link_describedby_12606\" class=\"screen-reader-text\">\r\n\t\t\t<\/span>\r\n\t\t<div class=\"quickview\" data-id=\"12606\" title=\"Aper\u00e7u rapide\">Aper\u00e7u rapide<\/div>\t<\/div>\r\n\t<\/div>\r\n\t<\/div>\r\n<\/div>\r\n\r\n<\/li>\r\n\r\n<li role=\"none\" class=\"product-col product-default show-links-hover product type-product post-12895 status-publish instock product_cat-choisis-pour-vous product_cat-editions-limitees product_cat-montres-pour-hommes product_cat-nouveaux-arrivages product_cat-prestige-valjoux-day-date-fr product_cat-worldmaster product_tag-chronographe product_tag-krzysztof-holowczyc product_tag-montre-en-edition-limitee product_tag-montre-noir product_tag-montres-automatiques product_tag-valjoux-7750 has-post-thumbnail shipping-taxable purchasable product-type-simple\">\r\n<div class=\"product-inner\">\r\n\t\r\n\t<div class=\"product-image\">\r\n\r\n\t\t<a  href=\"https:\/\/atlanticwatches.ch\/fr\/shop\/montres-pour-hommes\/worldmaster\/prestige-valjoux-day-date-fr\/worldmaster-prestige-krzysztof-holowczyc-limited-edition-automatic-chronograph\/\" aria-label=\"Go to product page\">\r\n\t\t\t<div class=\"inner img-effect\"><img loading=\"lazy\" decoding=\"async\" width=\"300\" height=\"300\" src=\"https:\/\/atlanticwatches.ch\/wp-content\/uploads\/2025\/11\/55853.46.95-300x300.webp\" class=\"attachment-woocommerce_thumbnail size-woocommerce_thumbnail\" alt=\"Worldmaster Prestige \u00ab Krzysztof Holowczyc \u00bb \u00c9dition Limit\u00e9e | Chronographe Automatique\" \/><img loading=\"lazy\" decoding=\"async\" width=\"300\" height=\"300\" src=\"https:\/\/atlanticwatches.ch\/wp-content\/uploads\/2025\/11\/55853_46_95_back-300x300.webp\" class=\"hover-image\" alt=\"\" \/><\/div>\t\t<\/a>\r\n\t\t\t<\/div>\r\n\r\n\t<div class=\"product-content\">\r\n\t\t\r\n\t\t\t<a class=\"product-loop-title\"  href=\"https:\/\/atlanticwatches.ch\/fr\/shop\/montres-pour-hommes\/worldmaster\/prestige-valjoux-day-date-fr\/worldmaster-prestige-krzysztof-holowczyc-limited-edition-automatic-chronograph\/\">\r\n\t<h3 class=\"woocommerce-loop-product__title\">Worldmaster Prestige \u00ab Krzysztof Holowczyc \u00bb \u00c9dition Limit\u00e9e | Chronographe Automatique<\/h3>\t<\/a>\r\n\t\r\n\t\t\n\t<span class=\"price\"><span class=\"woocommerce-Price-amount amount\"><bdi><span class=\"woocommerce-Price-currencySymbol\">&#67;&#72;&#70;<\/span>&nbsp;2,250.00<\/bdi><\/span><\/span>\n\r\n\t\t<div class=\"add-links-wrap\">\r\n\t<div class=\"add-links clearfix\">\r\n\t\t<span href=\"\/fr\/wp-json\/wp\/v2\/pages\/10379?add-to-cart=12895\" aria-describedby=\"woocommerce_loop_add_to_cart_link_describedby_12895\" data-quantity=\"1\" class=\"viewcart-style-2 button product_type_simple add_to_cart_button ajax_add_to_cart\" data-product_id=\"12895\" data-product_sku=\"55853.46.95\" aria-label=\"Ajouter au panier\u00a0: &ldquo;Worldmaster Prestige \u00ab Krzysztof Holowczyc \u00bb \u00c9dition Limit\u00e9e | Chronographe Automatique&rdquo;\" rel=\"nofollow\" data-success_message=\"\u00ab\u00a0Worldmaster Prestige \u00ab Krzysztof Holowczyc \u00bb \u00c9dition Limit\u00e9e | Chronographe Automatique\u00a0\u00bb a \u00e9t\u00e9 ajout\u00e9 \u00e0 votre panier\">Ajouter au panier<\/span>\t\t<span id=\"woocommerce_loop_add_to_cart_link_describedby_12895\" class=\"screen-reader-text\">\r\n\t\t\t<\/span>\r\n\t\t<div class=\"quickview\" data-id=\"12895\" title=\"Aper\u00e7u rapide\">Aper\u00e7u rapide<\/div>\t<\/div>\r\n\t<\/div>\r\n\t<\/div>\r\n<\/div>\r\n\r\n<\/li>\r\n\r\n<li role=\"none\" class=\"product-col product-default show-links-hover product type-product post-11073 status-publish instock product_cat-choisis-pour-vous product_cat-montres-automatiques product_cat-montres-pour-hommes product_cat-nightsky-moonphase-fr product_cat-worldmaster has-post-thumbnail shipping-taxable purchasable product-type-simple\">\r\n<div class=\"product-inner\">\r\n\t\r\n\t<div class=\"product-image\">\r\n\r\n\t\t<a  href=\"https:\/\/atlanticwatches.ch\/fr\/shop\/montres-pour-hommes\/worldmaster\/nightsky-moonphase-fr\/atlantic-worldmaster-nightsky-moonphase-cadran-en-pierre-daventurine-bleue-avec-bracelet-en-cuir\/\" aria-label=\"Go to product page\">\r\n\t\t\t<div class=\"inner img-effect\"><img loading=\"lazy\" decoding=\"async\" width=\"300\" height=\"300\" src=\"https:\/\/atlanticwatches.ch\/wp-content\/uploads\/2023\/11\/52783.41.91-1-300x300.jpg\" class=\"attachment-woocommerce_thumbnail size-woocommerce_thumbnail\" alt=\"Atlantic Worldmaster Nightsky Moonphase - Cadran en pierre d&#039;aventurine bleue avec bracelet en cuir\" \/><img loading=\"lazy\" decoding=\"async\" width=\"300\" height=\"300\" src=\"https:\/\/atlanticwatches.ch\/wp-content\/uploads\/2023\/11\/52783_Back-300x300.jpg\" class=\"hover-image\" alt=\"\" \/><\/div>\t\t<\/a>\r\n\t\t\t<\/div>\r\n\r\n\t<div class=\"product-content\">\r\n\t\t\r\n\t\t\t<a class=\"product-loop-title\"  href=\"https:\/\/atlanticwatches.ch\/fr\/shop\/montres-pour-hommes\/worldmaster\/nightsky-moonphase-fr\/atlantic-worldmaster-nightsky-moonphase-cadran-en-pierre-daventurine-bleue-avec-bracelet-en-cuir\/\">\r\n\t<h3 class=\"woocommerce-loop-product__title\">Atlantic Worldmaster Nightsky Moonphase &#8211; Cadran en pierre d&rsquo;aventurine bleue avec bracelet en cuir<\/h3>\t<\/a>\r\n\t\r\n\t\t\n\t<span class=\"price\"><span class=\"woocommerce-Price-amount amount\"><bdi><span class=\"woocommerce-Price-currencySymbol\">&#67;&#72;&#70;<\/span>&nbsp;1,055.00<\/bdi><\/span><\/span>\n\r\n\t\t<div class=\"add-links-wrap\">\r\n\t<div class=\"add-links clearfix\">\r\n\t\t<span href=\"\/fr\/wp-json\/wp\/v2\/pages\/10379?add-to-cart=11073\" aria-describedby=\"woocommerce_loop_add_to_cart_link_describedby_11073\" data-quantity=\"1\" class=\"viewcart-style-2 button product_type_simple add_to_cart_button ajax_add_to_cart\" data-product_id=\"11073\" data-product_sku=\"52783.41.91\" aria-label=\"Ajouter au panier\u00a0: &ldquo;Atlantic Worldmaster Nightsky Moonphase - Cadran en pierre d&#039;aventurine bleue avec bracelet en cuir&rdquo;\" rel=\"nofollow\" data-success_message=\"\u00ab\u00a0Atlantic Worldmaster Nightsky Moonphase - Cadran en pierre d&#039;aventurine bleue avec bracelet en cuir\u00a0\u00bb a \u00e9t\u00e9 ajout\u00e9 \u00e0 votre panier\">Ajouter au panier<\/span>\t\t<span id=\"woocommerce_loop_add_to_cart_link_describedby_11073\" class=\"screen-reader-text\">\r\n\t\t\t<\/span>\r\n\t\t<div class=\"quickview\" data-id=\"11073\" title=\"Aper\u00e7u rapide\">Aper\u00e7u rapide<\/div>\t<\/div>\r\n\t<\/div>\r\n\t<\/div>\r\n<\/div>\r\n\r\n<\/li>\r\n\r\n<li role=\"none\" class=\"product-col product-default show-links-hover product type-product post-12618 status-publish instock product_cat-choisis-pour-vous product_cat-montres-automatiques product_cat-montres-pour-hommes product_cat-nouveaux-arrivages product_cat-offre-de-la-semaine product_cat-offres-speciales-et-soldes product_cat-worldmaster product_cat-worldmaster-art-deco-fr has-post-thumbnail sale shipping-taxable purchasable product-type-simple\">\r\n<div class=\"product-inner\">\r\n\t\r\n\t<div class=\"product-image\">\r\n\r\n\t\t<a  href=\"https:\/\/atlanticwatches.ch\/fr\/shop\/montres-pour-hommes\/worldmaster\/worldmaster-art-deco-fr\/worldmaster-art-deco-automatic-anthracite-with-rose-gold-accents\/\" aria-label=\"Go to product page\">\r\n\t\t\t<div class=\"labels\"><div class=\"onsale\">-30%<\/div><\/div><div class=\"inner\"><img loading=\"lazy\" decoding=\"async\" width=\"300\" height=\"300\" src=\"https:\/\/atlanticwatches.ch\/wp-content\/uploads\/2025\/11\/51752.41.49R-300x300.webp\" class=\"attachment-woocommerce_thumbnail size-woocommerce_thumbnail\" alt=\"Worldmaster Art D\u00e9co Automatic | Anthracite avec accents or rose\" \/><\/div>\t\t<\/a>\r\n\t\t\t<\/div>\r\n\r\n\t<div class=\"product-content\">\r\n\t\t\r\n\t\t\t<a class=\"product-loop-title\"  href=\"https:\/\/atlanticwatches.ch\/fr\/shop\/montres-pour-hommes\/worldmaster\/worldmaster-art-deco-fr\/worldmaster-art-deco-automatic-anthracite-with-rose-gold-accents\/\">\r\n\t<h3 class=\"woocommerce-loop-product__title\">Worldmaster Art D\u00e9co Automatic | Anthracite avec accents or rose<\/h3>\t<\/a>\r\n\t\r\n\t\t\n\t<span class=\"price\"><del aria-hidden=\"true\"><span class=\"woocommerce-Price-amount amount\"><bdi><span class=\"woocommerce-Price-currencySymbol\">&#67;&#72;&#70;<\/span>&nbsp;730.00<\/bdi><\/span><\/del> <span class=\"screen-reader-text\">Le prix initial \u00e9tait\u00a0: &#067;&#072;&#070;&nbsp;730.00.<\/span><ins aria-hidden=\"true\"><span class=\"woocommerce-Price-amount amount\"><bdi><span class=\"woocommerce-Price-currencySymbol\">&#67;&#72;&#70;<\/span>&nbsp;511.00<\/bdi><\/span><\/ins><span class=\"screen-reader-text\">Le prix actuel est\u00a0: &#067;&#072;&#070;&nbsp;511.00.<\/span><\/span>\n\r\n\t\t<div class=\"add-links-wrap\">\r\n\t<div class=\"add-links clearfix\">\r\n\t\t<span href=\"\/fr\/wp-json\/wp\/v2\/pages\/10379?add-to-cart=12618\" aria-describedby=\"woocommerce_loop_add_to_cart_link_describedby_12618\" data-quantity=\"1\" class=\"viewcart-style-2 button product_type_simple add_to_cart_button ajax_add_to_cart\" data-product_id=\"12618\" data-product_sku=\"51752.41.49R\" aria-label=\"Ajouter au panier\u00a0: &ldquo;Worldmaster Art D\u00e9co Automatic | Anthracite avec accents or rose&rdquo;\" rel=\"nofollow\" data-success_message=\"\u00ab\u00a0Worldmaster Art D\u00e9co Automatic | Anthracite avec accents or rose\u00a0\u00bb a \u00e9t\u00e9 ajout\u00e9 \u00e0 votre panier\">Ajouter au panier<\/span>\t\t<span id=\"woocommerce_loop_add_to_cart_link_describedby_12618\" class=\"screen-reader-text\">\r\n\t\t\t<\/span>\r\n\t\t<div class=\"quickview\" data-id=\"12618\" title=\"Aper\u00e7u rapide\">Aper\u00e7u rapide<\/div>\t<\/div>\r\n\t<\/div>\r\n\t<\/div>\r\n<\/div>\r\n\r\n<\/li>\r\n\r\n<li role=\"none\" class=\"product-col product-default show-links-hover product type-product post-11668 status-publish last instock product_cat-choisis-pour-vous product_cat-mariner-quartz-wave-fr product_cat-montres-a-quartz product_cat-montres-pour-hommes has-post-thumbnail shipping-taxable purchasable product-type-simple\">\r\n<div class=\"product-inner\">\r\n\t\r\n\t<div class=\"product-image\">\r\n\r\n\t\t<a  href=\"https:\/\/atlanticwatches.ch\/fr\/shop\/montres-pour-hommes\/mariner-wave\/mariner-quartz-wave-fr\/mariner-quartz-wave-blue\/\" aria-label=\"Go to product page\">\r\n\t\t\t<div class=\"inner\"><img loading=\"lazy\" decoding=\"async\" width=\"300\" height=\"300\" src=\"https:\/\/atlanticwatches.ch\/wp-content\/uploads\/2025\/06\/81376.41.59-300x300.webp\" class=\"attachment-woocommerce_thumbnail size-woocommerce_thumbnail\" alt=\"Atlantic Mariner Quartz Wave Blue\" \/><\/div>\t\t<\/a>\r\n\t\t\t<\/div>\r\n\r\n\t<div class=\"product-content\">\r\n\t\t\r\n\t\t\t<a class=\"product-loop-title\"  href=\"https:\/\/atlanticwatches.ch\/fr\/shop\/montres-pour-hommes\/mariner-wave\/mariner-quartz-wave-fr\/mariner-quartz-wave-blue\/\">\r\n\t<h3 class=\"woocommerce-loop-product__title\">Atlantic Mariner Quartz Wave Blue<\/h3>\t<\/a>\r\n\t\r\n\t\t\n\t<span class=\"price\"><span class=\"woocommerce-Price-amount amount\"><bdi><span class=\"woocommerce-Price-currencySymbol\">&#67;&#72;&#70;<\/span>&nbsp;440.00<\/bdi><\/span><\/span>\n\r\n\t\t<div class=\"add-links-wrap\">\r\n\t<div class=\"add-links clearfix\">\r\n\t\t<span href=\"\/fr\/wp-json\/wp\/v2\/pages\/10379?add-to-cart=11668\" aria-describedby=\"woocommerce_loop_add_to_cart_link_describedby_11668\" data-quantity=\"1\" class=\"viewcart-style-2 button product_type_simple add_to_cart_button ajax_add_to_cart\" data-product_id=\"11668\" data-product_sku=\"81376.41.59\" aria-label=\"Ajouter au panier\u00a0: &ldquo;Atlantic Mariner Quartz Wave Blue&rdquo;\" rel=\"nofollow\" data-success_message=\"\u00ab\u00a0Atlantic Mariner Quartz Wave Blue\u00a0\u00bb a \u00e9t\u00e9 ajout\u00e9 \u00e0 votre panier\">Ajouter au panier<\/span>\t\t<span id=\"woocommerce_loop_add_to_cart_link_describedby_11668\" class=\"screen-reader-text\">\r\n\t\t\t<\/span>\r\n\t\t<div class=\"quickview\" data-id=\"11668\" title=\"Aper\u00e7u rapide\">Aper\u00e7u rapide<\/div>\t<\/div>\r\n\t<\/div>\r\n\t<\/div>\r\n<\/div>\r\n\r\n<\/li>\r\n<\/ul>\r\n<\/div>[vc_column_text]<\/p>\n<p style=\"text-align: right;\"><strong><a href=\"\/fr\/shop\">Voir toutes les montres &gt;<\/a><\/strong><\/p>\n<p>[\/vc_column_text][\/vc_column][\/vc_row]<\/p>\n<\/div>","protected":false},"excerpt":{"rendered":"<p>[vc_row][vc_column][vc_single_image image=\u00a0\u00bb13288&Prime; img_size=\u00a0\u00bbfull\u00a0\u00bb css=\u00a0\u00bb\u00a0\u00bb css_params=\u00a0\u00bb\u00a0\u00bb label=\u00a0\u00bb\u00a0\u00bb][\/vc_column][\/vc_row][vc_row][vc_column][vc_column_text] Centre de t\u00e9l\u00e9chargement: Catalogues [\/vc_column_text][\/vc_column][\/vc_row][vc_row][vc_column width=\u00a0\u00bb1\/4&Prime;][vc_single_image image=\u00a0\u00bb13274&Prime; img_size=\u00a0\u00bblarge\u00a0\u00bb onclick=\u00a0\u00bbcustom_link\u00a0\u00bb css=\u00a0\u00bb\u00a0\u00bb link=\u00a0\u00bbhttps:\/\/atlanticwatches.ch\/wp-content\/uploads\/2026\/02\/Atlantic-Watches-Main-Catalogue-2026.pdf\u00a0\u00bb css_params=\u00a0\u00bb\u00a0\u00bb][\/vc_column][vc_column width=\u00a0\u00bb1\/4&Prime;][vc_single_image image=\u00a0\u00bb10382&Prime; img_size=\u00a0\u00bblarge\u00a0\u00bb onclick=\u00a0\u00bbcustom_link\u00a0\u00bb css=\u00a0\u00bb\u00a0\u00bb css_params=\u00a0\u00bb\u00a0\u00bb link=\u00a0\u00bbhttps:\/\/atlanticwatches.ch\/wp-content\/uploads\/2025\/02\/Atlantic-Watches-Collection-2025.pdf\u00a0\u00bb][\/vc_column][vc_column width=\u00a0\u00bb1\/4&Prime;][vc_single_image image=\u00a0\u00bb10381&Prime; img_size=\u00a0\u00bblarge\u00a0\u00bb onclick=\u00a0\u00bbcustom_link\u00a0\u00bb css=\u00a0\u00bb\u00a0\u00bb css_params=\u00a0\u00bb\u00a0\u00bb link=\u00a0\u00bbhttps:\/\/atlanticwatches.ch\/wp-content\/uploads\/2025\/02\/Atlantic-Watches-Collection-2024.pdf\u00a0\u00bb][\/vc_column][vc_column width=\u00a0\u00bb1\/4&Prime;][vc_single_image image=\u00a0\u00bb10380&Prime; img_size=\u00a0\u00bblarge\u00a0\u00bb onclick=\u00a0\u00bbcustom_link\u00a0\u00bb css=\u00a0\u00bb\u00a0\u00bb link=\u00a0\u00bbhttps:\/\/atlanticwatches.ch\/wp-content\/uploads\/2025\/02\/Atlantic-Watches-Collection-2023.pdf\u00a0\u00bb css_params=\u00a0\u00bb\u00a0\u00bb][\/vc_column][\/vc_row][vc_row][vc_column][vc_column_text css=\u00a0\u00bb\u00a0\u00bb css_params=\u00a0\u00bb\u00a0\u00bb]&lt; Retour au centre de t\u00e9l\u00e9chargement[\/vc_column_text][\/vc_column][\/vc_row][vc_row][vc_column][vc_text_separator title=\u00a0\u00bbPour Vous Inspirer\u00a0\u00bb color=\u00a0\u00bbblack\u00a0\u00bb style=\u00a0\u00bbsolid\u00a0\u00bb][vc_column_text] Voir toutes les montres [&hellip;]<\/p>\n","protected":false},"author":9,"featured_media":0,"parent":10371,"menu_order":0,"comment_status":"closed","ping_status":"closed","template":"","meta":{"footnotes":""},"class_list":["post-10379","page","type-page","status-publish","hentry"],"_links":{"self":[{"href":"https:\/\/atlanticwatches.ch\/fr\/wp-json\/wp\/v2\/pages\/10379","targetHints":{"allow":["GET"]}}],"collection":[{"href":"https:\/\/atlanticwatches.ch\/fr\/wp-json\/wp\/v2\/pages"}],"about":[{"href":"https:\/\/atlanticwatches.ch\/fr\/wp-json\/wp\/v2\/types\/page"}],"author":[{"embeddable":true,"href":"https:\/\/atlanticwatches.ch\/fr\/wp-json\/wp\/v2\/users\/9"}],"replies":[{"embeddable":true,"href":"https:\/\/atlanticwatches.ch\/fr\/wp-json\/wp\/v2\/comments?post=10379"}],"version-history":[{"count":0,"href":"https:\/\/atlanticwatches.ch\/fr\/wp-json\/wp\/v2\/pages\/10379\/revisions"}],"up":[{"embeddable":true,"href":"https:\/\/atlanticwatches.ch\/fr\/wp-json\/wp\/v2\/pages\/10371"}],"wp:attachment":[{"href":"https:\/\/atlanticwatches.ch\/fr\/wp-json\/wp\/v2\/media?parent=10379"}],"curies":[{"name":"wp","href":"https:\/\/api.w.org\/{rel}","templated":true}]}}