{"id":9765,"date":"2024-11-26T10:21:19","date_gmt":"2024-11-26T09:21:19","guid":{"rendered":"https:\/\/atlanticwatches.ch\/?post_type=product&#038;p=9765"},"modified":"2025-04-17T10:54:31","modified_gmt":"2025-04-17T08:54:31","slug":"seawave-chrono-blaues-zifferblatt-auf-metallband-copy","status":"publish","type":"product","link":"https:\/\/atlanticwatches.ch\/de\/shop\/herren-uhren\/seawave-de\/seawave-chrono-de\/seawave-chrono-blaues-zifferblatt-auf-metallband-copy\/","title":{"rendered":"Seawave Chrono | Gr\u00fcnes Zifferblatt am Metallarmband"},"content":{"rendered":"<p><strong>Ein Design, das sich mit Ihnen bewegt<\/strong><br \/>\nDie Atlantic Seawave Chrono ist mehr als nur eine Uhr &#8211; sie ist eine nahtlose Verschmelzung von sportlicher Energie und raffinierter Eleganz. Mit ihrem schlanken 40-mm-Geh\u00e4use und den perfekt ausbalancierten Proportionen l\u00e4sst sich dieser Zeitmesser m\u00fchelos vom B\u00fcro ins Freie tragen und verk\u00f6rpert Vielseitigkeit f\u00fcr jeden Moment im Leben. <\/p>\n<p><strong>Pr\u00e4zision und Leistung<\/strong><br \/>\nDas Herzst\u00fcck des Seawave Chrono ist das Swiss Made Ronda RZ50 Quarzwerk, ein Beweis f\u00fcr das Engagement von Atlantic f\u00fcr Pr\u00e4zision und Zuverl\u00e4ssigkeit. Ganz gleich, ob Sie Ihre Erfolge verfolgen oder die sch\u00f6nsten Momente des Lebens genie\u00dfen, dieser Chronograph ist auf un\u00fcbertroffene Pr\u00e4zision ausgelegt. <\/p>\n<p><strong>K\u00fchnes Design, gebaut, um zu \u00fcberdauern<\/strong><br \/>\nGesch\u00fctzt durch ein Saphirglas und mit einer Wasserdichtigkeit von 100 Metern ist die Seawave Chrono ebenso robust wie stilvoll. Er ist in f\u00fcnf einzigartigen Designs erh\u00e4ltlich. W\u00e4hlen Sie zwischen klassischem Edelstahl mit leuchtenden Zifferblattfarben oder setzen Sie ein Statement mit dem k\u00fchnen Modell aus Gelbgold PVD mit auff\u00e4lligem schwarzem Zifferblatt. <\/p>\n<p><strong>Zeitlose Raffinesse f\u00fcr die moderne Welt<\/strong><br \/>\nJedes Detail der Seawave Chrono ist so gestaltet, dass es inspiriert. Ihre sportliche und doch elegante \u00c4sthetik spiegelt den Geist des Abenteuers wider, w\u00e4hrend ihr zeitloses Design daf\u00fcr sorgt, dass sie \u00fcber Jahre hinweg ein treuer Begleiter bleibt. Ob Sie die Stadt erkunden oder sich der n\u00e4chsten Herausforderung stellen, die Atlantic Seawave Chrono h\u00e4lt mit Ihrem Lebensstil Schritt &#8211; und das mit Stil.  <\/p>\n<p><strong>W\u00e4hlen Sie Ihren pers\u00f6nlichen Stil<\/strong><br \/>\nFinden Sie den perfekten Seawave Chrono, der zu Ihrer Pers\u00f6nlichkeit passt. Mit f\u00fcnf unverwechselbaren Varianten bietet diese Kollektion etwas f\u00fcr jeden Geschmack und sorgt daf\u00fcr, dass Sie immer gut aussehen, egal zu welchem Anlass. <\/p>\n","protected":false},"excerpt":{"rendered":"<p><strong>Sportliche Eleganz, zeitloser Stil<\/strong><\/p>\n<p>Inspiriert von der Eleganz der Vintage-Klassiker und der Energie des modernen Lebens ist dieser 40-mm-Chronograph Ihr ultimativer Allrounder.<\/p>\n<p>Ob Sie den Sitzungssaal erobern, die Stadt unsicher machen oder sich in die Abenteuer des Wochenendes st\u00fcrzen, der Seawave Chrono h\u00e4lt mit Ihrem Tempo stilvoll Schritt.<\/p>\n","protected":false},"featured_media":9809,"template":"","meta":[],"product_brand":[],"product_cat":[409,1093,1123,457],"product_tag":[],"class_list":{"0":"post-9765","1":"product","2":"type-product","3":"status-publish","4":"has-post-thumbnail","6":"product_cat-herren-uhren","7":"product_cat-seawave-de","8":"product_cat-seawave-chrono-de","9":"product_cat-quarz-uhren","11":"first","12":"instock","13":"shipping-taxable","14":"purchasable","15":"product-type-simple"},"_links":{"self":[{"href":"https:\/\/atlanticwatches.ch\/de\/wp-json\/wp\/v2\/product\/9765","targetHints":{"allow":["GET"]}}],"collection":[{"href":"https:\/\/atlanticwatches.ch\/de\/wp-json\/wp\/v2\/product"}],"about":[{"href":"https:\/\/atlanticwatches.ch\/de\/wp-json\/wp\/v2\/types\/product"}],"wp:featuredmedia":[{"embeddable":true,"href":"https:\/\/atlanticwatches.ch\/de\/wp-json\/wp\/v2\/media\/9809"}],"wp:attachment":[{"href":"https:\/\/atlanticwatches.ch\/de\/wp-json\/wp\/v2\/media?parent=9765"}],"wp:term":[{"taxonomy":"product_brand","embeddable":true,"href":"https:\/\/atlanticwatches.ch\/de\/wp-json\/wp\/v2\/product_brand?post=9765"},{"taxonomy":"product_cat","embeddable":true,"href":"https:\/\/atlanticwatches.ch\/de\/wp-json\/wp\/v2\/product_cat?post=9765"},{"taxonomy":"product_tag","embeddable":true,"href":"https:\/\/atlanticwatches.ch\/de\/wp-json\/wp\/v2\/product_tag?post=9765"}],"curies":[{"name":"wp","href":"https:\/\/api.w.org\/{rel}","templated":true}]}}