{"id":9749,"date":"2024-11-26T10:21:23","date_gmt":"2024-11-26T09:21:23","guid":{"rendered":"https:\/\/atlanticwatches.ch\/?post_type=product&#038;p=9749"},"modified":"2024-12-22T13:17:40","modified_gmt":"2024-12-22T12:17:40","slug":"seacloud-silbernes-zifferblatt-auf-metallband-copy","status":"publish","type":"product","link":"https:\/\/atlanticwatches.ch\/de\/shop\/herren-uhren\/seawave-de\/seawave-chrono-de\/seacloud-silbernes-zifferblatt-auf-metallband-copy\/","title":{"rendered":"Seawave Chrono | Silbernes Zifferblatt auf Metallband"},"content":{"rendered":"<p><strong>Ein Design, das mit Ihnen Schritt h\u00e4lt<\/strong><br \/>\nDer Atlantic Seawave Chrono ist mehr als nur eine Uhr \u2013 er vereint sportliche Energie mit raffinierter Eleganz. Mit seinem schlanken 40-mm-Geh\u00e4use und perfekt ausbalancierten Proportionen passt sich dieser Zeitmesser m\u00fchelos an jede Lebenssituation an \u2013 vom B\u00fcroalltag bis hin zu Outdoor-Abenteuern.<\/p>\n<p><strong>Pr\u00e4zision und Leistung auf h\u00f6chstem Niveau<\/strong><br \/>\nIm Herzen des Seawave Chrono schl\u00e4gt das Schweizer Ronda RZ50 Quarzwerk \u2013 ein Beweis f\u00fcr Atlantics Hingabe an Pr\u00e4zision und Zuverl\u00e4ssigkeit. Ob Sie Erfolge messen oder besondere Momente genie\u00dfen m\u00f6chten, dieser Chronograph liefert unvergleichliche Genauigkeit.<\/p>\n<p><strong>Sportliches Design f\u00fcr den Alltag<\/strong><br \/>\nGesch\u00fctzt durch ein Saphirglas und mit einer Wasserdichtigkeit von 100M \u00fcberzeugt der Seawave Chrono durch Robustheit und Stil. W\u00e4hlen Sie aus f\u00fcnf einzigartigen Designs: von klassischem Edelstahl mit lebendigen Zifferblattfarben bis hin zum markanten Gelbgold-PVD-Modell mit auff\u00e4lligem schwarzem Zifferblatt.<\/p>\n<p><strong>Zeitlose Raffinesse f\u00fcr die moderne Welt<\/strong><br \/>\nJedes Detail des Seawave Chrono ist darauf ausgelegt, zu inspirieren. Sein sportlich-elegantes Erscheinungsbild verk\u00f6rpert den Geist des Abenteuers, w\u00e4hrend das zeitlose Design ihn zu einem zuverl\u00e4ssigen Begleiter f\u00fcr viele Jahre macht. Ob in der Stadt oder bei neuen Herausforderungen \u2013 der Atlantic Seawave Chrono h\u00e4lt mit Ihrem Lebensstil Schritt und \u00fcberzeugt dabei stets durch Stil.<\/p>\n<p><strong>Finden Sie Ihren Stil<\/strong><br \/>\nEntdecken Sie die perfekte Variante des Seawave Chrono, die zu Ihrer Pers\u00f6nlichkeit passt. Mit f\u00fcnf charakteristischen Modellen bietet diese Kollektion f\u00fcr jeden Geschmack das Richtige \u2013 damit Sie in jeder Situation bestens aussehen.<\/p>\n","protected":false},"excerpt":{"rendered":"<p><strong>Sportliche Eleganz, zeitloser Stil<\/strong><\/p>\n<p>Inspiriert von der Eleganz klassischer Vintage-Uhren und der Dynamik des modernen Lebens ist dieser 40-mm-Chronograph Ihr perfekter Allrounder.<\/p>\n<p>Ob im Meetingraum, bei eleganten Abendveranstaltungen oder auf abenteuerlichen Wochenendtrips \u2013 der Seawave Chrono h\u00e4lt m\u00fchelos mit Ihrem Tempo Schritt und begleitet Sie stets stilvoll.<\/p>\n","protected":false},"featured_media":9815,"template":"","meta":[],"product_brand":[],"product_cat":[409,1093,1123,457],"product_tag":[],"class_list":{"0":"post-9749","1":"product","2":"type-product","3":"status-publish","4":"has-post-thumbnail","6":"product_cat-herren-uhren","7":"product_cat-seawave-de","8":"product_cat-seawave-chrono-de","9":"product_cat-quarz-uhren","11":"first","12":"instock","13":"shipping-taxable","14":"purchasable","15":"product-type-simple"},"_links":{"self":[{"href":"https:\/\/atlanticwatches.ch\/de\/wp-json\/wp\/v2\/product\/9749","targetHints":{"allow":["GET"]}}],"collection":[{"href":"https:\/\/atlanticwatches.ch\/de\/wp-json\/wp\/v2\/product"}],"about":[{"href":"https:\/\/atlanticwatches.ch\/de\/wp-json\/wp\/v2\/types\/product"}],"wp:featuredmedia":[{"embeddable":true,"href":"https:\/\/atlanticwatches.ch\/de\/wp-json\/wp\/v2\/media\/9815"}],"wp:attachment":[{"href":"https:\/\/atlanticwatches.ch\/de\/wp-json\/wp\/v2\/media?parent=9749"}],"wp:term":[{"taxonomy":"product_brand","embeddable":true,"href":"https:\/\/atlanticwatches.ch\/de\/wp-json\/wp\/v2\/product_brand?post=9749"},{"taxonomy":"product_cat","embeddable":true,"href":"https:\/\/atlanticwatches.ch\/de\/wp-json\/wp\/v2\/product_cat?post=9749"},{"taxonomy":"product_tag","embeddable":true,"href":"https:\/\/atlanticwatches.ch\/de\/wp-json\/wp\/v2\/product_tag?post=9749"}],"curies":[{"name":"wp","href":"https:\/\/api.w.org\/{rel}","templated":true}]}}