{"id":9375,"date":"2024-08-23T15:50:57","date_gmt":"2024-08-23T13:50:57","guid":{"rendered":"https:\/\/atlanticwatches.ch\/?post_type=product&#038;p=9375"},"modified":"2024-10-17T15:53:22","modified_gmt":"2024-10-17T13:53:22","slug":"seaport-small-second-champagne-pvd","status":"publish","type":"product","link":"https:\/\/atlanticwatches.ch\/de\/shop\/herren-uhren\/seaport-de\/seaport-small-second-de\/seaport-small-second-champagne-pvd\/","title":{"rendered":"Seaport Small Second | Champagne &#038; Gold PVD"},"content":{"rendered":"<p><strong>Pr\u00e4zision trifft auf Prestige: Zeitlose Schweizer Eleganz f\u00fcr jeden Anlass<\/strong><\/p>\n<p>Lassen Sie sich von der raffinierten Eleganz der Atlantic Seaport Small Second Collection verzaubern, einer Serie von Zeitmessern, die den H\u00f6hepunkt der Schweizer Uhrmacherkunst darstellen. Jede Uhr wurde mit viel Liebe zum Detail gefertigt und verf\u00fcgt \u00fcber ein pr\u00e4zisionsgefertigtes Quarzwerk von Ronda Swiss, das f\u00fcr seine Zuverl\u00e4ssigkeit und Genauigkeit bekannt ist. Das robuste Saphirglas bietet eine un\u00fcbertroffene Kratzfestigkeit und sorgt daf\u00fcr, dass das Zifferblatt Ihrer Uhr \u00fcber lange Zeit makellos bleibt.<\/p>\n<p>Diese Uhren sind au\u00dferdem so konzipiert, dass sie den Strapazen des Alltags standhalten, da sie bis zu 50 Meter wasserdicht sind. Dadurch eignen sie sich sowohl f\u00fcr die Freizeit als auch f\u00fcr abenteuerlichere Unternehmungen. Bei der Kollektion haben Sie die Wahl zwischen geschmeidigen Lederarmb\u00e4ndern, die mit der Zeit eine sch\u00f6ne Patina entwickeln, und eleganten Metallarmb\u00e4ndern, die einen moderneren Look bieten. Jedes Armband und jedes Armband ist so gestaltet, dass es die klassische und doch moderne \u00c4sthetik des Zifferblatts erg\u00e4nzt und das Gesamtbild und die Haptik der Uhr verbessert.<\/p>\n<p>Ob Sie sich f\u00fcr eine elegante Abendveranstaltung oder ein zwangloses Gesch\u00e4ftstreffen kleiden, die Atlantic Seaport Small Second Collection bietet einen Hauch von Luxus, der sowohl beeindruckend als auch dezent ist. Treffen Sie Ihre Wahl aus dieser exquisiten Kollektion und tragen Sie ein St\u00fcck Schweizer Tradition an Ihrem Handgelenk, ein Symbol f\u00fcr Eleganz und zeitlosen Stil.<\/p>\n","protected":false},"excerpt":{"rendered":"<p><strong>Quarzwerk mit kleiner Sekunde | 41 mm<\/strong><\/p>\n<p>G\u00f6nnen Sie sich den dezenten Luxus der Atlantic Seaport Small Second Collection.<\/p>\n<p>Diese exquisit gefertigten Zeitmesser verk\u00f6rpern den Gipfel von Eleganz und Pr\u00e4zision und sind mit einem zuverl\u00e4ssigen Quarzwerk ausgestattet, das von Ronda Swiss sorgf\u00e4ltig entwickelt wurde. Jede Uhr ist durch kratzfestes Saphirglas gesch\u00fctzt und bis zu 50m wasserdicht. Sie ist ein Beweis f\u00fcr Langlebigkeit und Stil.<\/p>\n<p>W\u00e4hlen Sie aus unserer Kollektion exquisiter Leder- oder polierter Metallarmb\u00e4nder, die perfekt zu Ihrem anspruchsvollen Geschmack passen.<\/p>\n","protected":false},"featured_media":9124,"template":"","meta":[],"product_brand":[],"product_cat":[409,1100,1098,457],"product_tag":[],"class_list":{"0":"post-9375","1":"product","2":"type-product","3":"status-publish","4":"has-post-thumbnail","6":"product_cat-herren-uhren","7":"product_cat-seaport-de","8":"product_cat-seaport-small-second-de","9":"product_cat-quarz-uhren","11":"first","12":"instock","13":"shipping-taxable","14":"purchasable","15":"product-type-simple"},"_links":{"self":[{"href":"https:\/\/atlanticwatches.ch\/de\/wp-json\/wp\/v2\/product\/9375","targetHints":{"allow":["GET"]}}],"collection":[{"href":"https:\/\/atlanticwatches.ch\/de\/wp-json\/wp\/v2\/product"}],"about":[{"href":"https:\/\/atlanticwatches.ch\/de\/wp-json\/wp\/v2\/types\/product"}],"wp:featuredmedia":[{"embeddable":true,"href":"https:\/\/atlanticwatches.ch\/de\/wp-json\/wp\/v2\/media\/9124"}],"wp:attachment":[{"href":"https:\/\/atlanticwatches.ch\/de\/wp-json\/wp\/v2\/media?parent=9375"}],"wp:term":[{"taxonomy":"product_brand","embeddable":true,"href":"https:\/\/atlanticwatches.ch\/de\/wp-json\/wp\/v2\/product_brand?post=9375"},{"taxonomy":"product_cat","embeddable":true,"href":"https:\/\/atlanticwatches.ch\/de\/wp-json\/wp\/v2\/product_cat?post=9375"},{"taxonomy":"product_tag","embeddable":true,"href":"https:\/\/atlanticwatches.ch\/de\/wp-json\/wp\/v2\/product_tag?post=9375"}],"curies":[{"name":"wp","href":"https:\/\/api.w.org\/{rel}","templated":true}]}}