{"id":9176,"date":"2024-06-24T07:29:49","date_gmt":"2024-06-24T05:29:49","guid":{"rendered":"https:\/\/atlanticwatches.ch\/?post_type=product&#038;p=9176"},"modified":"2025-12-22T11:17:28","modified_gmt":"2025-12-22T10:17:28","slug":"seawave-gents-blue-dial","status":"publish","type":"product","link":"https:\/\/atlanticwatches.ch\/de\/shop\/herren-uhren\/seawave-de\/seawave-gents-blue-dial\/","title":{"rendered":"Seawave Herren | Blaues Zifferblatt"},"content":{"rendered":"<p><strong>Atlantic Watches Seawave Kollektion \u2013 wo Vintage-Charme auf zeitgen\u00f6ssische Handwerkskunst trifft.<\/strong><\/p>\n<p>Die Seawave Uhr wurde f\u00fcr den \u00e4sthetisch versierten und genial geneigten Menschen entworfen und erinnert mit ihrer schlanken, stromlinienf\u00f6rmigen Silhouette an den ikonischen Stil der 70er Jahre.<\/p>\n<p>Jede Uhr wird sorgf\u00e4ltig mit einem Geh\u00e4use von 40 mm Durchmesser gefertigt, wobei nur die feinsten Materialien verwendet werden, um Haltbarkeit und Eleganz zu gew\u00e4hrleisten. Unter der edlen Oberfl\u00e4che verbirgt sich ein pr\u00e4zises Schweizer Quarzwerk, das eine genaue Zeitmessung f\u00fcr den dynamischen Lebensstil von heute garantiert. Die Seawave ist bis zu 100 m (10 bar) wasserdicht und eignet sich ideal f\u00fcr Abenteurer und Stilkenner.  <\/p>\n<p>Ob Sie sich f\u00fcr einen besonderen Anlass herausputzen oder in Ihr n\u00e4chstes Abenteuer eintauchen, die Atlantic Seawave Kollektion bietet sowohl Zuverl\u00e4ssigkeit als auch unvergleichlichen Stil und ist damit ein unverzichtbares Accessoire, das die Zeit \u00fcberdauert.<\/p>\n","protected":false},"excerpt":{"rendered":"<p><strong>Tauchen Sie ein in den Stil mit der Atlantic Seawave Kollektion!<\/strong><\/p>\n<p>Diese Uhr verbindet perfekt den Flair der 70er mit moderner Raffinesse und verf\u00fcgt \u00fcber ein schlankes, elegantes Design und ein 40-mm-Geh\u00e4use aus hochwertigen Materialien.<\/p>\n<p>Ausgestattet mit einem pr\u00e4zisen Schweizer Quarzwerk und einer Wasserdichtigkeit bis 100 m ist die Seawave ein zeitloses Statement.<\/p>\n","protected":false},"featured_media":9128,"template":"","meta":[],"product_brand":[],"product_cat":[409,1093,457],"product_tag":[],"class_list":{"0":"post-9176","1":"product","2":"type-product","3":"status-publish","4":"has-post-thumbnail","6":"product_cat-herren-uhren","7":"product_cat-seawave-de","8":"product_cat-quarz-uhren","10":"first","11":"outofstock","12":"shipping-taxable","13":"purchasable","14":"product-type-simple"},"_links":{"self":[{"href":"https:\/\/atlanticwatches.ch\/de\/wp-json\/wp\/v2\/product\/9176","targetHints":{"allow":["GET"]}}],"collection":[{"href":"https:\/\/atlanticwatches.ch\/de\/wp-json\/wp\/v2\/product"}],"about":[{"href":"https:\/\/atlanticwatches.ch\/de\/wp-json\/wp\/v2\/types\/product"}],"wp:featuredmedia":[{"embeddable":true,"href":"https:\/\/atlanticwatches.ch\/de\/wp-json\/wp\/v2\/media\/9128"}],"wp:attachment":[{"href":"https:\/\/atlanticwatches.ch\/de\/wp-json\/wp\/v2\/media?parent=9176"}],"wp:term":[{"taxonomy":"product_brand","embeddable":true,"href":"https:\/\/atlanticwatches.ch\/de\/wp-json\/wp\/v2\/product_brand?post=9176"},{"taxonomy":"product_cat","embeddable":true,"href":"https:\/\/atlanticwatches.ch\/de\/wp-json\/wp\/v2\/product_cat?post=9176"},{"taxonomy":"product_tag","embeddable":true,"href":"https:\/\/atlanticwatches.ch\/de\/wp-json\/wp\/v2\/product_tag?post=9176"}],"curies":[{"name":"wp","href":"https:\/\/api.w.org\/{rel}","templated":true}]}}