{"id":9163,"date":"2024-06-23T13:39:58","date_gmt":"2024-06-23T11:39:58","guid":{"rendered":"https:\/\/atlanticwatches.ch\/?post_type=product&#038;p=9163"},"modified":"2024-06-23T14:06:15","modified_gmt":"2024-06-23T12:06:15","slug":"seawave-gents-schwarz","status":"publish","type":"product","link":"https:\/\/atlanticwatches.ch\/de\/shop\/herren-uhren\/seawave-de\/seawave-gents-schwarz\/","title":{"rendered":"Seawave Gents | Schwarz"},"content":{"rendered":"<p><strong>Atlantic Watches Seawave Collection \u2013 wo Vintage-Charme auf zeitgen\u00f6ssische Handwerkskunst trifft.<\/strong><\/p>\n<p>Die Seawave-Uhr wurde f\u00fcr \u00c4stheten und Genies entworfen und erinnert mit ihrer schlanken, stromlinienf\u00f6rmigen Silhouette an den ikonischen Stil der 70er-Jahre.<\/p>\n<p>Jedes Modell wird mit einem Geh\u00e4use mit einem Durchmesser von 40 mm und unter Verwendung der besten Materialien sorgf\u00e4ltig gefertigt, um Langlebigkeit und Eleganz zu gew\u00e4hrleisten. Unter der edlen Oberfl\u00e4che befindet sich ein pr\u00e4zises Schweizer Quarzuhrwerk, das eine genaue Zeitmessung f\u00fcr den dynamischen Lebensstil von heute garantiert. Mit einer Wasserdichtigkeit von bis zu 100 m (10 bar) ist die Seawave ideal f\u00fcr Abenteurer und Stilbewusste.<\/p>\n<p>Ob Sie sich f\u00fcr einen besonderen Anlass schick machen oder in Ihr n\u00e4chstes Abenteuer eintauchen \u2013 die Atlantic Seawave Collection bietet sowohl Zuverl\u00e4ssigkeit als auch unvergleichlichen Stil und ist damit ein unverzichtbares Accessoire, das wirklich die Zeit \u00fcberdauert.<\/p>\n","protected":false},"excerpt":{"rendered":"<p><strong>Tauchen Sie mit der Atlantic Seawave Collection in die Welt des Stils ein!<\/strong><\/p>\n<p>Diese Uhr vereint perfekt den Flair der 70er-Jahre mit moderner Eleganz. Sie verf\u00fcgt \u00fcber ein schlankes, elegantes Design und ein Geh\u00e4use mit einem Durchmesser von 40 mm, das aus hochwertigen Materialien gefertigt ist.<\/p>\n<p>Ausgestattet mit einem pr\u00e4zisen Schweizer Quarzwerk und einer Wasserdichtigkeit bis 100 m ist die Seawave ein zeitloses Statement.<\/p>\n","protected":false},"featured_media":9130,"template":"","meta":[],"product_brand":[],"product_cat":[409,1093,457],"product_tag":[],"class_list":{"0":"post-9163","1":"product","2":"type-product","3":"status-publish","4":"has-post-thumbnail","6":"product_cat-herren-uhren","7":"product_cat-seawave-de","8":"product_cat-quarz-uhren","10":"first","11":"instock","12":"shipping-taxable","13":"purchasable","14":"product-type-simple"},"_links":{"self":[{"href":"https:\/\/atlanticwatches.ch\/de\/wp-json\/wp\/v2\/product\/9163","targetHints":{"allow":["GET"]}}],"collection":[{"href":"https:\/\/atlanticwatches.ch\/de\/wp-json\/wp\/v2\/product"}],"about":[{"href":"https:\/\/atlanticwatches.ch\/de\/wp-json\/wp\/v2\/types\/product"}],"wp:featuredmedia":[{"embeddable":true,"href":"https:\/\/atlanticwatches.ch\/de\/wp-json\/wp\/v2\/media\/9130"}],"wp:attachment":[{"href":"https:\/\/atlanticwatches.ch\/de\/wp-json\/wp\/v2\/media?parent=9163"}],"wp:term":[{"taxonomy":"product_brand","embeddable":true,"href":"https:\/\/atlanticwatches.ch\/de\/wp-json\/wp\/v2\/product_brand?post=9163"},{"taxonomy":"product_cat","embeddable":true,"href":"https:\/\/atlanticwatches.ch\/de\/wp-json\/wp\/v2\/product_cat?post=9163"},{"taxonomy":"product_tag","embeddable":true,"href":"https:\/\/atlanticwatches.ch\/de\/wp-json\/wp\/v2\/product_tag?post=9163"}],"curies":[{"name":"wp","href":"https:\/\/api.w.org\/{rel}","templated":true}]}}