{"id":8929,"date":"2024-04-08T07:35:29","date_gmt":"2024-04-08T05:35:29","guid":{"rendered":"https:\/\/atlanticwatches.ch\/shop\/unkategorisiert\/seapair-gents-nv-black-dial-leather\/"},"modified":"2025-11-17T04:03:59","modified_gmt":"2025-11-17T03:03:59","slug":"seapair-gents-nv-black-dial-leather","status":"publish","type":"product","link":"https:\/\/atlanticwatches.ch\/de\/shop\/herren-uhren\/seapair-gents-de\/seapair-gents-nv-black-dial-leather\/","title":{"rendered":"Seapair Herren Quarz | Midnight Black Edelstahl Leder"},"content":{"rendered":"","protected":false},"excerpt":{"rendered":"<p>Unser neuestes Sortiment zeichnet sich durch markant aufgefrischte Zifferbl\u00e4tter aus, die die Essenz des atlantischen Erbes mit einem modernen Twist einfangen.<\/p>\n<p>Jedes St\u00fcck wird sorgf\u00e4ltig aus den besten Materialien gefertigt, was unser Engagement f\u00fcr unvergleichliche Qualit\u00e4t unterstreicht. Diese in der Schweiz hergestellten und von einem pr\u00e4zisen Quarzwerk angetriebenen Uhren bieten Zuverl\u00e4ssigkeit und Eleganz in gleichem Ma\u00dfe. <\/p>\n<p>Genie\u00dfen Sie die perfekte Mischung aus Tradition und Innovation mit der Atlantic Seapair NV Collection &#8211; ein wahres Meisterwerk f\u00fcr Anspruchsvolle.<\/p>\n","protected":false},"featured_media":8924,"template":"","meta":[],"product_brand":[],"product_cat":[409,420,457],"product_tag":[],"class_list":{"0":"post-8929","1":"product","2":"type-product","3":"status-publish","4":"has-post-thumbnail","6":"product_cat-herren-uhren","7":"product_cat-seapair-gents-de","8":"product_cat-quarz-uhren","10":"first","11":"instock","12":"shipping-taxable","13":"purchasable","14":"product-type-simple"},"_links":{"self":[{"href":"https:\/\/atlanticwatches.ch\/de\/wp-json\/wp\/v2\/product\/8929","targetHints":{"allow":["GET"]}}],"collection":[{"href":"https:\/\/atlanticwatches.ch\/de\/wp-json\/wp\/v2\/product"}],"about":[{"href":"https:\/\/atlanticwatches.ch\/de\/wp-json\/wp\/v2\/types\/product"}],"wp:featuredmedia":[{"embeddable":true,"href":"https:\/\/atlanticwatches.ch\/de\/wp-json\/wp\/v2\/media\/8924"}],"wp:attachment":[{"href":"https:\/\/atlanticwatches.ch\/de\/wp-json\/wp\/v2\/media?parent=8929"}],"wp:term":[{"taxonomy":"product_brand","embeddable":true,"href":"https:\/\/atlanticwatches.ch\/de\/wp-json\/wp\/v2\/product_brand?post=8929"},{"taxonomy":"product_cat","embeddable":true,"href":"https:\/\/atlanticwatches.ch\/de\/wp-json\/wp\/v2\/product_cat?post=8929"},{"taxonomy":"product_tag","embeddable":true,"href":"https:\/\/atlanticwatches.ch\/de\/wp-json\/wp\/v2\/product_tag?post=8929"}],"curies":[{"name":"wp","href":"https:\/\/api.w.org\/{rel}","templated":true}]}}