{"id":8390,"date":"2023-11-21T01:16:03","date_gmt":"2023-11-21T00:16:03","guid":{"rendered":"https:\/\/atlanticwatches.ch\/?post_type=product&#038;p=8390"},"modified":"2025-04-17T10:55:24","modified_gmt":"2025-04-17T08:55:24","slug":"atlantic-worldmaster-bicompax-dual-color-mit-lederband","status":"publish","type":"product","link":"https:\/\/atlanticwatches.ch\/de\/shop\/herren-uhren\/worldmaster-de\/bicompax-legend-edition-de\/atlantic-worldmaster-bicompax-dual-color-mit-lederband\/","title":{"rendered":"Atlantic Worldmaster Bicompax Zweifarbig am Lederarmband"},"content":{"rendered":"<p><strong>Ein zeitloser Klassiker neu interpretiert<\/strong><\/p>\n<p>Entdecken Sie den Inbegriff chronographischer Raffinesse mit der Kollektion Bicompax von Atlantic Watches, in der Eleganz und Pr\u00e4zision in einer Sinfonie des Designs aufeinandertreffen. Diese Kollektion ist eine Hommage an die zeitlose Tradition der Schweizer Uhrmacherkunst, die mit zeitgen\u00f6ssischem Flair verschmolzen wurde, und richtet sich an alle, die die Akribie der Schweizer Uhrmacherkunst sch\u00e4tzen. <\/p>\n<p><strong>Exquisite Handwerkskunst<\/strong><\/p>\n<p>Das Herzst\u00fcck jedes Zeitmessers ist das in der Schweiz hergestellte Sellita SW510-BHa Bicompax-Automatikwerk, ein Leuchtturm der Zuverl\u00e4ssigkeit und Pr\u00e4zision. Das durch den Ausstellungsboden sichtbare Uhrwerk ist ein Spektakel der Uhrmacherkunst. <\/p>\n<p><strong>Entworfen, um zu beeindrucken<\/strong><\/p>\n<p>Mit einem Geh\u00e4use von 42 mm Durchmesser ist die Bicompax Collection ein k\u00fchnes Statement, das bequem am Handgelenk sitzt. Das Saphirglas mit Antireflexionsbeschichtung sorgt f\u00fcr un\u00fcbertroffene Klarheit bei jedem Licht und bewahrt die Lesbarkeit und Sch\u00f6nheit der Uhr. <\/p>\n<p><strong>Ziffernbl\u00e4tter, die B\u00e4nde sprechen<\/strong><\/p>\n<p>W\u00e4hlen Sie aus drei fesselnden Zifferblattversionen: das tiefe Blau, das die Weite des Ozeans widerspiegelt, das markante Schwarz, das den Reiz der Nacht verk\u00f6rpert, oder das Grau\/Schwarz, das von nebligen D\u00e4mmerungen k\u00fcndet. Jedes Zifferblatt ist eine Leinwand, auf der die Kunst der Zeit dargestellt wird. <\/p>\n<p><strong>Langlebigkeit trifft auf Design<\/strong><\/p>\n<p>Mit einer Wasserdichtigkeit von bis zu 50 Metern sind diese Uhren nicht nur f\u00fcr Bewunderung, sondern auch f\u00fcr Widerstandsf\u00e4higkeit ausgelegt. Egal, ob Sie an einer formellen Veranstaltung teilnehmen oder die urbane Landschaft erkunden, die Bicompax Kollektion verspricht Leistung in jeder Umgebung. <\/p>\n<p><strong>Ihr Stil, Ihr Statement<\/strong><\/p>\n<p>Erg\u00e4nzen Sie Ihren Zeitmesser mit einem Armband Ihrer Wahl. Entscheiden Sie sich f\u00fcr die Robustheit eines Metallarmbands, das eine schlanke, moderne \u00c4sthetik ausstrahlt, oder f\u00fcr die klassische Raffinesse eines echten Lederarmbands, das mit Ihnen in W\u00fcrde altert. <\/p>\n<p><strong>Umarmen Sie die Bicompax Kollektion<\/strong><\/p>\n<p>Treten Sie in die Liga der anspruchsvollen Menschen ein, die wissen, dass eine Uhr mehr als nur die Zeit anzeigt; sie erz\u00e4hlt ihre Geschichte. Mit der Bicompax Kollektion von Atlantic Watches tragen Sie nicht nur einen Zeitmesser, sondern auch ein Verm\u00e4chtnis an Ihrem Handgelenk. <\/p>\n<hr>\n<p><a href=\"https:\/\/atlanticwatches.ch\/de\/produkt-kategorie\/herren-uhren\/worldmaster-de\/bicompax-legend-edition-de\/\"><img loading=\"lazy\" decoding=\"async\" class=\"aligncenter wp-image-8391 size-large\" src=\"https:\/\/atlanticwatches.ch\/wp-content\/uploads\/2023\/11\/Atlantic-Bicompax-Collection-Legend-Edition-1024x576.jpg\" alt=\"\" width=\"1024\" height=\"576\" srcset=\"https:\/\/atlanticwatches.ch\/wp-content\/uploads\/2023\/11\/Atlantic-Bicompax-Collection-Legend-Edition-1024x576.jpg 1024w, https:\/\/atlanticwatches.ch\/wp-content\/uploads\/2023\/11\/Atlantic-Bicompax-Collection-Legend-Edition-768x432.jpg 768w, https:\/\/atlanticwatches.ch\/wp-content\/uploads\/2023\/11\/Atlantic-Bicompax-Collection-Legend-Edition-640x360.jpg 640w, https:\/\/atlanticwatches.ch\/wp-content\/uploads\/2023\/11\/Atlantic-Bicompax-Collection-Legend-Edition-400x225.jpg 400w, https:\/\/atlanticwatches.ch\/wp-content\/uploads\/2023\/11\/Atlantic-Bicompax-Collection-Legend-Edition-600x338.jpg 600w\" sizes=\"auto, (max-width: 1024px) 100vw, 1024px\" \/><\/a><\/p>\n","protected":false},"excerpt":{"rendered":"<p>Willkommen in der vornehmen Welt von Atlantic Watches, wo Pr\u00e4zision und Eleganz im Einklang mit der Zeit stehen.<\/p>\n<p>Wir sind stolz darauf, Ihnen unser neuestes Meisterwerk vorzustellen &#8211; die Bicompax Kollektion. Als Zeugnis der Schweizer Uhrmacherkunst ist diese Linie die Kr\u00f6nung unseres unerm\u00fcdlichen Engagements f\u00fcr Qualit\u00e4t und Design. <\/p>\n<p>Lassen Sie sich von der Perfektion eines Chronographen verzaubern, der nicht nur die Zeit misst, sondern mit jedem Ticken Stil und Charakter verk\u00fcndet.<\/p>\n","protected":false},"featured_media":8346,"template":"","meta":[],"product_brand":[],"product_cat":[409,428,1072,411,410],"product_tag":[],"class_list":{"0":"post-8390","1":"product","2":"type-product","3":"status-publish","4":"has-post-thumbnail","6":"product_cat-herren-uhren","7":"product_cat-worldmaster-de","8":"product_cat-bicompax-legend-edition-de","9":"product_cat-automatik-uhren","10":"product_cat-inspiration-fur-sie","12":"first","13":"instock","14":"shipping-taxable","15":"purchasable","16":"product-type-simple"},"_links":{"self":[{"href":"https:\/\/atlanticwatches.ch\/de\/wp-json\/wp\/v2\/product\/8390","targetHints":{"allow":["GET"]}}],"collection":[{"href":"https:\/\/atlanticwatches.ch\/de\/wp-json\/wp\/v2\/product"}],"about":[{"href":"https:\/\/atlanticwatches.ch\/de\/wp-json\/wp\/v2\/types\/product"}],"wp:featuredmedia":[{"embeddable":true,"href":"https:\/\/atlanticwatches.ch\/de\/wp-json\/wp\/v2\/media\/8346"}],"wp:attachment":[{"href":"https:\/\/atlanticwatches.ch\/de\/wp-json\/wp\/v2\/media?parent=8390"}],"wp:term":[{"taxonomy":"product_brand","embeddable":true,"href":"https:\/\/atlanticwatches.ch\/de\/wp-json\/wp\/v2\/product_brand?post=8390"},{"taxonomy":"product_cat","embeddable":true,"href":"https:\/\/atlanticwatches.ch\/de\/wp-json\/wp\/v2\/product_cat?post=8390"},{"taxonomy":"product_tag","embeddable":true,"href":"https:\/\/atlanticwatches.ch\/de\/wp-json\/wp\/v2\/product_tag?post=8390"}],"curies":[{"name":"wp","href":"https:\/\/api.w.org\/{rel}","templated":true}]}}