{"id":7743,"date":"2023-07-08T15:34:57","date_gmt":"2023-07-08T13:34:57","guid":{"rendered":"https:\/\/atlanticwatches.ch\/?post_type=product&#038;p=7743"},"modified":"2025-04-17T10:19:10","modified_gmt":"2025-04-17T08:19:10","slug":"timeroy-ne-black-leather","status":"publish","type":"product","link":"https:\/\/atlanticwatches.ch\/de\/shop\/herren-uhren\/timeroy-de\/timeroy-ne-black-leather\/","title":{"rendered":"Timeroy NE | Schwarz\/Leder"},"content":{"rendered":"<p><strong>Die perfekte Mischung aus Pr\u00e4zision und zeitloser Eleganz.<\/strong><\/p>\n<p>Die Atlantic Timeroy NE Classic ist eine Verk\u00f6rperung von zeitloser Eleganz und Pr\u00e4zision. Angetrieben von dem renommierten Ronda R.515 Quarzwerk, bietet diese Uhr eine unvergleichliche Ganggenauigkeit, die sie zu einem festen Bestandteil jeder anspruchsvollen Herrenkollektion macht.  <\/p>\n<p>Mit seinem fesselnden schwarzen Zifferblatt hebt dieser Zeitmesser die hellen Leuchtzeiger und -indizes wunderbar von der dunklen Oberfl\u00e4che ab und sorgt so f\u00fcr optimale Sichtbarkeit bei allen Lichtverh\u00e4ltnissen. Die Datumsanzeige auf der 3-Uhr-Position sorgt f\u00fcr zus\u00e4tzliche Funktionalit\u00e4t, w\u00e4hrend die rote Spitze des Sekundenzeigers einen auff\u00e4lligen Kontrast bildet. Das Ergebnis ist ein Zeitmesser, der nicht nur funktional ist, sondern auch optisch besticht. <\/p>\n<p>Die Timeroy NE wird durch ein Armband aus echtem Kalbsleder im Vintage-Stil erg\u00e4nzt. Das bequeme und dennoch robuste Armband ist eine Hommage an die klassische \u00c4ra des Rennsports und verleiht der Uhr einen Hauch von Nostalgie, der perfekt zur modernen \u00c4sthetik der Uhr passt. <\/p>\n<p>Die Atlantic Timeroy NE ist mehr als nur eine Uhr. Sie ist ein Beweis f\u00fcr das Engagement von Atlantic, au\u00dfergew\u00f6hnliche Zeitmesser zu fertigen, die Pr\u00e4zision, Eleganz und Funktionalit\u00e4t vereinen. Die einzigartigen Eigenschaften und robusten Merkmale dieses Modells machen es zu einer herausragenden Wahl f\u00fcr Uhrenliebhaber und Sammler gleicherma\u00dfen. <\/p>\n","protected":false},"excerpt":{"rendered":"<p><strong>Der Inbegriff von zeitloser Eleganz und Pr\u00e4zision<\/strong><\/p>\n<p>Die Atlantic Timeroy NE Classic wird von einem Ronda R.515 Quarzwerk angetrieben, verf\u00fcgt \u00fcber ein fesselndes schwarzes Zifferblatt in einem Edelstahlgeh\u00e4use und wird von einem Lederarmband im Vintage-Stil begleitet. <\/p>\n<p>Alles in allem ein herausragendes St\u00fcck f\u00fcr jeden Uhrenliebhaber.<\/p>\n","protected":false},"featured_media":7673,"template":"","meta":[],"product_brand":[],"product_cat":[409,758,457],"product_tag":[],"class_list":{"0":"post-7743","1":"product","2":"type-product","3":"status-publish","4":"has-post-thumbnail","6":"product_cat-herren-uhren","7":"product_cat-timeroy-de","8":"product_cat-quarz-uhren","10":"first","11":"instock","12":"shipping-taxable","13":"purchasable","14":"product-type-simple"},"_links":{"self":[{"href":"https:\/\/atlanticwatches.ch\/de\/wp-json\/wp\/v2\/product\/7743","targetHints":{"allow":["GET"]}}],"collection":[{"href":"https:\/\/atlanticwatches.ch\/de\/wp-json\/wp\/v2\/product"}],"about":[{"href":"https:\/\/atlanticwatches.ch\/de\/wp-json\/wp\/v2\/types\/product"}],"wp:featuredmedia":[{"embeddable":true,"href":"https:\/\/atlanticwatches.ch\/de\/wp-json\/wp\/v2\/media\/7673"}],"wp:attachment":[{"href":"https:\/\/atlanticwatches.ch\/de\/wp-json\/wp\/v2\/media?parent=7743"}],"wp:term":[{"taxonomy":"product_brand","embeddable":true,"href":"https:\/\/atlanticwatches.ch\/de\/wp-json\/wp\/v2\/product_brand?post=7743"},{"taxonomy":"product_cat","embeddable":true,"href":"https:\/\/atlanticwatches.ch\/de\/wp-json\/wp\/v2\/product_cat?post=7743"},{"taxonomy":"product_tag","embeddable":true,"href":"https:\/\/atlanticwatches.ch\/de\/wp-json\/wp\/v2\/product_tag?post=7743"}],"curies":[{"name":"wp","href":"https:\/\/api.w.org\/{rel}","templated":true}]}}