{"id":7306,"date":"2023-04-06T15:23:22","date_gmt":"2023-04-06T13:23:22","guid":{"rendered":"https:\/\/atlanticwatches.ch\/?post_type=product&#038;p=7306"},"modified":"2025-04-17T10:10:53","modified_gmt":"2025-04-17T08:10:53","slug":"timeroy-chrono-ne-schwarz-leder","status":"publish","type":"product","link":"https:\/\/atlanticwatches.ch\/de\/shop\/herren-uhren\/timeroy-de\/timeroy-chrono-ne-schwarz-leder\/","title":{"rendered":"Timeroy Chrono NE | Schwarz\/Leder"},"content":{"rendered":"<p><strong>Atlantic Timeroy Chrono NE: Pr\u00e4zision trifft auf Eleganz in der Zeitmessung<\/strong><\/p>\n<p>Diese einzigartige Kollektion wartet mit neuen Zifferbl\u00e4ttern auf, die Ihren Stil aufwerten und Ihrem Ensemble ein neues Ma\u00df an Raffinesse verleihen. In jeder Hinsicht ist diese Kollektion eine perfekte Verschmelzung von Pr\u00e4zision, Eleganz und Funktionalit\u00e4t und damit ein exquisites Zeugnis f\u00fcr die Handwerkskunst und Innovation von Atlantic. <\/p>\n<p>Das Herzst\u00fcck dieser Uhren ist ein renommiertes Schweizer Quarzwerk, das Ronda R5021.D, das f\u00fcr seine zuverl\u00e4ssige Zeitmessung bekannt ist. Dieses Uhrwerk treibt den Timeroy Chrono an, einen Zeitmesser, der eine unvergleichliche Mischung aus Genauigkeit und dauerhafter Leistung bietet. Dank der Robustheit des Quarzwerks kann sich der Tr\u00e4ger in jeder Situation auf die Zuverl\u00e4ssigkeit der Uhr verlassen.  <\/p>\n<p>Der Timeroy Chrono ist in ein Edelstahlgeh\u00e4use geh\u00fcllt und strahlt eine lebendige Ausstrahlung aus, die sowohl zeitlos als auch modern ist. Das Geh\u00e4use misst 42 mm im Durchmesser und schafft ein Gleichgewicht zwischen Eleganz und Pr\u00e4senz am Handgelenk, w\u00e4hrend seine Dicke von 11,1 mm einen angenehmen Tragekomfort f\u00fcr den ganzen Tag gew\u00e4hrleistet. <\/p>\n<p>Diese Timeroy ist mehr als nur ein Zeitmesser &#8211; sie ist ein Statement. Sie spiegelt Ihren raffinierten Geschmack und Ihre Wertsch\u00e4tzung f\u00fcr die feinen Dinge des Lebens wider und macht Sie zu einem Kenner au\u00dfergew\u00f6hnlicher Zeitmesser. <\/p>\n<p>Erleben Sie die perfekte Mischung aus Pr\u00e4zision, Eleganz und Funktionalit\u00e4t mit dem Timeroy Chrono, einer Uhr, die nahtlos vom Sitzungssaal ins Wochenende \u00fcbergeht und jede Sekunde z\u00e4hlt.<\/p>\n","protected":false},"excerpt":{"rendered":"<p><strong>Erh\u00f6hen Sie Ihr Spiel am Handgelenk und erleben Sie die perfekte Mischung aus Pr\u00e4zision, Eleganz und Funktionalit\u00e4t.<\/strong><\/p>\n<p>Der Timeroy Chrono wird von einem renommierten Schweizer Quarzwerk angetrieben und garantiert eine unvergleichliche Ganggenauigkeit und lang anhaltende Leistung. Die tadellose Handwerkskunst der Uhr ist ein Beweis f\u00fcr die jahrhundertelange Tradition von Atlantic in der Herstellung au\u00dfergew\u00f6hnlicher Zeitmesser. <\/p>\n<p>Dieser bemerkenswerte Zeitmesser ist mehr als nur ein Accessoire; er ist ein Statement f\u00fcr Ihren raffinierten Geschmack und Ihre Wertsch\u00e4tzung f\u00fcr die sch\u00f6nen Dinge des Lebens.<\/p>\n","protected":false},"featured_media":7671,"template":"","meta":[],"product_brand":[],"product_cat":[409,758,457],"product_tag":[],"class_list":{"0":"post-7306","1":"product","2":"type-product","3":"status-publish","4":"has-post-thumbnail","6":"product_cat-herren-uhren","7":"product_cat-timeroy-de","8":"product_cat-quarz-uhren","10":"first","11":"instock","12":"shipping-taxable","13":"purchasable","14":"product-type-simple"},"_links":{"self":[{"href":"https:\/\/atlanticwatches.ch\/de\/wp-json\/wp\/v2\/product\/7306","targetHints":{"allow":["GET"]}}],"collection":[{"href":"https:\/\/atlanticwatches.ch\/de\/wp-json\/wp\/v2\/product"}],"about":[{"href":"https:\/\/atlanticwatches.ch\/de\/wp-json\/wp\/v2\/types\/product"}],"wp:featuredmedia":[{"embeddable":true,"href":"https:\/\/atlanticwatches.ch\/de\/wp-json\/wp\/v2\/media\/7671"}],"wp:attachment":[{"href":"https:\/\/atlanticwatches.ch\/de\/wp-json\/wp\/v2\/media?parent=7306"}],"wp:term":[{"taxonomy":"product_brand","embeddable":true,"href":"https:\/\/atlanticwatches.ch\/de\/wp-json\/wp\/v2\/product_brand?post=7306"},{"taxonomy":"product_cat","embeddable":true,"href":"https:\/\/atlanticwatches.ch\/de\/wp-json\/wp\/v2\/product_cat?post=7306"},{"taxonomy":"product_tag","embeddable":true,"href":"https:\/\/atlanticwatches.ch\/de\/wp-json\/wp\/v2\/product_tag?post=7306"}],"curies":[{"name":"wp","href":"https:\/\/api.w.org\/{rel}","templated":true}]}}