{"id":6798,"date":"2022-12-13T14:47:51","date_gmt":"2022-12-13T13:47:51","guid":{"rendered":"https:\/\/atlanticwatches.ch\/?post_type=product&#038;p=6798"},"modified":"2025-04-17T10:11:02","modified_gmt":"2025-04-17T08:11:02","slug":"worldmaster-heritage-regulator-anthrazit-leder","status":"publish","type":"product","link":"https:\/\/atlanticwatches.ch\/de\/shop\/herren-uhren\/worldmaster-de\/heritage-regulator-de\/worldmaster-heritage-regulator-anthrazit-leder\/","title":{"rendered":"Worldmaster Heritage Regulator | Anthrazit\/Leder"},"content":{"rendered":"<p><strong>Entdecken Sie die atemberaubende neue Worldmaster\u00a0mit dem neuen mechanischen Manufakturkaliber ATL-2.<\/strong><\/p>\n<p>Dieses neue Modell ist mit dem neuen Atlantic-Manufakturwerk ausgestattet, das nach den h\u00f6chsten Standards der Uhrmachertradition entwickelt wurde.<\/p>\n<p>Das mechanische Manufakturkaliber ATL-2 wurde mit viel Liebe zum Detail entwickelt und kann durch den durchsichtigen Geh\u00e4useboden in voller Gr\u00f6\u00dfe bewundert werden.<\/p>\n<p>Das Geh\u00e4use ist aus hochwertigem Edelstahl gefertigt und bis zu 50 Meter\/5 bar wasserdicht. Das ausgesprochen moderne Design mit Vintage-Charakter wird durch das sch\u00f6ne Zifferblatt mit kleiner Sekundenanzeige und das doppelt gew\u00f6lbte Saphirglas unterstrichen.<\/p>\n<hr \/>\n<p><a href=\"https:\/\/atlanticwatches.ch\/de\/produkt-kategorie\/herren-uhren\/worldmaster-de\/manufakturkaliber\/\"><img loading=\"lazy\" decoding=\"async\" class=\"aligncenter wp-image-6388 size-large\" src=\"https:\/\/atlanticwatches.ch\/wp-content\/uploads\/2022\/09\/52952.41.93-52952.41.63-52952.41.73-1024x682.jpg\" alt=\"\" width=\"1024\" height=\"682\" srcset=\"https:\/\/atlanticwatches.ch\/wp-content\/uploads\/2022\/09\/52952.41.93-52952.41.63-52952.41.73-1024x682.jpg 1024w, https:\/\/atlanticwatches.ch\/wp-content\/uploads\/2022\/09\/52952.41.93-52952.41.63-52952.41.73-600x400.jpg 600w, https:\/\/atlanticwatches.ch\/wp-content\/uploads\/2022\/09\/52952.41.93-52952.41.63-52952.41.73-768x512.jpg 768w, https:\/\/atlanticwatches.ch\/wp-content\/uploads\/2022\/09\/52952.41.93-52952.41.63-52952.41.73-640x426.jpg 640w, https:\/\/atlanticwatches.ch\/wp-content\/uploads\/2022\/09\/52952.41.93-52952.41.63-52952.41.73-400x267.jpg 400w\" sizes=\"auto, (max-width: 1024px) 100vw, 1024px\" \/><\/a><\/p>\n","protected":false},"excerpt":{"rendered":"<p><strong>Eine einzigartige Regulatoruhr in einem atemberaubenden Design.<\/strong><\/p>\n<p>Dieses neue Modell wurde mit viel Liebe zum Detail entworfen und entwickelt. Diese automatische Swiss Made Uhr besticht durch ihr einzigartiges Design und ihre Qualit\u00e4t. <\/p>\n<p>Erh\u00e4ltlich in vier verschiedenen Versionen. Entdecken Sie jetzt die gesamte Kollektion. <\/p>\n","protected":false},"featured_media":6733,"template":"","meta":[],"product_brand":[],"product_cat":[409,428,991,411],"product_tag":[],"class_list":{"0":"post-6798","1":"product","2":"type-product","3":"status-publish","4":"has-post-thumbnail","6":"product_cat-herren-uhren","7":"product_cat-worldmaster-de","8":"product_cat-heritage-regulator-de","9":"product_cat-automatik-uhren","11":"first","12":"instock","13":"shipping-taxable","14":"purchasable","15":"product-type-simple"},"_links":{"self":[{"href":"https:\/\/atlanticwatches.ch\/de\/wp-json\/wp\/v2\/product\/6798","targetHints":{"allow":["GET"]}}],"collection":[{"href":"https:\/\/atlanticwatches.ch\/de\/wp-json\/wp\/v2\/product"}],"about":[{"href":"https:\/\/atlanticwatches.ch\/de\/wp-json\/wp\/v2\/types\/product"}],"wp:featuredmedia":[{"embeddable":true,"href":"https:\/\/atlanticwatches.ch\/de\/wp-json\/wp\/v2\/media\/6733"}],"wp:attachment":[{"href":"https:\/\/atlanticwatches.ch\/de\/wp-json\/wp\/v2\/media?parent=6798"}],"wp:term":[{"taxonomy":"product_brand","embeddable":true,"href":"https:\/\/atlanticwatches.ch\/de\/wp-json\/wp\/v2\/product_brand?post=6798"},{"taxonomy":"product_cat","embeddable":true,"href":"https:\/\/atlanticwatches.ch\/de\/wp-json\/wp\/v2\/product_cat?post=6798"},{"taxonomy":"product_tag","embeddable":true,"href":"https:\/\/atlanticwatches.ch\/de\/wp-json\/wp\/v2\/product_tag?post=6798"}],"curies":[{"name":"wp","href":"https:\/\/api.w.org\/{rel}","templated":true}]}}