{"id":6539,"date":"2020-11-01T12:38:27","date_gmt":"2020-11-01T11:38:27","guid":{"rendered":"https:\/\/atlanticwatches.ch\/shop\/unkategorisiert\/elegance-moonphase-schwarz-leder-8198\/"},"modified":"2025-04-17T10:09:53","modified_gmt":"2025-04-17T08:09:53","slug":"elegance-moonphase-schwarz-leder-8198","status":"publish","type":"product","link":"https:\/\/atlanticwatches.ch\/de\/shop\/damen-uhren\/elegance-de\/elegance-moonphase-de\/elegance-moonphase-schwarz-leder-8198\/","title":{"rendered":"Elegance Mondphase Schwarzes Leder"},"content":{"rendered":"","protected":false},"excerpt":{"rendered":"<p>Die Atlantic Ladies&#8216; Elegance Moonphase Collection ist ein echter Hingucker. Das zeitlose und dennoch hochmodische Design mit 12 Zirkoniasteinen auf dem Zifferblatt unterstreicht die Sch\u00f6nheit dieses Zeitmessers. Das polierte Edelstahlgeh\u00e4use sch\u00fctzt das ETA F05.841 Uhrwerk mit Mondphasen-Komplikation.  <\/p>\n","protected":false},"featured_media":1297,"template":"","meta":[],"product_brand":[],"product_cat":[436,437,449,457],"product_tag":[],"class_list":{"0":"post-6539","1":"product","2":"type-product","3":"status-publish","4":"has-post-thumbnail","6":"product_cat-damen-uhren","7":"product_cat-elegance-de","8":"product_cat-elegance-moonphase-de","9":"product_cat-quarz-uhren","11":"first","12":"instock","13":"shipping-taxable","14":"purchasable","15":"product-type-simple"},"_links":{"self":[{"href":"https:\/\/atlanticwatches.ch\/de\/wp-json\/wp\/v2\/product\/6539","targetHints":{"allow":["GET"]}}],"collection":[{"href":"https:\/\/atlanticwatches.ch\/de\/wp-json\/wp\/v2\/product"}],"about":[{"href":"https:\/\/atlanticwatches.ch\/de\/wp-json\/wp\/v2\/types\/product"}],"wp:featuredmedia":[{"embeddable":true,"href":"https:\/\/atlanticwatches.ch\/de\/wp-json\/wp\/v2\/media\/1297"}],"wp:attachment":[{"href":"https:\/\/atlanticwatches.ch\/de\/wp-json\/wp\/v2\/media?parent=6539"}],"wp:term":[{"taxonomy":"product_brand","embeddable":true,"href":"https:\/\/atlanticwatches.ch\/de\/wp-json\/wp\/v2\/product_brand?post=6539"},{"taxonomy":"product_cat","embeddable":true,"href":"https:\/\/atlanticwatches.ch\/de\/wp-json\/wp\/v2\/product_cat?post=6539"},{"taxonomy":"product_tag","embeddable":true,"href":"https:\/\/atlanticwatches.ch\/de\/wp-json\/wp\/v2\/product_tag?post=6539"}],"curies":[{"name":"wp","href":"https:\/\/api.w.org\/{rel}","templated":true}]}}