{"id":6537,"date":"2020-11-01T12:47:32","date_gmt":"2020-11-01T11:47:32","guid":{"rendered":"https:\/\/atlanticwatches.ch\/shop\/unkategorisiert\/elegance-moonphase-gelb-gold-pvd-8201\/"},"modified":"2025-04-17T10:09:47","modified_gmt":"2025-04-17T08:09:47","slug":"elegance-moonphase-gelb-gold-pvd-8201","status":"publish","type":"product","link":"https:\/\/atlanticwatches.ch\/de\/shop\/damen-uhren\/elegance-de\/elegance-moonphase-de\/elegance-moonphase-gelb-gold-pvd-8201\/","title":{"rendered":"Elegance Mondphase Gelbgold PVD"},"content":{"rendered":"","protected":false},"excerpt":{"rendered":"<p>Die Atlantic Ladies&#8216; Elegance Moonphase Collection ist ein echter Hingucker. Das zeitlose und dennoch hochmodische Design mit 12 Zirkoniasteinen auf dem Zifferblatt unterstreicht die Sch\u00f6nheit dieses Zeitmessers. Das polierte PVD-Edelstahlgeh\u00e4use aus Gelbgold sch\u00fctzt das ETA F05.841 Uhrwerk mit Mondphasen-Komplikation.<\/p>\n","protected":false},"featured_media":1302,"template":"","meta":[],"product_brand":[],"product_cat":[436,437,449,457],"product_tag":[],"class_list":{"0":"post-6537","1":"product","2":"type-product","3":"status-publish","4":"has-post-thumbnail","6":"product_cat-damen-uhren","7":"product_cat-elegance-de","8":"product_cat-elegance-moonphase-de","9":"product_cat-quarz-uhren","11":"first","12":"instock","13":"shipping-taxable","14":"purchasable","15":"product-type-simple"},"_links":{"self":[{"href":"https:\/\/atlanticwatches.ch\/de\/wp-json\/wp\/v2\/product\/6537","targetHints":{"allow":["GET"]}}],"collection":[{"href":"https:\/\/atlanticwatches.ch\/de\/wp-json\/wp\/v2\/product"}],"about":[{"href":"https:\/\/atlanticwatches.ch\/de\/wp-json\/wp\/v2\/types\/product"}],"wp:featuredmedia":[{"embeddable":true,"href":"https:\/\/atlanticwatches.ch\/de\/wp-json\/wp\/v2\/media\/1302"}],"wp:attachment":[{"href":"https:\/\/atlanticwatches.ch\/de\/wp-json\/wp\/v2\/media?parent=6537"}],"wp:term":[{"taxonomy":"product_brand","embeddable":true,"href":"https:\/\/atlanticwatches.ch\/de\/wp-json\/wp\/v2\/product_brand?post=6537"},{"taxonomy":"product_cat","embeddable":true,"href":"https:\/\/atlanticwatches.ch\/de\/wp-json\/wp\/v2\/product_cat?post=6537"},{"taxonomy":"product_tag","embeddable":true,"href":"https:\/\/atlanticwatches.ch\/de\/wp-json\/wp\/v2\/product_tag?post=6537"}],"curies":[{"name":"wp","href":"https:\/\/api.w.org\/{rel}","templated":true}]}}