{"id":6444,"date":"2022-10-19T21:45:54","date_gmt":"2022-10-19T19:45:54","guid":{"rendered":"https:\/\/atlanticwatches.ch\/?post_type=product&#038;p=6444"},"modified":"2025-04-17T10:12:15","modified_gmt":"2025-04-17T08:12:15","slug":"seapair-lady-perlmutt-hell","status":"publish","type":"product","link":"https:\/\/atlanticwatches.ch\/de\/shop\/damen-uhren\/seapair-ladies-de\/seapair-lady-perlmutt-hell\/","title":{"rendered":"Seapair Lady Perlmutt | Licht"},"content":{"rendered":"<p><strong>Seapair Lady: eine Kollektion von sportlich-eleganten Damenuhren<\/strong><\/p>\n<p>Dies ist ein trendiger, sportlicher und eleganter Damenzeitmesser in schlankem Look. Die schimmernden Oberfl\u00e4chen des sch\u00f6n geformten Geh\u00e4uses und der L\u00fcnette bilden den perfekten Rahmen f\u00fcr das raffinierte Perlmuttzifferblatt. <\/p>\n<p>Ein hochresistentes Saphirglas bietet ultimativen Schutz bei jeder Aktivit\u00e4t. Mit einer Wasserdichtigkeit von bis zu 30 Metern ist dies der perfekte sportlich-elegante Begleiter f\u00fcr jeden Tag. <\/p>\n<p>Die perfekte Geschenkidee f\u00fcr Sie selbst oder einen besonderen Menschen zu jedem Anlass. Entdecken Sie hier Ihr Lieblingsmodell.<\/p>\n<hr>\n<p><a href=\"https:\/\/atlanticwatches.ch\/de\/produkt-kategorie\/damen-uhren\/seapair-ladies-de\/\"><img loading=\"lazy\" decoding=\"async\" class=\"aligncenter wp-image-6451 size-large\" src=\"https:\/\/atlanticwatches.ch\/wp-content\/uploads\/2022\/10\/Seapair-Lady-Sunbrushed-Collection-2022-1024x682.jpg\" alt=\"\" width=\"1024\" height=\"682\" srcset=\"https:\/\/atlanticwatches.ch\/wp-content\/uploads\/2022\/10\/Seapair-Lady-Sunbrushed-Collection-2022-1024x682.jpg 1024w, https:\/\/atlanticwatches.ch\/wp-content\/uploads\/2022\/10\/Seapair-Lady-Sunbrushed-Collection-2022-600x400.jpg 600w, https:\/\/atlanticwatches.ch\/wp-content\/uploads\/2022\/10\/Seapair-Lady-Sunbrushed-Collection-2022-768x512.jpg 768w, https:\/\/atlanticwatches.ch\/wp-content\/uploads\/2022\/10\/Seapair-Lady-Sunbrushed-Collection-2022-640x426.jpg 640w, https:\/\/atlanticwatches.ch\/wp-content\/uploads\/2022\/10\/Seapair-Lady-Sunbrushed-Collection-2022-400x267.jpg 400w\" sizes=\"auto, (max-width: 1024px) 100vw, 1024px\" \/><\/a><\/p>\n","protected":false},"excerpt":{"rendered":"<p><span style=\"font-size: 16px;\"><strong>Perlmutt | 28.5mm <\/strong><\/span><\/p>\n<p>Atlantic Seapair Lady ist eine Kollektion modischer, sportlich-eleganter Damenuhren mit einem schlanken 28,5 mm Geh\u00e4use.<\/p>\n<p>Das feminine und dennoch minimalistische Design symbolisiert Luxus, Qualit\u00e4t und zeitlosen Stil.<\/p>\n<p>Die perfekte Geschenkidee f\u00fcr Sie selbst oder f\u00fcr einen besonderen Menschen zu jedem Anlass.<\/p>\n","protected":false},"featured_media":6176,"template":"","meta":[],"product_brand":[],"product_cat":[436,452,457],"product_tag":[],"class_list":{"0":"post-6444","1":"product","2":"type-product","3":"status-publish","4":"has-post-thumbnail","6":"product_cat-damen-uhren","7":"product_cat-seapair-ladies-de","8":"product_cat-quarz-uhren","10":"first","11":"instock","12":"shipping-taxable","13":"purchasable","14":"product-type-simple"},"_links":{"self":[{"href":"https:\/\/atlanticwatches.ch\/de\/wp-json\/wp\/v2\/product\/6444","targetHints":{"allow":["GET"]}}],"collection":[{"href":"https:\/\/atlanticwatches.ch\/de\/wp-json\/wp\/v2\/product"}],"about":[{"href":"https:\/\/atlanticwatches.ch\/de\/wp-json\/wp\/v2\/types\/product"}],"wp:featuredmedia":[{"embeddable":true,"href":"https:\/\/atlanticwatches.ch\/de\/wp-json\/wp\/v2\/media\/6176"}],"wp:attachment":[{"href":"https:\/\/atlanticwatches.ch\/de\/wp-json\/wp\/v2\/media?parent=6444"}],"wp:term":[{"taxonomy":"product_brand","embeddable":true,"href":"https:\/\/atlanticwatches.ch\/de\/wp-json\/wp\/v2\/product_brand?post=6444"},{"taxonomy":"product_cat","embeddable":true,"href":"https:\/\/atlanticwatches.ch\/de\/wp-json\/wp\/v2\/product_cat?post=6444"},{"taxonomy":"product_tag","embeddable":true,"href":"https:\/\/atlanticwatches.ch\/de\/wp-json\/wp\/v2\/product_tag?post=6444"}],"curies":[{"name":"wp","href":"https:\/\/api.w.org\/{rel}","templated":true}]}}