{"id":6436,"date":"2022-10-19T13:47:19","date_gmt":"2022-10-19T11:47:19","guid":{"rendered":"https:\/\/atlanticwatches.ch\/?post_type=product&#038;p=6436"},"modified":"2025-04-17T10:12:14","modified_gmt":"2025-04-17T08:12:14","slug":"elegance-royal-rubies-edition-leder-rot","status":"publish","type":"product","link":"https:\/\/atlanticwatches.ch\/de\/shop\/damen-uhren\/elegance-de\/elegance-royal-de\/elegance-royal-rubies-edition-leder-rot\/","title":{"rendered":"Elegance Royal Rubine Edition | Leder\/Rot"},"content":{"rendered":"<p><strong>Eine Damenuhr voller Leidenschaft und Energie: Atlantic Elegance Rubine Edition<\/strong><\/p>\n<p>Dieser hochentwickelte Zeitmesser besticht durch eine edle Haptik und hochwertige Materialien. Zeitlos, energiegeladen und sch\u00f6n.  Dies ist die Elegance Royal Collection.<\/p>\n<p>Luxus f\u00fcr jeden Tag und jeden Anlass: eleganter Look, zeitloses Design und die hochwertigen Materialien machen die Elegance Royal Rubies Edition zu einem anmutigen Schmuckst\u00fcck.<\/p>\n<p>Die perfekte Geschenkidee f\u00fcr Sie selbst oder einen besonderen Menschen zu jedem Anlass. St\u00f6bern Sie in den beiden verf\u00fcgbaren Modellen und entdecken Sie hier Ihre Lieblingsuhr.<\/p>\n<hr>\n<p><a href=\"https:\/\/atlanticwatches.ch\/de\/produkt-kategorie\/damen-uhren\/elegance-de\/elegance-royal-de\/\"><img loading=\"lazy\" decoding=\"async\" class=\"aligncenter wp-image-6437 size-large\" src=\"https:\/\/atlanticwatches.ch\/wp-content\/uploads\/2022\/10\/Elegance-Royal-Rubies-Edition-4109-1024x682.jpg\" alt=\"\" width=\"1024\" height=\"682\" srcset=\"https:\/\/atlanticwatches.ch\/wp-content\/uploads\/2022\/10\/Elegance-Royal-Rubies-Edition-4109-1024x682.jpg 1024w, https:\/\/atlanticwatches.ch\/wp-content\/uploads\/2022\/10\/Elegance-Royal-Rubies-Edition-4109-600x400.jpg 600w, https:\/\/atlanticwatches.ch\/wp-content\/uploads\/2022\/10\/Elegance-Royal-Rubies-Edition-4109-768x512.jpg 768w, https:\/\/atlanticwatches.ch\/wp-content\/uploads\/2022\/10\/Elegance-Royal-Rubies-Edition-4109-640x426.jpg 640w, https:\/\/atlanticwatches.ch\/wp-content\/uploads\/2022\/10\/Elegance-Royal-Rubies-Edition-4109-400x267.jpg 400w\" sizes=\"auto, (max-width: 1024px) 100vw, 1024px\" \/><\/a><\/p>\n","protected":false},"excerpt":{"rendered":"<p><span style=\"font-size: 16px;\"><strong>Perlmutt | Echte Rubine<\/strong><\/span><\/p>\n<p>Mit einem zarten Zifferblatt aus Perlmutt und vier echten Rubinen ist die Atlantic Elegance Royal Rubies Edition Damenuhr der Inbegriff von Eleganz.<\/p>\n<p>Perfekte Geschenkidee f\u00fcr Sie selbst oder einen besonderen Menschen zu jedem Anlass.<\/p>\n","protected":false},"featured_media":7894,"template":"","meta":[],"product_brand":[],"product_cat":[436,949,457],"product_tag":[],"class_list":{"0":"post-6436","1":"product","2":"type-product","3":"status-publish","4":"has-post-thumbnail","6":"product_cat-damen-uhren","7":"product_cat-elegance-royal-de","8":"product_cat-quarz-uhren","10":"first","11":"instock","12":"sold-individually","13":"shipping-taxable","14":"purchasable","15":"product-type-simple"},"_links":{"self":[{"href":"https:\/\/atlanticwatches.ch\/de\/wp-json\/wp\/v2\/product\/6436","targetHints":{"allow":["GET"]}}],"collection":[{"href":"https:\/\/atlanticwatches.ch\/de\/wp-json\/wp\/v2\/product"}],"about":[{"href":"https:\/\/atlanticwatches.ch\/de\/wp-json\/wp\/v2\/types\/product"}],"wp:featuredmedia":[{"embeddable":true,"href":"https:\/\/atlanticwatches.ch\/de\/wp-json\/wp\/v2\/media\/7894"}],"wp:attachment":[{"href":"https:\/\/atlanticwatches.ch\/de\/wp-json\/wp\/v2\/media?parent=6436"}],"wp:term":[{"taxonomy":"product_brand","embeddable":true,"href":"https:\/\/atlanticwatches.ch\/de\/wp-json\/wp\/v2\/product_brand?post=6436"},{"taxonomy":"product_cat","embeddable":true,"href":"https:\/\/atlanticwatches.ch\/de\/wp-json\/wp\/v2\/product_cat?post=6436"},{"taxonomy":"product_tag","embeddable":true,"href":"https:\/\/atlanticwatches.ch\/de\/wp-json\/wp\/v2\/product_tag?post=6436"}],"curies":[{"name":"wp","href":"https:\/\/api.w.org\/{rel}","templated":true}]}}