{"id":6434,"date":"2022-10-19T13:42:13","date_gmt":"2022-10-19T11:42:13","guid":{"rendered":"https:\/\/atlanticwatches.ch\/?post_type=product&#038;p=6434"},"modified":"2022-10-19T13:46:10","modified_gmt":"2022-10-19T11:46:10","slug":"elegance-royal-diamonds-pattern-edition-gelbgold-pvd-leder","status":"publish","type":"product","link":"https:\/\/atlanticwatches.ch\/de\/shop\/damen-uhren\/elegance-de\/elegance-royal-de\/elegance-royal-diamonds-pattern-edition-gelbgold-pvd-leder\/","title":{"rendered":"Elegance Royal Diamonds Pattern Edition | Gelbgold PVD\/Leder"},"content":{"rendered":"<p><strong>Elegantes Design gepaart mit zeitloser Raffinesse.<\/strong><\/p>\n<p>Verleihen Sie Ihrem Look ein edles Flair mit der Atlantic Elegance Royal Diamonds Pattern Edition Damenuhr. Das filigrane Muster auf dem Zifferblatt verleiht dieser Uhr einen raffinierten, femininen Charme.<\/p>\n<p>Das Zifferblatt wird durch die eleganten Zeiger und Indizes sowie die vier echten Diamanten wundersch\u00f6n erg\u00e4nzt und erh\u00e4lt so ein modernes Finish. Der luxuri\u00f6se Look wird durch das elegante Milaneseband oder einem Armband aus echtem Leder abgerundet. Dar\u00fcber hinaus beeindruckt dieser Zeitmesser mit einem polierten Geh\u00e4use, Saphirglas und einem pr\u00e4zisen Quarzwerk.<\/p>\n<p>Diese Kollektion bietet einen Hauch von Luxus f\u00fcr jeden Tag und jeden Anlass. Elegantes Aussehen, zeitloses Design und die hochwertigen Materialien machen die Elegance Royal Diamonds Pattern Edition zu einem anmutigen Schmuckst\u00fcck.<\/p>\n<p>Die perfekte Geschenkidee f\u00fcr Sie selbst oder f\u00fcr einen besonderen Menschen, um jeden Anlass zu feiern. St\u00f6bern Sie in den verschiedenen Modellen und entdecken Sie hier Ihre Lieblingsuhr.<\/p>\n<hr \/>\n<p><a href=\"https:\/\/atlanticwatches.ch\/de\/produkt-kategorie\/damen-uhren\/elegance-de\/elegance-royal-de\/\"><img loading=\"lazy\" decoding=\"async\" class=\"aligncenter wp-image-6421 size-large\" src=\"https:\/\/atlanticwatches.ch\/wp-content\/uploads\/2022\/10\/Elegance-Royal-Diamonds-Pattern-2-1024x682.jpg\" alt=\"\" width=\"1024\" height=\"682\" srcset=\"https:\/\/atlanticwatches.ch\/wp-content\/uploads\/2022\/10\/Elegance-Royal-Diamonds-Pattern-2-1024x682.jpg 1024w, https:\/\/atlanticwatches.ch\/wp-content\/uploads\/2022\/10\/Elegance-Royal-Diamonds-Pattern-2-600x400.jpg 600w, https:\/\/atlanticwatches.ch\/wp-content\/uploads\/2022\/10\/Elegance-Royal-Diamonds-Pattern-2-768x512.jpg 768w, https:\/\/atlanticwatches.ch\/wp-content\/uploads\/2022\/10\/Elegance-Royal-Diamonds-Pattern-2-640x426.jpg 640w, https:\/\/atlanticwatches.ch\/wp-content\/uploads\/2022\/10\/Elegance-Royal-Diamonds-Pattern-2-400x267.jpg 400w\" sizes=\"auto, (max-width: 1024px) 100vw, 1024px\" \/><\/a><\/p>\n","protected":false},"excerpt":{"rendered":"<p><strong>Echte Diamanten | Edles Zifferblatt-Muster<\/strong><\/p>\n<p>Kollektion Elegance Royal Diamonds Pattern: Ein Hauch von Luxus f\u00fcr jeden Tag.<\/p>\n<p>Dieser hochelegante Zeitmesser besticht durch ein zartes Design und hochwertige Materialien. Zeitlos, kostbar und sch\u00f6n. Das ist die Elegance Royal Kollektion.<\/p>\n<p>Die perfekte Geschenkidee f\u00fcr Sie selbst oder f\u00fcr einen besonderen Menschen, um jeden Anlass zu feiern.<\/p>\n","protected":false},"featured_media":6122,"template":"","meta":[],"product_brand":[],"product_cat":[436,949,457],"product_tag":[],"class_list":{"0":"post-6434","1":"product","2":"type-product","3":"status-publish","4":"has-post-thumbnail","6":"product_cat-damen-uhren","7":"product_cat-elegance-royal-de","8":"product_cat-quarz-uhren","10":"first","11":"instock","12":"sold-individually","13":"shipping-taxable","14":"purchasable","15":"product-type-simple"},"_links":{"self":[{"href":"https:\/\/atlanticwatches.ch\/de\/wp-json\/wp\/v2\/product\/6434","targetHints":{"allow":["GET"]}}],"collection":[{"href":"https:\/\/atlanticwatches.ch\/de\/wp-json\/wp\/v2\/product"}],"about":[{"href":"https:\/\/atlanticwatches.ch\/de\/wp-json\/wp\/v2\/types\/product"}],"wp:featuredmedia":[{"embeddable":true,"href":"https:\/\/atlanticwatches.ch\/de\/wp-json\/wp\/v2\/media\/6122"}],"wp:attachment":[{"href":"https:\/\/atlanticwatches.ch\/de\/wp-json\/wp\/v2\/media?parent=6434"}],"wp:term":[{"taxonomy":"product_brand","embeddable":true,"href":"https:\/\/atlanticwatches.ch\/de\/wp-json\/wp\/v2\/product_brand?post=6434"},{"taxonomy":"product_cat","embeddable":true,"href":"https:\/\/atlanticwatches.ch\/de\/wp-json\/wp\/v2\/product_cat?post=6434"},{"taxonomy":"product_tag","embeddable":true,"href":"https:\/\/atlanticwatches.ch\/de\/wp-json\/wp\/v2\/product_tag?post=6434"}],"curies":[{"name":"wp","href":"https:\/\/api.w.org\/{rel}","templated":true}]}}