{"id":6415,"date":"2022-10-17T17:30:59","date_gmt":"2022-10-17T15:30:59","guid":{"rendered":"https:\/\/atlanticwatches.ch\/?post_type=product&#038;p=6415"},"modified":"2025-04-17T10:13:07","modified_gmt":"2025-04-17T08:13:07","slug":"elegance-royal-diamonds-edition-rose-gold-pvd","status":"publish","type":"product","link":"https:\/\/atlanticwatches.ch\/de\/shop\/damen-uhren\/elegance-de\/elegance-royal-de\/elegance-royal-diamonds-edition-rose-gold-pvd\/","title":{"rendered":"Elegance Royal Diamonds Edition | Rose Gold PVD"},"content":{"rendered":"<p><strong>Eine zarte Verschmelzung von Perlmutt und Diamanten.  <\/strong><\/p>\n<p>Diese Kollektion bietet einen Hauch von Luxus f\u00fcr jeden Tag und jeden Anlass. Elegantes Aussehen, zeitloses Design und die hochwertigen Materialien machen die Elegance Royal Diamonds Edition zu einem anmutigen Schmuckst\u00fcck. <\/p>\n<p>Das zarte Zifferblatt besteht aus Perlmutt und ist mit vier echten Diamanten besetzt. Au\u00dferdem beeindruckt dieser Zeitmesser mit einem polierten Geh\u00e4use, Saphirglas und einem pr\u00e4zisen Quarzwerk. <\/p>\n<p>Die perfekte Geschenkidee f\u00fcr Sie selbst oder f\u00fcr einen besonderen Menschen, um jeden Anlass zu feiern. St\u00f6bern Sie in den verschiedenen Modellen und entdecken Sie hier Ihre Lieblingsuhr. <\/p>\n<hr>\n<p><a href=\"https:\/\/atlanticwatches.ch\/de\/produkt-kategorie\/damen-uhren\/elegance-de\/elegance-royal-de\/\"><img loading=\"lazy\" decoding=\"async\" class=\"aligncenter wp-image-6400 size-large\" src=\"https:\/\/atlanticwatches.ch\/wp-content\/uploads\/2022\/10\/Elegance-Royal-Diamonds-Collection-1024x682.jpg\" alt=\"\" width=\"1024\" height=\"682\" srcset=\"https:\/\/atlanticwatches.ch\/wp-content\/uploads\/2022\/10\/Elegance-Royal-Diamonds-Collection-1024x682.jpg 1024w, https:\/\/atlanticwatches.ch\/wp-content\/uploads\/2022\/10\/Elegance-Royal-Diamonds-Collection-600x400.jpg 600w, https:\/\/atlanticwatches.ch\/wp-content\/uploads\/2022\/10\/Elegance-Royal-Diamonds-Collection-768x512.jpg 768w, https:\/\/atlanticwatches.ch\/wp-content\/uploads\/2022\/10\/Elegance-Royal-Diamonds-Collection-640x426.jpg 640w, https:\/\/atlanticwatches.ch\/wp-content\/uploads\/2022\/10\/Elegance-Royal-Diamonds-Collection-400x267.jpg 400w\" sizes=\"auto, (max-width: 1024px) 100vw, 1024px\" \/><\/a><\/p>\n","protected":false},"excerpt":{"rendered":"<p><span style=\"font-size: 16px;\"><strong>Perlmutt-Zifferblatt | Echte Diamanten<\/strong><\/span><\/p>\n<p>Elegance Royal Diamonds Kollektion: Ein Hauch von Luxus f\u00fcr jeden Tag.<\/p>\n<p>Dieser hochelegante Zeitmesser besticht durch eine zarte Haptik und hochwertige Materialien. Zeitlos, kostbar und sch\u00f6n. Das ist die Elegance Royal Collection.  <\/p>\n<p>Die perfekte Geschenkidee f\u00fcr Sie selbst oder einen besonderen Menschen zu jedem Anlass.<\/p>\n","protected":false},"featured_media":6138,"template":"","meta":[],"product_brand":[],"product_cat":[436,949,457],"product_tag":[],"class_list":{"0":"post-6415","1":"product","2":"type-product","3":"status-publish","4":"has-post-thumbnail","6":"product_cat-damen-uhren","7":"product_cat-elegance-royal-de","8":"product_cat-quarz-uhren","10":"first","11":"instock","12":"shipping-taxable","13":"purchasable","14":"product-type-simple"},"_links":{"self":[{"href":"https:\/\/atlanticwatches.ch\/de\/wp-json\/wp\/v2\/product\/6415","targetHints":{"allow":["GET"]}}],"collection":[{"href":"https:\/\/atlanticwatches.ch\/de\/wp-json\/wp\/v2\/product"}],"about":[{"href":"https:\/\/atlanticwatches.ch\/de\/wp-json\/wp\/v2\/types\/product"}],"wp:featuredmedia":[{"embeddable":true,"href":"https:\/\/atlanticwatches.ch\/de\/wp-json\/wp\/v2\/media\/6138"}],"wp:attachment":[{"href":"https:\/\/atlanticwatches.ch\/de\/wp-json\/wp\/v2\/media?parent=6415"}],"wp:term":[{"taxonomy":"product_brand","embeddable":true,"href":"https:\/\/atlanticwatches.ch\/de\/wp-json\/wp\/v2\/product_brand?post=6415"},{"taxonomy":"product_cat","embeddable":true,"href":"https:\/\/atlanticwatches.ch\/de\/wp-json\/wp\/v2\/product_cat?post=6415"},{"taxonomy":"product_tag","embeddable":true,"href":"https:\/\/atlanticwatches.ch\/de\/wp-json\/wp\/v2\/product_tag?post=6415"}],"curies":[{"name":"wp","href":"https:\/\/api.w.org\/{rel}","templated":true}]}}