{"id":6357,"date":"2023-11-12T16:43:34","date_gmt":"2023-11-12T15:43:34","guid":{"rendered":"https:\/\/atlanticwatches.ch\/?post_type=product&#038;p=6357"},"modified":"2025-04-17T10:13:23","modified_gmt":"2025-04-17T08:13:23","slug":"super-de-luxe-precious-stones-gelbgold-pvd-schwarz","status":"publish","type":"product","link":"https:\/\/atlanticwatches.ch\/de\/shop\/damen-uhren\/super-de-luxe-de\/super-de-luxe-precious-stones-gelbgold-pvd-schwarz\/","title":{"rendered":"Super De Luxe Edelsteine | Gelbgold PVD Schwarz"},"content":{"rendered":"<p><strong>Entdecken Sie die neuen Super De Luxe Damenuhren mit echten Edelsteinen.  <\/strong><\/p>\n<p>Diese Kollektion verk\u00f6rpert die perfekte Kombination zwischen einer Uhr und einem eleganten Schmuckst\u00fcck. Elegantes Aussehen, zeitloses Design mit 8 farbigen echten Edelsteinen und die hochwertigen Materialien machen dieses Modell zu einem anmutigen Accessoire f\u00fcr die moderne Dame von heute. <\/p>\n<p>Ein einzigartiges Zifferblatt mit einer strukturierten Oberfl\u00e4che verleiht diesem geschmackvollen Zeitmesser Tiefe, w\u00e4hrend das polierte 36-mm-Edelstahlgeh\u00e4use, die verschiedenen Armb\u00e4nder und die luxuri\u00f6se Haptik einen Hauch von Zartheit vermitteln.<\/p>\n<p>Die perfekte Geschenkidee f\u00fcr Sie selbst oder f\u00fcr einen besonderen Menschen, um jeden Anlass zu feiern. Entdecken Sie die verschiedenen Modelle. <\/p>\n<hr>\n<p><a href=\"https:\/\/atlanticwatches.ch\/de\/produkt-kategorie\/damen-uhren\/super-de-luxe-de\/\"><img loading=\"lazy\" decoding=\"async\" class=\"aligncenter wp-image-6348 size-large\" src=\"https:\/\/atlanticwatches.ch\/wp-content\/uploads\/2022\/10\/Super-De-Luxe-Precious-Stones-45-1-1024x682.jpg\" alt=\"\" width=\"1024\" height=\"682\" srcset=\"https:\/\/atlanticwatches.ch\/wp-content\/uploads\/2022\/10\/Super-De-Luxe-Precious-Stones-45-1-1024x682.jpg 1024w, https:\/\/atlanticwatches.ch\/wp-content\/uploads\/2022\/10\/Super-De-Luxe-Precious-Stones-45-1-600x400.jpg 600w, https:\/\/atlanticwatches.ch\/wp-content\/uploads\/2022\/10\/Super-De-Luxe-Precious-Stones-45-1-768x512.jpg 768w, https:\/\/atlanticwatches.ch\/wp-content\/uploads\/2022\/10\/Super-De-Luxe-Precious-Stones-45-1-640x426.jpg 640w, https:\/\/atlanticwatches.ch\/wp-content\/uploads\/2022\/10\/Super-De-Luxe-Precious-Stones-45-1-400x267.jpg 400w\" sizes=\"auto, (max-width: 1024px) 100vw, 1024px\" \/><\/a><\/p>\n","protected":false},"excerpt":{"rendered":"<p><span style=\"font-size: 16px;\"><strong>Echte Edelsteine | 36mm<\/strong><\/span><\/p>\n<p>Die neue Atlantic Super De Luxe Precious Stones Edition ist die perfekte Kombination zwischen einer Uhr und einem eleganten Schmuckst\u00fcck.<\/p>\n<p>Der elegante Look, das zeitlose Design mit 8 farbigen echten Edelsteinen und die hochwertigen Materialien machen dieses Modell zu einem anmutigen Accessoire f\u00fcr die moderne Dame von heute.<\/p>\n<p>Die perfekte Geschenkidee f\u00fcr Sie selbst oder einen besonderen Menschen zu jedem Anlass.<\/p>\n","protected":false},"featured_media":6310,"template":"","meta":[],"product_brand":[],"product_cat":[436,933,457],"product_tag":[],"class_list":{"0":"post-6357","1":"product","2":"type-product","3":"status-publish","4":"has-post-thumbnail","6":"product_cat-damen-uhren","7":"product_cat-super-de-luxe-de","8":"product_cat-quarz-uhren","10":"first","11":"instock","12":"sold-individually","13":"shipping-taxable","14":"purchasable","15":"product-type-simple"},"_links":{"self":[{"href":"https:\/\/atlanticwatches.ch\/de\/wp-json\/wp\/v2\/product\/6357","targetHints":{"allow":["GET"]}}],"collection":[{"href":"https:\/\/atlanticwatches.ch\/de\/wp-json\/wp\/v2\/product"}],"about":[{"href":"https:\/\/atlanticwatches.ch\/de\/wp-json\/wp\/v2\/types\/product"}],"wp:featuredmedia":[{"embeddable":true,"href":"https:\/\/atlanticwatches.ch\/de\/wp-json\/wp\/v2\/media\/6310"}],"wp:attachment":[{"href":"https:\/\/atlanticwatches.ch\/de\/wp-json\/wp\/v2\/media?parent=6357"}],"wp:term":[{"taxonomy":"product_brand","embeddable":true,"href":"https:\/\/atlanticwatches.ch\/de\/wp-json\/wp\/v2\/product_brand?post=6357"},{"taxonomy":"product_cat","embeddable":true,"href":"https:\/\/atlanticwatches.ch\/de\/wp-json\/wp\/v2\/product_cat?post=6357"},{"taxonomy":"product_tag","embeddable":true,"href":"https:\/\/atlanticwatches.ch\/de\/wp-json\/wp\/v2\/product_tag?post=6357"}],"curies":[{"name":"wp","href":"https:\/\/api.w.org\/{rel}","templated":true}]}}