{"id":6286,"date":"2022-10-15T17:25:21","date_gmt":"2022-10-15T15:25:21","guid":{"rendered":"https:\/\/atlanticwatches.ch\/?post_type=product&#038;p=6286"},"modified":"2025-04-17T10:13:47","modified_gmt":"2025-04-17T08:13:47","slug":"worldmaster-art-deco-automatik-gelbgold-pvd-rot","status":"publish","type":"product","link":"https:\/\/atlanticwatches.ch\/de\/shop\/herren-uhren\/worldmaster-de\/worldmaster-art-deco-de\/worldmaster-art-deco-automatik-gelbgold-pvd-rot\/","title":{"rendered":"Worldmaster Art Deco Automatik | Gelbgold PVD Rot"},"content":{"rendered":"<p><img loading=\"lazy\" decoding=\"async\" class=\"wp-image-6025 alignleft\" src=\"https:\/\/atlanticwatches.ch\/wp-content\/uploads\/2022\/10\/51752.45.99GM_Style-1024x645.jpg\" alt=\"\" width=\"500\" height=\"315\"><\/p>\n<p><strong>Die Worldmaster Art D\u00e9co Automatic 2022: Vintage trifft auf Zeitgen\u00f6ssisches<\/strong><\/p>\n<p>Die Atlantic Worldmaster Art D\u00e9co spiegelt den Stil der 50er Jahre wider und pr\u00e4sentiert sich als perfekter und stets zuverl\u00e4ssiger Begleiter. Das sch\u00f6ne Zifferblattdesign basiert auf der urspr\u00fcnglichen Worldmaster, die 1955 eingef\u00fchrt wurde. <\/p>\n<p>Der Vintage-Look ist stilvoll, die Materialien von h\u00f6chster Qualit\u00e4t und der transparente Geh\u00e4useboden gibt einen Blick auf das zuverl\u00e4ssige Schweizer Automatikwerk frei. Dieser Zeitmesser ist eine k\u00fchne Erg\u00e4nzung f\u00fcr die Sammlung eines echten Uhrenliebhabers.<\/p>\n<p>Suchen Sie eine au\u00dfergew\u00f6hnliche Schweizer Automatikuhr zu einem g\u00fcnstigen Preis? Entdecken Sie jetzt die Worldmaster Art D\u00e9co Kollektion. <\/p>\n<hr>\n<p>&nbsp;<\/p>\n<p>&nbsp;<\/p>\n<p>&nbsp;<\/p>\n<p>&nbsp;<\/p>\n","protected":false},"excerpt":{"rendered":"<p><strong>Automatik | 40mm<\/strong><\/p>\n<p>Diese Atlantic Worldmaster Art D\u00e9co ist eine 40mm Schweizer Automatikuhr. Hergestellt mit viel Liebe zum Detail und hochwertigen Materialien. <\/p>\n<p>Entdecken Sie jetzt diese k\u00fchne, von Vintage inspirierte Kollektion.<\/p>\n","protected":false},"featured_media":6074,"template":"","meta":[],"product_brand":[],"product_cat":[409,428,432,411,410],"product_tag":[],"class_list":{"0":"post-6286","1":"product","2":"type-product","3":"status-publish","4":"has-post-thumbnail","6":"product_cat-herren-uhren","7":"product_cat-worldmaster-de","8":"product_cat-worldmaster-art-deco-de","9":"product_cat-automatik-uhren","10":"product_cat-inspiration-fur-sie","12":"first","13":"instock","14":"sold-individually","15":"shipping-taxable","16":"purchasable","17":"product-type-simple"},"_links":{"self":[{"href":"https:\/\/atlanticwatches.ch\/de\/wp-json\/wp\/v2\/product\/6286","targetHints":{"allow":["GET"]}}],"collection":[{"href":"https:\/\/atlanticwatches.ch\/de\/wp-json\/wp\/v2\/product"}],"about":[{"href":"https:\/\/atlanticwatches.ch\/de\/wp-json\/wp\/v2\/types\/product"}],"wp:featuredmedia":[{"embeddable":true,"href":"https:\/\/atlanticwatches.ch\/de\/wp-json\/wp\/v2\/media\/6074"}],"wp:attachment":[{"href":"https:\/\/atlanticwatches.ch\/de\/wp-json\/wp\/v2\/media?parent=6286"}],"wp:term":[{"taxonomy":"product_brand","embeddable":true,"href":"https:\/\/atlanticwatches.ch\/de\/wp-json\/wp\/v2\/product_brand?post=6286"},{"taxonomy":"product_cat","embeddable":true,"href":"https:\/\/atlanticwatches.ch\/de\/wp-json\/wp\/v2\/product_cat?post=6286"},{"taxonomy":"product_tag","embeddable":true,"href":"https:\/\/atlanticwatches.ch\/de\/wp-json\/wp\/v2\/product_tag?post=6286"}],"curies":[{"name":"wp","href":"https:\/\/api.w.org\/{rel}","templated":true}]}}