{"id":6284,"date":"2022-10-15T17:20:40","date_gmt":"2022-10-15T15:20:40","guid":{"rendered":"https:\/\/atlanticwatches.ch\/?post_type=product&#038;p=6284"},"modified":"2025-04-17T10:13:49","modified_gmt":"2025-04-17T08:13:49","slug":"worldmaster-art-deco-automatik-pvd-leder-rot","status":"publish","type":"product","link":"https:\/\/atlanticwatches.ch\/de\/shop\/herren-uhren\/worldmaster-de\/worldmaster-art-deco-de\/worldmaster-art-deco-automatik-pvd-leder-rot\/","title":{"rendered":"Worldmaster Art Deco Automatik | PVD\/Leder Rot"},"content":{"rendered":"<p><strong>Die Worldmaster Art D\u00e9co Automatic 2022: Vintage trifft auf Zeitgen\u00f6ssisches<\/strong><\/p>\n<p>Die Atlantic Worldmaster Art D\u00e9co spiegelt den Stil der 50er Jahre wider und pr\u00e4sentiert sich als perfekter und stets zuverl\u00e4ssiger Begleiter. Das sch\u00f6ne Zifferblattdesign basiert auf der urspr\u00fcnglichen Worldmaster, die 1955 eingef\u00fchrt wurde. <\/p>\n<p>Der Vintage-Look ist stilvoll, die Materialien von h\u00f6chster Qualit\u00e4t und der transparente Geh\u00e4useboden gibt einen Blick auf das zuverl\u00e4ssige Schweizer Automatikwerk frei. Dieser Zeitmesser ist eine k\u00fchne Erg\u00e4nzung f\u00fcr die Sammlung eines echten Uhrenliebhabers.<\/p>\n<p>Suchen Sie eine au\u00dfergew\u00f6hnliche Schweizer Automatikuhr zu einem g\u00fcnstigen Preis? Entdecken Sie jetzt die Worldmaster Art D\u00e9co Kollektion. <\/p>\n<hr>\n<p><a href=\"https:\/\/atlanticwatches.ch\/de\/produkt-kategorie\/herren-uhren\/worldmaster-de\/worldmaster-art-deco-de\/\"><img loading=\"lazy\" decoding=\"async\" class=\"aligncenter wp-image-6262 size-large\" src=\"https:\/\/atlanticwatches.ch\/wp-content\/uploads\/2022\/10\/Atlantic-Worldmaster-Art-Deco-51752-45-99G-51752-45-69GM-1024x682.jpg\" alt=\"\" width=\"1024\" height=\"682\" srcset=\"https:\/\/atlanticwatches.ch\/wp-content\/uploads\/2022\/10\/Atlantic-Worldmaster-Art-Deco-51752-45-99G-51752-45-69GM-1024x682.jpg 1024w, https:\/\/atlanticwatches.ch\/wp-content\/uploads\/2022\/10\/Atlantic-Worldmaster-Art-Deco-51752-45-99G-51752-45-69GM-600x400.jpg 600w, https:\/\/atlanticwatches.ch\/wp-content\/uploads\/2022\/10\/Atlantic-Worldmaster-Art-Deco-51752-45-99G-51752-45-69GM-768x512.jpg 768w, https:\/\/atlanticwatches.ch\/wp-content\/uploads\/2022\/10\/Atlantic-Worldmaster-Art-Deco-51752-45-99G-51752-45-69GM-640x426.jpg 640w, https:\/\/atlanticwatches.ch\/wp-content\/uploads\/2022\/10\/Atlantic-Worldmaster-Art-Deco-51752-45-99G-51752-45-69GM-400x267.jpg 400w\" sizes=\"auto, (max-width: 1024px) 100vw, 1024px\" \/><\/a><\/p>\n<p>&nbsp;<\/p>\n<p>&nbsp;<\/p>\n","protected":false},"excerpt":{"rendered":"<p><strong>Automatik | 40mm<\/strong><\/p>\n<p>Diese Atlantic Worldmaster Art D\u00e9co ist eine 40mm Schweizer Automatikuhr. Hergestellt mit viel Liebe zum Detail und hochwertigen Materialien. <\/p>\n<p>Entdecken Sie jetzt diese k\u00fchne, von Vintage inspirierte Kollektion.<\/p>\n","protected":false},"featured_media":6072,"template":"","meta":[],"product_brand":[],"product_cat":[409,428,432,411],"product_tag":[],"class_list":{"0":"post-6284","1":"product","2":"type-product","3":"status-publish","4":"has-post-thumbnail","6":"product_cat-herren-uhren","7":"product_cat-worldmaster-de","8":"product_cat-worldmaster-art-deco-de","9":"product_cat-automatik-uhren","11":"first","12":"instock","13":"sold-individually","14":"shipping-taxable","15":"purchasable","16":"product-type-simple"},"_links":{"self":[{"href":"https:\/\/atlanticwatches.ch\/de\/wp-json\/wp\/v2\/product\/6284","targetHints":{"allow":["GET"]}}],"collection":[{"href":"https:\/\/atlanticwatches.ch\/de\/wp-json\/wp\/v2\/product"}],"about":[{"href":"https:\/\/atlanticwatches.ch\/de\/wp-json\/wp\/v2\/types\/product"}],"wp:featuredmedia":[{"embeddable":true,"href":"https:\/\/atlanticwatches.ch\/de\/wp-json\/wp\/v2\/media\/6072"}],"wp:attachment":[{"href":"https:\/\/atlanticwatches.ch\/de\/wp-json\/wp\/v2\/media?parent=6284"}],"wp:term":[{"taxonomy":"product_brand","embeddable":true,"href":"https:\/\/atlanticwatches.ch\/de\/wp-json\/wp\/v2\/product_brand?post=6284"},{"taxonomy":"product_cat","embeddable":true,"href":"https:\/\/atlanticwatches.ch\/de\/wp-json\/wp\/v2\/product_cat?post=6284"},{"taxonomy":"product_tag","embeddable":true,"href":"https:\/\/atlanticwatches.ch\/de\/wp-json\/wp\/v2\/product_tag?post=6284"}],"curies":[{"name":"wp","href":"https:\/\/api.w.org\/{rel}","templated":true}]}}