{"id":6282,"date":"2022-10-15T17:16:36","date_gmt":"2022-10-15T15:16:36","guid":{"rendered":"https:\/\/atlanticwatches.ch\/?post_type=product&#038;p=6282"},"modified":"2022-10-16T15:53:35","modified_gmt":"2022-10-16T13:53:35","slug":"worldmaster-art-deco-automatik-gelbgold-pvd-schwarz","status":"publish","type":"product","link":"https:\/\/atlanticwatches.ch\/de\/shop\/herren-uhren\/worldmaster-de\/worldmaster-art-deco-de\/worldmaster-art-deco-automatik-gelbgold-pvd-schwarz\/","title":{"rendered":"Worldmaster Art D\u00e9co Automatik | Gelbgold PVD Schwarz"},"content":{"rendered":"<p><strong>Die Worldmaster Art D\u00e9co Automatic 2022: Vintage trifft auf Zeitgeist<\/strong><\/p>\n<p>Ganz im Stil der 50er Jahre pr\u00e4sentiert sich die Atlantic Worldmaster Art D\u00e9co als perfekter und stets zuverl\u00e4ssiger Begleiter. Das sch\u00f6ne Zifferblattdesign basiert auf der urspr\u00fcnglichen Worldmaster, die 1955 erstmals vorgestellt wurde.<\/p>\n<p>Der Vintage-Look ist stilvoll, die Materialien von h\u00f6chster Qualit\u00e4t und der transparente Geh\u00e4useboden gibt den Blick auf das zuverl\u00e4ssige Schweizer Automatikwerk frei. Dieser Zeitmesser ist eine k\u00fchne Erg\u00e4nzung f\u00fcr die Sammlung eines echten Uhrenliebhabers.<\/p>\n<p>Sind Sie auf der Suche nach einer au\u00dfergew\u00f6hnlichen Schweizer Automatikuhr zu einem tollen Preis? Entdecken Sie jetzt die Worldmaster Art D\u00e9co Kollektion.<\/p>\n<hr \/>\n<p><a href=\"https:\/\/atlanticwatches.ch\/de\/produkt-kategorie\/herren-uhren\/worldmaster-de\/worldmaster-art-deco-de\/\"><img loading=\"lazy\" decoding=\"async\" class=\"aligncenter wp-image-6262 size-large\" src=\"https:\/\/atlanticwatches.ch\/wp-content\/uploads\/2022\/10\/Atlantic-Worldmaster-Art-Deco-51752-45-99G-51752-45-69GM-1024x682.jpg\" alt=\"\" width=\"1024\" height=\"682\" srcset=\"https:\/\/atlanticwatches.ch\/wp-content\/uploads\/2022\/10\/Atlantic-Worldmaster-Art-Deco-51752-45-99G-51752-45-69GM-1024x682.jpg 1024w, https:\/\/atlanticwatches.ch\/wp-content\/uploads\/2022\/10\/Atlantic-Worldmaster-Art-Deco-51752-45-99G-51752-45-69GM-600x400.jpg 600w, https:\/\/atlanticwatches.ch\/wp-content\/uploads\/2022\/10\/Atlantic-Worldmaster-Art-Deco-51752-45-99G-51752-45-69GM-768x512.jpg 768w, https:\/\/atlanticwatches.ch\/wp-content\/uploads\/2022\/10\/Atlantic-Worldmaster-Art-Deco-51752-45-99G-51752-45-69GM-640x426.jpg 640w, https:\/\/atlanticwatches.ch\/wp-content\/uploads\/2022\/10\/Atlantic-Worldmaster-Art-Deco-51752-45-99G-51752-45-69GM-400x267.jpg 400w\" sizes=\"auto, (max-width: 1024px) 100vw, 1024px\" \/><\/a><\/p>\n<p>&nbsp;<\/p>\n<p>&nbsp;<\/p>\n","protected":false},"excerpt":{"rendered":"<p><strong>Schweizer Automatik-Werk | 40mm<\/strong><\/p>\n<p>Diese Atlantic Worldmaster Art D\u00e9co ist eine sch\u00f6ne und zuverl\u00e4ssige Schweizer Automatik Uhr. Hergestellt mit viel Liebe zum Detail und hochwertigen Materialien.<\/p>\n<p>Entdecken Sie jetzt diese k\u00fchne, vom Vintage-Stil inspirierte Kollektio<\/p>\n","protected":false},"featured_media":6076,"template":"","meta":[],"product_brand":[],"product_cat":[409,428,432,411,410],"product_tag":[],"class_list":{"0":"post-6282","1":"product","2":"type-product","3":"status-publish","4":"has-post-thumbnail","6":"product_cat-herren-uhren","7":"product_cat-worldmaster-de","8":"product_cat-worldmaster-art-deco-de","9":"product_cat-automatik-uhren","10":"product_cat-inspiration-fur-sie","12":"first","13":"instock","14":"sold-individually","15":"shipping-taxable","16":"purchasable","17":"product-type-simple"},"_links":{"self":[{"href":"https:\/\/atlanticwatches.ch\/de\/wp-json\/wp\/v2\/product\/6282","targetHints":{"allow":["GET"]}}],"collection":[{"href":"https:\/\/atlanticwatches.ch\/de\/wp-json\/wp\/v2\/product"}],"about":[{"href":"https:\/\/atlanticwatches.ch\/de\/wp-json\/wp\/v2\/types\/product"}],"wp:featuredmedia":[{"embeddable":true,"href":"https:\/\/atlanticwatches.ch\/de\/wp-json\/wp\/v2\/media\/6076"}],"wp:attachment":[{"href":"https:\/\/atlanticwatches.ch\/de\/wp-json\/wp\/v2\/media?parent=6282"}],"wp:term":[{"taxonomy":"product_brand","embeddable":true,"href":"https:\/\/atlanticwatches.ch\/de\/wp-json\/wp\/v2\/product_brand?post=6282"},{"taxonomy":"product_cat","embeddable":true,"href":"https:\/\/atlanticwatches.ch\/de\/wp-json\/wp\/v2\/product_cat?post=6282"},{"taxonomy":"product_tag","embeddable":true,"href":"https:\/\/atlanticwatches.ch\/de\/wp-json\/wp\/v2\/product_tag?post=6282"}],"curies":[{"name":"wp","href":"https:\/\/api.w.org\/{rel}","templated":true}]}}