{"id":6229,"date":"2022-10-13T06:32:30","date_gmt":"2022-10-13T04:32:30","guid":{"rendered":"https:\/\/atlanticwatches.ch\/?post_type=product&#038;p=6229"},"modified":"2025-04-17T10:14:13","modified_gmt":"2025-04-17T08:14:13","slug":"worldmaster-original-handaufzug-grau","status":"publish","type":"product","link":"https:\/\/atlanticwatches.ch\/de\/shop\/herren-uhren\/worldmaster-de\/worldmaster-original-de\/worldmaster-original-handaufzug-grau\/","title":{"rendered":"Worldmaster Original Mechanisch | Grau"},"content":{"rendered":"<p><strong>Die neue Worldmaster Original: atemberaubende mechanische Schweizer Uhr<\/strong><\/p>\n<p>Diese Worldmaster Original ist eine klassische, sch\u00f6ne, authentische Schweizer Uhr mit einem Handaufzugswerk. Sie ist eine wertvolle Erg\u00e4nzung f\u00fcr jede Uhrensammlung und ein ultimativer Blickfang. <\/p>\n<p>Das mechanische Schweizer Uhrwerk Sellita SW210-1, das das schlagende Herz dieses Zeitmessers ist, kann durch den transparenten Geh\u00e4useboden bewundert werden. Der Vintage-Look dieses zeitlosen Modells wird durch das gew\u00f6lbte Saphirglas, das polierte 39-mm-Edelstahlgeh\u00e4use und das Zifferblatt im typischen 50er-Jahre-Look noch verst\u00e4rkt. <\/p>\n<p>Die Worldmaster Original Kollektion besteht aus einer Vielzahl von automatischen und mechanischen Uhren mit Handaufzug. Entdecken Sie sie in unserem Webshop. <\/p>\n<hr>\n<p><a href=\"https:\/\/atlanticwatches.ch\/de\/produkt-kategorie\/herren-uhren\/worldmaster-de\/worldmaster-original-de\/\"><img loading=\"lazy\" decoding=\"async\" class=\"aligncenter wp-image-6231 size-large\" src=\"https:\/\/atlanticwatches.ch\/wp-content\/uploads\/2022\/10\/Worldmaster-Original-Mechanical-Swiss-Watch-1024x682.jpg\" alt=\"\" width=\"1024\" height=\"682\" srcset=\"https:\/\/atlanticwatches.ch\/wp-content\/uploads\/2022\/10\/Worldmaster-Original-Mechanical-Swiss-Watch-1024x682.jpg 1024w, https:\/\/atlanticwatches.ch\/wp-content\/uploads\/2022\/10\/Worldmaster-Original-Mechanical-Swiss-Watch-600x400.jpg 600w, https:\/\/atlanticwatches.ch\/wp-content\/uploads\/2022\/10\/Worldmaster-Original-Mechanical-Swiss-Watch-768x512.jpg 768w, https:\/\/atlanticwatches.ch\/wp-content\/uploads\/2022\/10\/Worldmaster-Original-Mechanical-Swiss-Watch-640x426.jpg 640w, https:\/\/atlanticwatches.ch\/wp-content\/uploads\/2022\/10\/Worldmaster-Original-Mechanical-Swiss-Watch-400x267.jpg 400w\" sizes=\"auto, (max-width: 1024px) 100vw, 1024px\" \/><\/a><\/p>\n","protected":false},"excerpt":{"rendered":"<p><strong>Neu Gr\u00f6\u00dfe: 39mm | Mechanisches Uhrwerk \/ Handaufzug<\/strong><\/p>\n<p>Mit der Atlantic Worldmaster Original findet ein echtes Original den Weg in die Gegenwart.<\/p>\n<p>Ein Zifferblatt im Stil der 50er Jahre, das typische Geh\u00e4use und das gew\u00f6lbte Saphirglas &#8211; all das l\u00e4sst den Geist einer vergangenen \u00c4ra wieder aufleben.<\/p>\n","protected":false},"featured_media":6048,"template":"","meta":[],"product_brand":[],"product_cat":[409,428,434,865,410],"product_tag":[],"class_list":{"0":"post-6229","1":"product","2":"type-product","3":"status-publish","4":"has-post-thumbnail","6":"product_cat-herren-uhren","7":"product_cat-worldmaster-de","8":"product_cat-worldmaster-original-de","9":"product_cat-handaufzug-mechanische-uhren","10":"product_cat-inspiration-fur-sie","12":"first","13":"instock","14":"sold-individually","15":"shipping-taxable","16":"purchasable","17":"product-type-simple"},"_links":{"self":[{"href":"https:\/\/atlanticwatches.ch\/de\/wp-json\/wp\/v2\/product\/6229","targetHints":{"allow":["GET"]}}],"collection":[{"href":"https:\/\/atlanticwatches.ch\/de\/wp-json\/wp\/v2\/product"}],"about":[{"href":"https:\/\/atlanticwatches.ch\/de\/wp-json\/wp\/v2\/types\/product"}],"wp:featuredmedia":[{"embeddable":true,"href":"https:\/\/atlanticwatches.ch\/de\/wp-json\/wp\/v2\/media\/6048"}],"wp:attachment":[{"href":"https:\/\/atlanticwatches.ch\/de\/wp-json\/wp\/v2\/media?parent=6229"}],"wp:term":[{"taxonomy":"product_brand","embeddable":true,"href":"https:\/\/atlanticwatches.ch\/de\/wp-json\/wp\/v2\/product_brand?post=6229"},{"taxonomy":"product_cat","embeddable":true,"href":"https:\/\/atlanticwatches.ch\/de\/wp-json\/wp\/v2\/product_cat?post=6229"},{"taxonomy":"product_tag","embeddable":true,"href":"https:\/\/atlanticwatches.ch\/de\/wp-json\/wp\/v2\/product_tag?post=6229"}],"curies":[{"name":"wp","href":"https:\/\/api.w.org\/{rel}","templated":true}]}}