{"id":6213,"date":"2022-10-11T18:58:32","date_gmt":"2022-10-11T16:58:32","guid":{"rendered":"https:\/\/atlanticwatches.ch\/?post_type=product&#038;p=6213"},"modified":"2025-04-17T10:14:22","modified_gmt":"2025-04-17T08:14:22","slug":"seaflight-new-edition-gents-schwarz-stahl","status":"publish","type":"product","link":"https:\/\/atlanticwatches.ch\/de\/shop\/herren-uhren\/seaflight-de\/seaflight-new-edition-gents-schwarz-stahl\/","title":{"rendered":"Seaflight New Edition Gents Schwarzer Stahl"},"content":{"rendered":"<p><strong>Atlantic Seaflight New Edition Quarzuhr: Ein robuster Begleiter<\/strong><\/p>\n<p>Das moderne Design und die hochwertigen Materialien stehen bei den neuen Seaflight-Modellen im Mittelpunkt. Das Edelstahlgeh\u00e4use und das integrierte Armband sind geb\u00fcrstet, um Reflexionen zu minimieren. <\/p>\n<p>Das Zifferblatt wurde mit Blick auf die Ablesbarkeit entworfen und verf\u00fcgt daher \u00fcber Ziffern und Indexe mit Super-LumiNova, dem ultimativen Leuchtmaterial.<\/p>\n<p>Diese neue Edition besteht aus vier Modellen: schwarzes und blaues Zifferblatt mit entweder einem Lederarmband oder einem geb\u00fcrsteten integrierten Armband. Entdecken Sie jetzt die <a href=\"https:\/\/atlanticwatches.ch\/de\/produkt-kategorie\/herren-uhren\/seaflight-de\/\">Seaflight Kollektion<\/a>. <\/p>\n<hr>\n<p><img loading=\"lazy\" decoding=\"async\" class=\"aligncenter wp-image-6208 size-large\" src=\"https:\/\/atlanticwatches.ch\/wp-content\/uploads\/2022\/10\/Atlantic-Seaflight-New-Edition-1024x682.jpg\" alt=\"\" width=\"1024\" height=\"682\" srcset=\"https:\/\/atlanticwatches.ch\/wp-content\/uploads\/2022\/10\/Atlantic-Seaflight-New-Edition-1024x682.jpg 1024w, https:\/\/atlanticwatches.ch\/wp-content\/uploads\/2022\/10\/Atlantic-Seaflight-New-Edition-600x400.jpg 600w, https:\/\/atlanticwatches.ch\/wp-content\/uploads\/2022\/10\/Atlantic-Seaflight-New-Edition-768x512.jpg 768w, https:\/\/atlanticwatches.ch\/wp-content\/uploads\/2022\/10\/Atlantic-Seaflight-New-Edition-640x426.jpg 640w, https:\/\/atlanticwatches.ch\/wp-content\/uploads\/2022\/10\/Atlantic-Seaflight-New-Edition-400x267.jpg 400w\" sizes=\"auto, (max-width: 1024px) 100vw, 1024px\" \/><\/p>\n","protected":false},"excerpt":{"rendered":"<p><strong>QUARZ | NEUE AUSGABE<\/strong><\/p>\n<p>Robust, sportlich und zeitlos. Die Atlantic Seaflight Kollektion ist wie geschaffen f\u00fcr Action. Sie ist der perfekte Begleiter f\u00fcr alle, die einen aktiven Lebensstil f\u00fchren.  <\/p>\n<p>Dies ist der perfekte Zeitmesser f\u00fcr diejenigen, die einen robusten, sportlichen und hochpr\u00e4zisen Zeitmesser suchen, der sie Tag und Nacht begleitet.<\/p>\n","protected":false},"featured_media":6034,"template":"","meta":[],"product_brand":[],"product_cat":[409,414,457,410],"product_tag":[],"class_list":{"0":"post-6213","1":"product","2":"type-product","3":"status-publish","4":"has-post-thumbnail","6":"product_cat-herren-uhren","7":"product_cat-seaflight-de","8":"product_cat-quarz-uhren","9":"product_cat-inspiration-fur-sie","11":"first","12":"instock","13":"shipping-taxable","14":"purchasable","15":"product-type-simple"},"_links":{"self":[{"href":"https:\/\/atlanticwatches.ch\/de\/wp-json\/wp\/v2\/product\/6213","targetHints":{"allow":["GET"]}}],"collection":[{"href":"https:\/\/atlanticwatches.ch\/de\/wp-json\/wp\/v2\/product"}],"about":[{"href":"https:\/\/atlanticwatches.ch\/de\/wp-json\/wp\/v2\/types\/product"}],"wp:featuredmedia":[{"embeddable":true,"href":"https:\/\/atlanticwatches.ch\/de\/wp-json\/wp\/v2\/media\/6034"}],"wp:attachment":[{"href":"https:\/\/atlanticwatches.ch\/de\/wp-json\/wp\/v2\/media?parent=6213"}],"wp:term":[{"taxonomy":"product_brand","embeddable":true,"href":"https:\/\/atlanticwatches.ch\/de\/wp-json\/wp\/v2\/product_brand?post=6213"},{"taxonomy":"product_cat","embeddable":true,"href":"https:\/\/atlanticwatches.ch\/de\/wp-json\/wp\/v2\/product_cat?post=6213"},{"taxonomy":"product_tag","embeddable":true,"href":"https:\/\/atlanticwatches.ch\/de\/wp-json\/wp\/v2\/product_tag?post=6213"}],"curies":[{"name":"wp","href":"https:\/\/api.w.org\/{rel}","templated":true}]}}