{"id":6203,"date":"2022-10-11T15:55:28","date_gmt":"2022-10-11T13:55:28","guid":{"rendered":"https:\/\/atlanticwatches.ch\/?post_type=product&#038;p=6203"},"modified":"2025-04-17T10:14:21","modified_gmt":"2025-04-17T08:14:21","slug":"worldmaster-open-heart-le-chocolate","status":"publish","type":"product","link":"https:\/\/atlanticwatches.ch\/de\/shop\/herren-uhren\/worldmaster-de\/worldmaster-open-heart-limited-edition-de\/worldmaster-open-heart-le-chocolate\/","title":{"rendered":"Worldmaster Open Heart Limited Edition | Schokolade"},"content":{"rendered":"<p><strong>Worldmaster Open Heart Automatic Dress Watch: Das perfekte St\u00fcck Luxus f\u00fcr Ihr Handgelenk<\/strong><\/p>\n<p>Diese neue Atlantic Worldmaster hat ein offenes Herz auf dem Zifferblatt und einen durchsichtigen Geh\u00e4useboden, um die Sch\u00f6nheit und die Komplikationen des Automatikwerks zu enth\u00fcllen. Dieser Zeitmesser ist aus hochwertigen Materialien gefertigt und gl\u00e4nzt mit Raffinesse und ultimativer Sch\u00f6nheit.  Limitierte Auflage mit nur 888 St\u00fcck.<\/p>\n<hr>\n<p><img loading=\"lazy\" decoding=\"async\" class=\"aligncenter wp-image-6204 size-large\" src=\"https:\/\/atlanticwatches.ch\/wp-content\/uploads\/2022\/10\/Atlantic-Worldmaster-Open-Heart-Automatic-Limited-Edition-1024x682.jpg\" alt=\"\" width=\"1024\" height=\"682\" srcset=\"https:\/\/atlanticwatches.ch\/wp-content\/uploads\/2022\/10\/Atlantic-Worldmaster-Open-Heart-Automatic-Limited-Edition-1024x682.jpg 1024w, https:\/\/atlanticwatches.ch\/wp-content\/uploads\/2022\/10\/Atlantic-Worldmaster-Open-Heart-Automatic-Limited-Edition-600x400.jpg 600w, https:\/\/atlanticwatches.ch\/wp-content\/uploads\/2022\/10\/Atlantic-Worldmaster-Open-Heart-Automatic-Limited-Edition-768x512.jpg 768w, https:\/\/atlanticwatches.ch\/wp-content\/uploads\/2022\/10\/Atlantic-Worldmaster-Open-Heart-Automatic-Limited-Edition-640x426.jpg 640w, https:\/\/atlanticwatches.ch\/wp-content\/uploads\/2022\/10\/Atlantic-Worldmaster-Open-Heart-Automatic-Limited-Edition-400x267.jpg 400w\" sizes=\"auto, (max-width: 1024px) 100vw, 1024px\" \/><\/p>\n","protected":false},"excerpt":{"rendered":"<p><strong>AUTOMATISCH | LIMITIERTE AUFLAGE  <\/strong><\/p>\n<p>Eine klassische Armbanduhr ist ein Accessoire, das jeder Mensch braucht. Sie ist nicht nur Ihr allt\u00e4glicher Zeitmesser, sondern der raffinierte letzte Schliff f\u00fcr Ihr Outfit und hebt Ihren Look jedes Mal auf ein neues Niveau. <\/p>\n","protected":false},"featured_media":6066,"template":"","meta":[],"product_brand":[],"product_cat":[409,428,773,453,411,410],"product_tag":[],"class_list":{"0":"post-6203","1":"product","2":"type-product","3":"status-publish","4":"has-post-thumbnail","6":"product_cat-herren-uhren","7":"product_cat-worldmaster-de","8":"product_cat-worldmaster-open-heart-limited-edition-de","9":"product_cat-limited-edition-watches-de","10":"product_cat-automatik-uhren","11":"product_cat-inspiration-fur-sie","13":"first","14":"instock","15":"shipping-taxable","16":"purchasable","17":"product-type-simple"},"_links":{"self":[{"href":"https:\/\/atlanticwatches.ch\/de\/wp-json\/wp\/v2\/product\/6203","targetHints":{"allow":["GET"]}}],"collection":[{"href":"https:\/\/atlanticwatches.ch\/de\/wp-json\/wp\/v2\/product"}],"about":[{"href":"https:\/\/atlanticwatches.ch\/de\/wp-json\/wp\/v2\/types\/product"}],"wp:featuredmedia":[{"embeddable":true,"href":"https:\/\/atlanticwatches.ch\/de\/wp-json\/wp\/v2\/media\/6066"}],"wp:attachment":[{"href":"https:\/\/atlanticwatches.ch\/de\/wp-json\/wp\/v2\/media?parent=6203"}],"wp:term":[{"taxonomy":"product_brand","embeddable":true,"href":"https:\/\/atlanticwatches.ch\/de\/wp-json\/wp\/v2\/product_brand?post=6203"},{"taxonomy":"product_cat","embeddable":true,"href":"https:\/\/atlanticwatches.ch\/de\/wp-json\/wp\/v2\/product_cat?post=6203"},{"taxonomy":"product_tag","embeddable":true,"href":"https:\/\/atlanticwatches.ch\/de\/wp-json\/wp\/v2\/product_tag?post=6203"}],"curies":[{"name":"wp","href":"https:\/\/api.w.org\/{rel}","templated":true}]}}