{"id":6191,"date":"2020-10-30T05:25:13","date_gmt":"2020-10-30T04:25:13","guid":{"rendered":"https:\/\/atlanticwatches.ch\/shop\/unkategorisiert\/sealine-ladies-bn-leder-2769\/"},"modified":"2020-10-30T05:25:13","modified_gmt":"2020-10-30T04:25:13","slug":"sealine-ladies-bn-leder-2769","status":"publish","type":"product","link":"https:\/\/atlanticwatches.ch\/de\/shop\/damen-uhren\/sealine-ladies-de\/sealine-ladies-bn-leder-2769\/","title":{"rendered":"Sealine Ladies BN Leder | 2769"},"content":{"rendered":"","protected":false},"excerpt":{"rendered":"<p>Die Atlantic Sealine Ladies Collection bietet zeitlose und elegante Damenuhren, die aus hochwertigen Materialien gefertigt sind.<\/p>\n<p>Das polierte Edelstahlgeh\u00e4use beherbergt ein pr\u00e4zises ETA F03.111-Quarzwerk, das die Uhr zu einem sehr attraktiven Preis zu einer gro\u00dfartigen Schweizer Uhr f\u00fcr den t\u00e4glichen Gebrauch macht.<\/p>\n","protected":false},"featured_media":1150,"template":"","meta":[],"product_brand":[],"product_cat":[436,451,457],"product_tag":[],"class_list":{"0":"post-6191","1":"product","2":"type-product","3":"status-publish","4":"has-post-thumbnail","6":"product_cat-damen-uhren","7":"product_cat-sealine-ladies-de","8":"product_cat-quarz-uhren","10":"first","11":"instock","12":"shipping-taxable","13":"purchasable","14":"product-type-simple"},"_links":{"self":[{"href":"https:\/\/atlanticwatches.ch\/de\/wp-json\/wp\/v2\/product\/6191","targetHints":{"allow":["GET"]}}],"collection":[{"href":"https:\/\/atlanticwatches.ch\/de\/wp-json\/wp\/v2\/product"}],"about":[{"href":"https:\/\/atlanticwatches.ch\/de\/wp-json\/wp\/v2\/types\/product"}],"wp:featuredmedia":[{"embeddable":true,"href":"https:\/\/atlanticwatches.ch\/de\/wp-json\/wp\/v2\/media\/1150"}],"wp:attachment":[{"href":"https:\/\/atlanticwatches.ch\/de\/wp-json\/wp\/v2\/media?parent=6191"}],"wp:term":[{"taxonomy":"product_brand","embeddable":true,"href":"https:\/\/atlanticwatches.ch\/de\/wp-json\/wp\/v2\/product_brand?post=6191"},{"taxonomy":"product_cat","embeddable":true,"href":"https:\/\/atlanticwatches.ch\/de\/wp-json\/wp\/v2\/product_cat?post=6191"},{"taxonomy":"product_tag","embeddable":true,"href":"https:\/\/atlanticwatches.ch\/de\/wp-json\/wp\/v2\/product_tag?post=6191"}],"curies":[{"name":"wp","href":"https:\/\/api.w.org\/{rel}","templated":true}]}}