{"id":6187,"date":"2020-10-29T16:54:27","date_gmt":"2020-10-29T15:54:27","guid":{"rendered":"https:\/\/atlanticwatches.ch\/shop\/unkategorisiert\/seaport-moonphase-schwarz-silber-7464\/"},"modified":"2026-02-23T15:40:16","modified_gmt":"2026-02-23T14:40:16","slug":"silver-dial-black-leather-7464","status":"publish","type":"product","link":"https:\/\/atlanticwatches.ch\/de\/shop\/herren-uhren\/seaport-de\/seaport-moonphase-de\/silver-dial-black-leather-7464\/","title":{"rendered":"Seaport Moonphase Silber &amp; Schwarz"},"content":{"rendered":"","protected":false},"excerpt":{"rendered":"<p>Die Atlantic Seaport Moonphase ist eine atemberaubende Kollektion zeitloser und eleganter Uhren, die einen unverg\u00e4nglichen Reiz aus\u00fcben und unabh\u00e4ngig vom individuellen Stil an das Handgelenk aller M\u00e4nner passen. Mit dem gew\u00f6lbten Saphirglas, den handapplizierten Indexen und dem wundersch\u00f6n gearbeiteten Edelstahlgeh\u00e4use ist die Seaport Moonphase ein wunderbares Beispiel f\u00fcr hochwertige Schweizer Uhrmacherkunst. <\/p>\n","protected":false},"featured_media":943,"template":"","meta":[],"product_brand":[],"product_cat":[409,421,457],"product_tag":[],"class_list":{"0":"post-6187","1":"product","2":"type-product","3":"status-publish","4":"has-post-thumbnail","6":"product_cat-herren-uhren","7":"product_cat-seaport-moonphase-de","8":"product_cat-quarz-uhren","10":"first","11":"outofstock","12":"shipping-taxable","13":"purchasable","14":"product-type-simple"},"_links":{"self":[{"href":"https:\/\/atlanticwatches.ch\/de\/wp-json\/wp\/v2\/product\/6187","targetHints":{"allow":["GET"]}}],"collection":[{"href":"https:\/\/atlanticwatches.ch\/de\/wp-json\/wp\/v2\/product"}],"about":[{"href":"https:\/\/atlanticwatches.ch\/de\/wp-json\/wp\/v2\/types\/product"}],"wp:featuredmedia":[{"embeddable":true,"href":"https:\/\/atlanticwatches.ch\/de\/wp-json\/wp\/v2\/media\/943"}],"wp:attachment":[{"href":"https:\/\/atlanticwatches.ch\/de\/wp-json\/wp\/v2\/media?parent=6187"}],"wp:term":[{"taxonomy":"product_brand","embeddable":true,"href":"https:\/\/atlanticwatches.ch\/de\/wp-json\/wp\/v2\/product_brand?post=6187"},{"taxonomy":"product_cat","embeddable":true,"href":"https:\/\/atlanticwatches.ch\/de\/wp-json\/wp\/v2\/product_cat?post=6187"},{"taxonomy":"product_tag","embeddable":true,"href":"https:\/\/atlanticwatches.ch\/de\/wp-json\/wp\/v2\/product_tag?post=6187"}],"curies":[{"name":"wp","href":"https:\/\/api.w.org\/{rel}","templated":true}]}}