{"id":6000,"date":"2020-10-26T08:02:18","date_gmt":"2020-10-26T07:02:18","guid":{"rendered":"https:\/\/atlanticwatches.ch\/shop\/unkategorisiert\/seapair-gents-blau-7969\/"},"modified":"2025-11-17T04:04:03","modified_gmt":"2025-11-17T03:04:03","slug":"blue-steel-7969","status":"publish","type":"product","link":"https:\/\/atlanticwatches.ch\/de\/shop\/herren-uhren\/seapair-gents-de\/blue-steel-7969\/","title":{"rendered":"Seapair Herren Quarz | Marineblaues Edelstahl"},"content":{"rendered":"","protected":false},"excerpt":{"rendered":"<p>Die Atlantic Seapair Kollektion bietet passende Modelle f\u00fcr Damen und Herren. Modernes und zeitloses Design sorgen f\u00fcr einen eleganten und klassischen Look f\u00fcr jede Gelegenheit &#8211; Tag und Nacht. <\/p>\n","protected":false},"featured_media":1031,"template":"","meta":[],"product_brand":[],"product_cat":[409,420,457],"product_tag":[],"class_list":{"0":"post-6000","1":"product","2":"type-product","3":"status-publish","4":"has-post-thumbnail","6":"product_cat-herren-uhren","7":"product_cat-seapair-gents-de","8":"product_cat-quarz-uhren","10":"first","11":"instock","12":"shipping-taxable","13":"purchasable","14":"product-type-simple"},"_links":{"self":[{"href":"https:\/\/atlanticwatches.ch\/de\/wp-json\/wp\/v2\/product\/6000","targetHints":{"allow":["GET"]}}],"collection":[{"href":"https:\/\/atlanticwatches.ch\/de\/wp-json\/wp\/v2\/product"}],"about":[{"href":"https:\/\/atlanticwatches.ch\/de\/wp-json\/wp\/v2\/types\/product"}],"wp:featuredmedia":[{"embeddable":true,"href":"https:\/\/atlanticwatches.ch\/de\/wp-json\/wp\/v2\/media\/1031"}],"wp:attachment":[{"href":"https:\/\/atlanticwatches.ch\/de\/wp-json\/wp\/v2\/media?parent=6000"}],"wp:term":[{"taxonomy":"product_brand","embeddable":true,"href":"https:\/\/atlanticwatches.ch\/de\/wp-json\/wp\/v2\/product_brand?post=6000"},{"taxonomy":"product_cat","embeddable":true,"href":"https:\/\/atlanticwatches.ch\/de\/wp-json\/wp\/v2\/product_cat?post=6000"},{"taxonomy":"product_tag","embeddable":true,"href":"https:\/\/atlanticwatches.ch\/de\/wp-json\/wp\/v2\/product_tag?post=6000"}],"curies":[{"name":"wp","href":"https:\/\/api.w.org\/{rel}","templated":true}]}}